{"id":729261,"date":"2025-08-27T20:53:16","date_gmt":"2025-08-27T17:53:16","guid":{"rendered":"https:\/\/roveyayinevi.com.tr\/index.php\/urun\/insanin-iyilikleri-suya-kotulukleri-mermere-yazilir\/"},"modified":"2026-04-08T02:46:07","modified_gmt":"2026-04-07T23:46:07","slug":"insanin-iyilikleri-suya-kotulukleri-mermere-yazilir","status":"publish","type":"product","link":"https:\/\/roveyayinevi.com.tr\/index.php\/urun\/insanin-iyilikleri-suya-kotulukleri-mermere-yazilir\/","title":{"rendered":"\u0130nsan\u0131n \u0130yilikleri Suya K\u00f6t\u00fcl\u00fckleri Mermere Yaz\u0131l\u0131r"},"content":{"rendered":"<p>Modern hayat\u0131n ko\u015fu\u015fturmacas\u0131nda Shakespeare okumaya vakit bulamayan fakat zamans\u0131z bir ku\u015fat\u0131c\u0131l\u0131\u011f\u0131n \u00f6rnekleri olarak \u00f6n\u00fcm\u00fczde duran eserlerindeki sanatsal dehas\u0131yla tan\u0131\u015fmak ve ya\u015fam\u0131 hakk\u0131nda bilgi edinmek isteyen okuyucular, bu dev s\u00f6z ustas\u0131n\u0131n g\u00f6rkemli d\u00fcnyas\u0131na elinizde tuttu\u011funuz kitapla bir ba\u015flang\u0131\u00e7 yapabilirler.    * \u015eunu iyi bil ki i\u015fine geldi\u011finde \u015feytan da Kutsal Kitap\u2019tan \u00f6rnekler verebilir.   * \u015eimdiye kadar hi\u00e7 g\u00f6rmedim ben, kulak yoluyla iyile\u015ftirildi\u011fini y\u00fcrek ac\u0131s\u0131n\u0131n.   * Hangi garanti, hangi umut, hangi destek beklenir bu d\u00fcnyadan, \u015eimdi toprak oluyorsa az \u00f6nce kral olan?   * \u0130nsan\u0131n iste\u011fi sonsuz, elinden gelen s\u0131n\u0131rl\u0131; arzusu u\u00e7suz bucaks\u0131z, yapabildi\u011fi \u015feyse hi\u00e7tir.   * Bu bedenin i\u00e7inde bir ruh varken krall\u0131k bile dar geliyordu ona. Oysa \u015fimdi iki ad\u0131m i\u011fren\u00e7 topra\u011fa ne de rahat s\u0131\u011f\u0131yor.   * Eski bir inan\u0131\u015fa g\u00f6re her i\u00e7 \u00e7eki\u015fte kalp bir damla kan kaybedermi\u015f.   * Anla\u015f\u0131lan, derin kederler iyile\u015ftiriyor daha hafiflerini. <\/p>\n","protected":false},"excerpt":{"rendered":"<p>Modern hayat\u0131n ko\u015fu\u015fturmacas\u0131nda Shakespeare okumaya vakit bulamayan fakat zamans\u0131z bir ku\u015fat\u0131c\u0131l\u0131\u011f\u0131n \u00f6rnekleri olarak \u00f6n\u00fcm\u00fczde duran eserlerindeki sanatsal dehas\u0131yla tan\u0131\u015fmak ve ya\u015fam\u0131 hakk\u0131nda bilgi edinmek isteyen okuyucular,<span class=\"excerpt-hellip\"> [\u2026]<\/span><\/p>\n","protected":false},"featured_media":0,"template":"","meta":{"_monsterinsights_skip_tracking":false,"_monsterinsights_sitenote_active":false,"_monsterinsights_sitenote_note":"","_monsterinsights_sitenote_category":0},"product_brand":[],"product_cat":[12364,12376],"product_tag":[],"class_list":{"0":"post-729261","1":"product","2":"type-product","3":"status-publish","5":"product_cat-genel-konular","6":"product_cat-kisisel-gelisim","7":"pa_cilt-ciltsiz","8":"pa_tur-kitap","9":"pa_yayinevi-hayykitap","10":"pa_yazar-william-shakespeare","12":"first","13":"instock","14":"sale","15":"shipping-taxable","16":"purchasable","17":"product-type-simple"},"_links":{"self":[{"href":"https:\/\/roveyayinevi.com.tr\/index.php\/wp-json\/wp\/v2\/product\/729261","targetHints":{"allow":["GET"]}}],"collection":[{"href":"https:\/\/roveyayinevi.com.tr\/index.php\/wp-json\/wp\/v2\/product"}],"about":[{"href":"https:\/\/roveyayinevi.com.tr\/index.php\/wp-json\/wp\/v2\/types\/product"}],"wp:attachment":[{"href":"https:\/\/roveyayinevi.com.tr\/index.php\/wp-json\/wp\/v2\/media?parent=729261"}],"wp:term":[{"taxonomy":"product_brand","embeddable":true,"href":"https:\/\/roveyayinevi.com.tr\/index.php\/wp-json\/wp\/v2\/product_brand?post=729261"},{"taxonomy":"product_cat","embeddable":true,"href":"https:\/\/roveyayinevi.com.tr\/index.php\/wp-json\/wp\/v2\/product_cat?post=729261"},{"taxonomy":"product_tag","embeddable":true,"href":"https:\/\/roveyayinevi.com.tr\/index.php\/wp-json\/wp\/v2\/product_tag?post=729261"}],"curies":[{"name":"wp","href":"https:\/\/api.w.org\/{rel}","templated":true}]}}