{"id":729260,"date":"2025-08-27T20:53:15","date_gmt":"2025-08-27T17:53:15","guid":{"rendered":"https:\/\/roveyayinevi.com.tr\/index.php\/urun\/tas-corbasi\/"},"modified":"2026-04-16T02:37:05","modified_gmt":"2026-04-15T23:37:05","slug":"tas-corbasi","status":"publish","type":"product","link":"https:\/\/roveyayinevi.com.tr\/index.php\/urun\/tas-corbasi\/","title":{"rendered":"Ta\u015f \u00c7orbas\u0131"},"content":{"rendered":"<p>Bah\u00e7elerinden bereket ta\u015fan bir k\u00f6y vard\u0131. Fakat bu k\u00f6yde her evin etraf\u0131 kal\u0131n duvarlarla \u00e7evriliydi, kimse payla\u015fmay\u0131 bilmezdi. Derken k\u00f6ye bir gezgin geldi. Cebinden bir ta\u015f \u00e7\u0131kard\u0131, meydanda ate\u015f yakt\u0131, ba\u015flad\u0131 \u00e7orbas\u0131n\u0131 pi\u015firmeye. K\u00f6yl\u00fcler yava\u015f yava\u015f topland\u0131lar kazan\u0131n ba\u015f\u0131na, lezzet katt\u0131lar \u00e7orbaya&#8230;Judith Malika Liberman \u201c\u015eark\u0131l\u0131 Masallar\u201d serisinde geleneksel masallar\u0131 yeniden yorumluyor. \u00c7ok sevilen \u00d6nce Hayal\u2019in ard\u0131ndan Ta\u015f \u00c7orbas\u0131\u2019n\u0131 da Liberman\u2019\u0131n anlat\u0131m\u0131 ve \u015fark\u0131lar\u0131 ile YouTube ve SoundCloud platformlar\u0131ndan dinleyebilir, b\u00f6ylece masal anlat\u0131m\u0131 konusunda rehberli\u011finden ilham alabilirsiniz. Bunun i\u00e7in kitab\u0131n arka kapa\u011f\u0131nda yer alan karekodu telefon ya da tabletinize okutman\u0131z yeterli.Zeynep \u00d6zatalay\u2019\u0131n resimleri ise kitaba e\u015fsiz bir canl\u0131l\u0131k ve ne\u015fe kat\u0131yor.<\/p>\n","protected":false},"excerpt":{"rendered":"<p>Bah\u00e7elerinden bereket ta\u015fan bir k\u00f6y vard\u0131. Fakat bu k\u00f6yde her evin etraf\u0131 kal\u0131n duvarlarla \u00e7evriliydi, kimse payla\u015fmay\u0131 bilmezdi. Derken k\u00f6ye bir gezgin geldi. Cebinden bir ta\u015f<span class=\"excerpt-hellip\"> [\u2026]<\/span><\/p>\n","protected":false},"featured_media":0,"template":"","meta":{"_monsterinsights_skip_tracking":false,"_monsterinsights_sitenote_active":false,"_monsterinsights_sitenote_note":"","_monsterinsights_sitenote_category":0},"product_brand":[],"product_cat":[12275,12274],"product_tag":[],"class_list":{"0":"post-729260","1":"product","2":"type-product","3":"status-publish","5":"product_cat-6-12-yas-kitaplari","6":"product_cat-cocuk-ve-genclik-kitaplari","7":"pa_cilt-ciltsiz","8":"pa_tur-kitap","9":"pa_yayinevi-redhouse-kidz-yayinlari","10":"pa_yazar-judith-malika-liberman","12":"first","13":"instock","14":"sale","15":"shipping-taxable","16":"purchasable","17":"product-type-simple"},"_links":{"self":[{"href":"https:\/\/roveyayinevi.com.tr\/index.php\/wp-json\/wp\/v2\/product\/729260","targetHints":{"allow":["GET"]}}],"collection":[{"href":"https:\/\/roveyayinevi.com.tr\/index.php\/wp-json\/wp\/v2\/product"}],"about":[{"href":"https:\/\/roveyayinevi.com.tr\/index.php\/wp-json\/wp\/v2\/types\/product"}],"wp:attachment":[{"href":"https:\/\/roveyayinevi.com.tr\/index.php\/wp-json\/wp\/v2\/media?parent=729260"}],"wp:term":[{"taxonomy":"product_brand","embeddable":true,"href":"https:\/\/roveyayinevi.com.tr\/index.php\/wp-json\/wp\/v2\/product_brand?post=729260"},{"taxonomy":"product_cat","embeddable":true,"href":"https:\/\/roveyayinevi.com.tr\/index.php\/wp-json\/wp\/v2\/product_cat?post=729260"},{"taxonomy":"product_tag","embeddable":true,"href":"https:\/\/roveyayinevi.com.tr\/index.php\/wp-json\/wp\/v2\/product_tag?post=729260"}],"curies":[{"name":"wp","href":"https:\/\/api.w.org\/{rel}","templated":true}]}}