{"id":729257,"date":"2025-08-27T20:53:12","date_gmt":"2025-08-27T17:53:12","guid":{"rendered":"https:\/\/roveyayinevi.com.tr\/index.php\/urun\/gece-yarisi-canavarlar-geldiginde\/"},"modified":"2026-04-16T02:37:05","modified_gmt":"2026-04-15T23:37:05","slug":"gece-yarisi-canavarlar-geldiginde","status":"publish","type":"product","link":"https:\/\/roveyayinevi.com.tr\/index.php\/urun\/gece-yarisi-canavarlar-geldiginde\/","title":{"rendered":"Gece Yar\u0131s\u0131, Canavarlar Geldi\u011finde"},"content":{"rendered":"<p>Yata\u011f\u0131n\u0131n yan\u0131na bir \u00e7ift spor ayakkab\u0131s\u0131 koy!\u201d \u201cYatmadan \u00f6nce \u0131l\u0131k su\u0308t i\u00e7!\u201d \u201cKorkun\u00e7 televizyon programlar\u0131 izlemeyi b\u0131rak!\u201d   Leo k\u00e2buslardan mustariptir ve bu\u0308yu\u0308kannesinden \u00f6\u011fretmenine, herkesin bu konuda verece\u011fi bir tavsiye vard\u0131r. Gelgelelim hi\u00e7birinin faydas\u0131 dokunmaz. Canavarlar, hayaletler ve u\u0308rku\u0308tu\u0308cu\u0308 hayvanlar uykusunda Leo\u2019yu kovalamaya devam eder. Neredeyse her yolu denedi\u011fini du\u0308\u015fu\u0308nen Leo, biraz ara\u015ft\u0131rma yapmak u\u0308zere ku\u0308tu\u0308phaneye gider. Orada, Malezya\u2019daki eski bir kabile hakk\u0131nda bir kitap bulur. Bu kabile, k\u00e2buslardan kurtulman\u0131n yolunu bilmektedir. Peki y\u00f6ntemleri Leo\u2019nun da i\u015fine yarayacak m\u0131d\u0131r?   Korkularla ba\u015f etmek u\u0308zerine yol g\u00f6sterici bir hik\u00e2ye!<\/p>\n","protected":false},"excerpt":{"rendered":"<p>Yata\u011f\u0131n\u0131n yan\u0131na bir \u00e7ift spor ayakkab\u0131s\u0131 koy!\u201d \u201cYatmadan \u00f6nce \u0131l\u0131k su\u0308t i\u00e7!\u201d \u201cKorkun\u00e7 televizyon programlar\u0131 izlemeyi b\u0131rak!\u201d Leo k\u00e2buslardan mustariptir ve bu\u0308yu\u0308kannesinden \u00f6\u011fretmenine, herkesin bu konuda<span class=\"excerpt-hellip\"> [\u2026]<\/span><\/p>\n","protected":false},"featured_media":0,"template":"","meta":{"_monsterinsights_skip_tracking":false,"_monsterinsights_sitenote_active":false,"_monsterinsights_sitenote_note":"","_monsterinsights_sitenote_category":0},"product_brand":[],"product_cat":[12274,12284],"product_tag":[],"class_list":{"0":"post-729257","1":"product","2":"type-product","3":"status-publish","5":"product_cat-cocuk-ve-genclik-kitaplari","6":"product_cat-hikayeler","7":"pa_cilt-ciltsiz","8":"pa_tur-kitap","9":"pa_yayinevi-can-cocuk-yayinlari","10":"pa_yazar-victor-spoormaker-bouwien-jansen","12":"first","13":"instock","14":"sale","15":"shipping-taxable","16":"purchasable","17":"product-type-simple"},"_links":{"self":[{"href":"https:\/\/roveyayinevi.com.tr\/index.php\/wp-json\/wp\/v2\/product\/729257","targetHints":{"allow":["GET"]}}],"collection":[{"href":"https:\/\/roveyayinevi.com.tr\/index.php\/wp-json\/wp\/v2\/product"}],"about":[{"href":"https:\/\/roveyayinevi.com.tr\/index.php\/wp-json\/wp\/v2\/types\/product"}],"wp:attachment":[{"href":"https:\/\/roveyayinevi.com.tr\/index.php\/wp-json\/wp\/v2\/media?parent=729257"}],"wp:term":[{"taxonomy":"product_brand","embeddable":true,"href":"https:\/\/roveyayinevi.com.tr\/index.php\/wp-json\/wp\/v2\/product_brand?post=729257"},{"taxonomy":"product_cat","embeddable":true,"href":"https:\/\/roveyayinevi.com.tr\/index.php\/wp-json\/wp\/v2\/product_cat?post=729257"},{"taxonomy":"product_tag","embeddable":true,"href":"https:\/\/roveyayinevi.com.tr\/index.php\/wp-json\/wp\/v2\/product_tag?post=729257"}],"curies":[{"name":"wp","href":"https:\/\/api.w.org\/{rel}","templated":true}]}}