{"id":729256,"date":"2025-08-27T20:53:11","date_gmt":"2025-08-27T17:53:11","guid":{"rendered":"https:\/\/roveyayinevi.com.tr\/index.php\/urun\/aylaklar-kumsali\/"},"modified":"2026-04-16T02:37:05","modified_gmt":"2026-04-15T23:37:05","slug":"aylaklar-kumsali","status":"publish","type":"product","link":"https:\/\/roveyayinevi.com.tr\/index.php\/urun\/aylaklar-kumsali\/","title":{"rendered":"Aylaklar Kumsal\u0131"},"content":{"rendered":"<p>\u201c\u0130smim Sof\u00eda. On bir bu\u00e7uk ya\u015f\u0131nday\u0131m, bu\u0308yu\u0308yu\u0308nce aylak olmak istiyorum.\u201d   Sof\u00eda, k\u0131\u015f\u0131n kumsalda ke\u015ffe \u00e7\u0131kmay\u0131 seven bir hayalperesttir, mu\u0308zik ve resmi matemati\u011fe tercih eder. Bir gu\u0308n derste \u00f6\u011fretmenine bu\u0308yu\u0308yu\u0308nce aylak olmak istedi\u011fini s\u00f6yleyince annesi ve babas\u0131 okula \u00e7a\u011fr\u0131l\u0131r. Yanl\u0131\u015f anla\u015f\u0131ld\u0131\u011f\u0131 hissine kap\u0131lan Sofia, du\u0308\u015fu\u0308ncelerini yaz\u0131ya d\u00f6kmeye karar verir.   \u201cAylaklar Kumsal\u0131\u201d kendi yeteneklerini ve ilgi alanlar\u0131n\u0131 ke\u015ffetmeye dair, bilgelikle dolu bir hik\u00e2ye. <\/p>\n","protected":false},"excerpt":{"rendered":"<p>\u201c\u0130smim Sof\u00eda. On bir bu\u00e7uk ya\u015f\u0131nday\u0131m, bu\u0308yu\u0308yu\u0308nce aylak olmak istiyorum.\u201d Sof\u00eda, k\u0131\u015f\u0131n kumsalda ke\u015ffe \u00e7\u0131kmay\u0131 seven bir hayalperesttir, mu\u0308zik ve resmi matemati\u011fe tercih eder. Bir gu\u0308n<span class=\"excerpt-hellip\"> [\u2026]<\/span><\/p>\n","protected":false},"featured_media":0,"template":"","meta":{"_monsterinsights_skip_tracking":false,"_monsterinsights_sitenote_active":false,"_monsterinsights_sitenote_note":"","_monsterinsights_sitenote_category":0},"product_brand":[],"product_cat":[12275,12274],"product_tag":[],"class_list":{"0":"post-729256","1":"product","2":"type-product","3":"status-publish","5":"product_cat-6-12-yas-kitaplari","6":"product_cat-cocuk-ve-genclik-kitaplari","7":"pa_cilt-ciltsiz","8":"pa_tur-kitap","9":"pa_yayinevi-can-cocuk-yayinlari","10":"pa_yazar-alex-nogues","12":"first","13":"instock","14":"sale","15":"shipping-taxable","16":"purchasable","17":"product-type-simple"},"_links":{"self":[{"href":"https:\/\/roveyayinevi.com.tr\/index.php\/wp-json\/wp\/v2\/product\/729256","targetHints":{"allow":["GET"]}}],"collection":[{"href":"https:\/\/roveyayinevi.com.tr\/index.php\/wp-json\/wp\/v2\/product"}],"about":[{"href":"https:\/\/roveyayinevi.com.tr\/index.php\/wp-json\/wp\/v2\/types\/product"}],"wp:attachment":[{"href":"https:\/\/roveyayinevi.com.tr\/index.php\/wp-json\/wp\/v2\/media?parent=729256"}],"wp:term":[{"taxonomy":"product_brand","embeddable":true,"href":"https:\/\/roveyayinevi.com.tr\/index.php\/wp-json\/wp\/v2\/product_brand?post=729256"},{"taxonomy":"product_cat","embeddable":true,"href":"https:\/\/roveyayinevi.com.tr\/index.php\/wp-json\/wp\/v2\/product_cat?post=729256"},{"taxonomy":"product_tag","embeddable":true,"href":"https:\/\/roveyayinevi.com.tr\/index.php\/wp-json\/wp\/v2\/product_tag?post=729256"}],"curies":[{"name":"wp","href":"https:\/\/api.w.org\/{rel}","templated":true}]}}