{"id":729255,"date":"2025-08-27T20:53:11","date_gmt":"2025-08-27T17:53:11","guid":{"rendered":"https:\/\/roveyayinevi.com.tr\/index.php\/urun\/ciplak-kadin\/"},"modified":"2026-04-16T02:37:05","modified_gmt":"2026-04-15T23:37:05","slug":"ciplak-kadin","status":"publish","type":"product","link":"https:\/\/roveyayinevi.com.tr\/index.php\/urun\/ciplak-kadin\/","title":{"rendered":"\u00c7\u0131plak Kad\u0131n"},"content":{"rendered":"<p>er kad\u0131n\u0131n v\u00fccudu g\u00fczeldir. Ge\u00e7irdi\u011fi milyonlarca y\u0131ll\u0131k evrim sonucunda ak\u0131llara durgunluk verecek de\u011fi\u015fikliklere u\u011frayan ve son derece hassas d\u00fczeltmelerle i\u015flenen kad\u0131n v\u00fccudu, bu gezegendeki en ola\u011fan\u00fcst\u00fc canl\u0131 varl\u0131kt\u0131r.   Farkl\u0131 b\u00f6lgelerde ve farkl\u0131 zamanlarda ya\u015fayan insan topluluklar\u0131, kad\u0131n v\u00fccudunu de\u011fi\u015fik \u015fekillerde bezeyerek tabiat\u0131n \u00f6n\u00fcne ge\u00e7meye \u00e7al\u0131\u015fm\u0131\u015ft\u0131r. \u0130nsan denen canl\u0131 varl\u0131\u011f\u0131 son derece iyi g\u00f6zlemleyen Desmond Morris, bu \u00e7al\u0131\u015fmas\u0131nda b\u00fcy\u00fck bir beceri ve titizlik i\u00e7inde kad\u0131n v\u00fccudunu tepeden t\u0131rna\u011fa incelemi\u015ftir. T\u00fcm kad\u0131nlarda ortak olan biyolojik \u00f6zelliklerin nas\u0131l bir evrim ge\u00e7irdi\u011fine \u00f6zellikle dikkati \u00e7eken Morris, toplumlar\u0131n kad\u0131n v\u00fccudunu m\u00fckemmelle\u015ftirmek yolunda kar\u015f\u0131la\u015ft\u0131klar\u0131 zorluklar\u0131 ve ge\u00e7irdikleri a\u015famalar\u0131 ke\u015ffetmeye \u00e7al\u0131\u015fm\u0131\u015ft\u0131r.   Bir zoologun bak\u0131\u015f a\u00e7\u0131s\u0131yla, tamam\u0131yla bilimsel ger\u00e7eklere dayan\u0131larak ve b\u00fcy\u00fcleyici anekdotlarla bezenerek yaz\u0131lan bu kitap, zihinlerde son derece k\u0131\u015fk\u0131rt\u0131c\u0131 soru i\u015faretleri uyand\u0131rmaktad\u0131r. \u00c7\u0131plak Kad\u0131n, Desmond Morris\u2019in insan denen hayvan\u0131 inceleme konusundaki rakipsiz deneyimini bir kez daha g\u00f6zler \u00f6n\u00fcne sermektedir.   \u201cMorris\u2019in bu \u00e7al\u0131\u015fmas\u0131 son derece \u00f6zg\u00fcn, k\u0131\u015fk\u0131rt\u0131c\u0131 ve muazzam e\u011flenceli. Bu kitap insanlar\u0131n ya\u015famlar\u0131n\u0131 de\u011fi\u015ftirecek.\u201d Sunday Times <\/p>\n","protected":false},"excerpt":{"rendered":"<p>er kad\u0131n\u0131n v\u00fccudu g\u00fczeldir. Ge\u00e7irdi\u011fi milyonlarca y\u0131ll\u0131k evrim sonucunda ak\u0131llara durgunluk verecek de\u011fi\u015fikliklere u\u011frayan ve son derece hassas d\u00fczeltmelerle i\u015flenen kad\u0131n v\u00fccudu, bu gezegendeki en ola\u011fan\u00fcst\u00fc<span class=\"excerpt-hellip\"> [\u2026]<\/span><\/p>\n","protected":false},"featured_media":0,"template":"","meta":{"_monsterinsights_skip_tracking":false,"_monsterinsights_sitenote_active":false,"_monsterinsights_sitenote_note":"","_monsterinsights_sitenote_category":0},"product_brand":[],"product_cat":[13252,12324],"product_tag":[],"class_list":{"0":"post-729255","1":"product","2":"type-product","3":"status-publish","5":"product_cat-kadin-calismalari","6":"product_cat-sosyoloji","7":"pa_cilt-ciltsiz","8":"pa_tur-kitap","9":"pa_yayinevi-inkilap-kitabevi","10":"pa_yazar-desmond-morris","12":"first","13":"instock","14":"sale","15":"shipping-taxable","16":"purchasable","17":"product-type-simple"},"_links":{"self":[{"href":"https:\/\/roveyayinevi.com.tr\/index.php\/wp-json\/wp\/v2\/product\/729255","targetHints":{"allow":["GET"]}}],"collection":[{"href":"https:\/\/roveyayinevi.com.tr\/index.php\/wp-json\/wp\/v2\/product"}],"about":[{"href":"https:\/\/roveyayinevi.com.tr\/index.php\/wp-json\/wp\/v2\/types\/product"}],"wp:attachment":[{"href":"https:\/\/roveyayinevi.com.tr\/index.php\/wp-json\/wp\/v2\/media?parent=729255"}],"wp:term":[{"taxonomy":"product_brand","embeddable":true,"href":"https:\/\/roveyayinevi.com.tr\/index.php\/wp-json\/wp\/v2\/product_brand?post=729255"},{"taxonomy":"product_cat","embeddable":true,"href":"https:\/\/roveyayinevi.com.tr\/index.php\/wp-json\/wp\/v2\/product_cat?post=729255"},{"taxonomy":"product_tag","embeddable":true,"href":"https:\/\/roveyayinevi.com.tr\/index.php\/wp-json\/wp\/v2\/product_tag?post=729255"}],"curies":[{"name":"wp","href":"https:\/\/api.w.org\/{rel}","templated":true}]}}