{"id":729248,"date":"2025-08-27T20:53:03","date_gmt":"2025-08-27T17:53:03","guid":{"rendered":"https:\/\/roveyayinevi.com.tr\/index.php\/urun\/copluk-sozluk\/"},"modified":"2026-04-16T02:37:04","modified_gmt":"2026-04-15T23:37:04","slug":"copluk-sozluk","status":"publish","type":"product","link":"https:\/\/roveyayinevi.com.tr\/index.php\/urun\/copluk-sozluk\/","title":{"rendered":"\u00c7\u00f6pl\u00fck S\u00f6zl\u00fck"},"content":{"rendered":"<p>Latin alfabesinde \u00f6teki hi\u00e7bir dilin bilmedi\u011fi bir sesi \u00e7a\u011fr\u0131\u015ft\u0131rmas\u0131 i\u00e7in \u015fekil bulmu\u015f &#8220;yumu\u015fak g&#8221; ya da \u011e&#8230; Varl\u0131\u011f\u0131n\u0131, gerekli olup olmad\u0131\u011f\u0131n\u0131 bilmeksizin ses haf\u0131zam\u0131z\u0131n hi\u00e7 tan\u0131mad\u0131\u011f\u0131 varl\u0131\u011f\u0131n\u0131 g\u00f6rselli\u011fine bor\u00e7lu \u011e&#8230; \u0130mla derslerinin ola\u011fan \u015f\u00fcphelisi; kimi zaman su\u00e7\u00fcst\u00fc yap\u0131lan bir h\u00fck\u00fcml\u00fc kimi zaman g\u00f6rmezden gelinen, kimli\u011fi ars\u0131zca gizlenen bir gizli tan\u0131k \u011e&#8230; Seslerin, seslilerin ve g\u00fc\u00e7l\u00fclerin aras\u0131nda yok say\u0131lmas\u0131n\u0131n bedelini yabanc\u0131lar aras\u0131nda varl\u0131\u011f\u0131n\u0131 kan\u0131tlayarak \u00f6deten \u011e&#8230; Kimi zaman e\u015flik eden kimi zaman yok say\u0131lan bir ikinci adam&#8230; Metaforlar\u0131n korkulan \u00f6znesi&#8230; Metafor demi\u015fken; sevdi\u011fimizi sevildi\u011fimizi sand\u0131\u011f\u0131m\u0131z ayr\u0131l\u0131klar\u0131n hemen ard\u0131ndan varl\u0131\u011f\u0131n\u0131 bile unuttu\u011fumuz arkada\u015fl\u0131klar gibi \u011e&#8230; var iken anlam\u0131 olan ancak yoklu\u011fu fark edilmeyen gelip ge\u00e7iveren zamana g\u00f6md\u00fc\u011f\u00fcm\u00fcz &#8220;dostluklar&#8221;. Hani onsuz ya\u015fam\u0131m\u0131z\u0131n tats\u0131z ve anlams\u0131z olaca\u011f\u0131n\u0131 d\u00fc\u015f\u00fcn\u00fcrken, yan\u0131 ba\u015f\u0131m\u0131zda iken, araya giren zaman t\u00f6rp\u00fcs\u00fcn\u00fcn ve unutulman\u0131n ac\u0131s\u0131n\u0131n y\u0131prat\u0131c\u0131l\u0131\u011f\u0131nda unuttu\u011fumuz; unutuldu\u011fumuz. Ve var iken varl\u0131\u011f\u0131n\u0131 \u00e7ok az hissetti\u011fimiz; Ve hep ikinci olan&#8230; \u011e, \u011f&#8230;<\/p>\n","protected":false},"excerpt":{"rendered":"<p>Latin alfabesinde \u00f6teki hi\u00e7bir dilin bilmedi\u011fi bir sesi \u00e7a\u011fr\u0131\u015ft\u0131rmas\u0131 i\u00e7in \u015fekil bulmu\u015f &#8220;yumu\u015fak g&#8221; ya da \u011e&#8230; Varl\u0131\u011f\u0131n\u0131, gerekli olup olmad\u0131\u011f\u0131n\u0131 bilmeksizin ses haf\u0131zam\u0131z\u0131n hi\u00e7 tan\u0131mad\u0131\u011f\u0131<span class=\"excerpt-hellip\"> [\u2026]<\/span><\/p>\n","protected":false},"featured_media":0,"template":"","meta":{"_monsterinsights_skip_tracking":false,"_monsterinsights_sitenote_active":false,"_monsterinsights_sitenote_note":"","_monsterinsights_sitenote_category":0},"product_brand":[],"product_cat":[12777,12291],"product_tag":[],"class_list":{"0":"post-729248","1":"product","2":"type-product","3":"status-publish","5":"product_cat-deneme","6":"product_cat-edebiyat","7":"pa_cilt-ciltsiz","8":"pa_tur-kitap","9":"pa_yayinevi-abis-yayincilik","10":"pa_yazar-tardu-soyer","12":"first","13":"instock","14":"sale","15":"shipping-taxable","16":"purchasable","17":"product-type-simple"},"_links":{"self":[{"href":"https:\/\/roveyayinevi.com.tr\/index.php\/wp-json\/wp\/v2\/product\/729248","targetHints":{"allow":["GET"]}}],"collection":[{"href":"https:\/\/roveyayinevi.com.tr\/index.php\/wp-json\/wp\/v2\/product"}],"about":[{"href":"https:\/\/roveyayinevi.com.tr\/index.php\/wp-json\/wp\/v2\/types\/product"}],"wp:attachment":[{"href":"https:\/\/roveyayinevi.com.tr\/index.php\/wp-json\/wp\/v2\/media?parent=729248"}],"wp:term":[{"taxonomy":"product_brand","embeddable":true,"href":"https:\/\/roveyayinevi.com.tr\/index.php\/wp-json\/wp\/v2\/product_brand?post=729248"},{"taxonomy":"product_cat","embeddable":true,"href":"https:\/\/roveyayinevi.com.tr\/index.php\/wp-json\/wp\/v2\/product_cat?post=729248"},{"taxonomy":"product_tag","embeddable":true,"href":"https:\/\/roveyayinevi.com.tr\/index.php\/wp-json\/wp\/v2\/product_tag?post=729248"}],"curies":[{"name":"wp","href":"https:\/\/api.w.org\/{rel}","templated":true}]}}