{"id":729245,"date":"2025-08-27T20:53:00","date_gmt":"2025-08-27T17:53:00","guid":{"rendered":"https:\/\/roveyayinevi.com.tr\/index.php\/urun\/dark-antoloji-ikinci-kitap\/"},"modified":"2026-04-16T02:37:04","modified_gmt":"2026-04-15T23:37:04","slug":"dark-antoloji-ikinci-kitap","status":"publish","type":"product","link":"https:\/\/roveyayinevi.com.tr\/index.php\/urun\/dark-antoloji-ikinci-kitap\/","title":{"rendered":"Dark Antoloji \u0130kinci Kitap"},"content":{"rendered":"<p>\u201cKaranl\u0131\u011f\u0131n istilas\u0131 \u0130stanbul\u2019un can damarlar\u0131nda!\u201dKendinize yaratt\u0131\u011f\u0131n\u0131z cehenneminizden ka\u00e7amayacaks\u0131n\u0131z. K\u0131z Kulesi\u2019nden y\u00fckselen kanl\u0131 ayin \u00e7\u0131\u011fl\u0131klar\u0131, ge\u00e7mi\u015ften alacakl\u0131 lanetli ruh, iblislere meydan okuyan Medusa, yar\u0131 insan yar\u0131 ucubelerin \u00e7a\u011fr\u0131lar\u0131, antika semaverin laneti, katil hayaletler, bakkal\u0131n \u00fcst\u00fcndeki apartmandan yay\u0131lan deh\u015fet, aynadaki ba\u015fka suratlar, cad\u0131lar\u0131n amans\u0131z sava\u015f\u0131, \u015fizofren canilerin \u00f6l\u00fc bedenlerle birle\u015fen ya\u015fam\u0131, Toprak Ana Gaia\u2019n\u0131n rahminden f\u0131\u015fk\u0131ran d\u00f6llenmi\u015f su, \u0130stanbul\u2019un k\u0131lcal damarlar\u0131n\u0131 amans\u0131zca kapl\u0131yor. Vakit dolmak \u00fczere. Kim oldu\u011funuzu bilmiyorsunuz!<\/p>\n","protected":false},"excerpt":{"rendered":"<p>\u201cKaranl\u0131\u011f\u0131n istilas\u0131 \u0130stanbul\u2019un can damarlar\u0131nda!\u201dKendinize yaratt\u0131\u011f\u0131n\u0131z cehenneminizden ka\u00e7amayacaks\u0131n\u0131z. K\u0131z Kulesi\u2019nden y\u00fckselen kanl\u0131 ayin \u00e7\u0131\u011fl\u0131klar\u0131, ge\u00e7mi\u015ften alacakl\u0131 lanetli ruh, iblislere meydan okuyan Medusa, yar\u0131 insan yar\u0131 ucubelerin<span class=\"excerpt-hellip\"> [\u2026]<\/span><\/p>\n","protected":false},"featured_media":0,"template":"","meta":{"_monsterinsights_skip_tracking":false,"_monsterinsights_sitenote_active":false,"_monsterinsights_sitenote_note":"","_monsterinsights_sitenote_category":0},"product_brand":[],"product_cat":[12291,14777],"product_tag":[],"class_list":{"0":"post-729245","1":"product","2":"type-product","3":"status-publish","5":"product_cat-edebiyat","6":"product_cat-fantastik","7":"pa_cilt-ciltsiz","8":"pa_tur-kitap","9":"pa_yayinevi-dark-istanbul-yayinlari","10":"pa_yazar-dark-istanbul-yayinlari-kolektif","12":"first","13":"instock","14":"sale","15":"shipping-taxable","16":"purchasable","17":"product-type-simple"},"_links":{"self":[{"href":"https:\/\/roveyayinevi.com.tr\/index.php\/wp-json\/wp\/v2\/product\/729245","targetHints":{"allow":["GET"]}}],"collection":[{"href":"https:\/\/roveyayinevi.com.tr\/index.php\/wp-json\/wp\/v2\/product"}],"about":[{"href":"https:\/\/roveyayinevi.com.tr\/index.php\/wp-json\/wp\/v2\/types\/product"}],"wp:attachment":[{"href":"https:\/\/roveyayinevi.com.tr\/index.php\/wp-json\/wp\/v2\/media?parent=729245"}],"wp:term":[{"taxonomy":"product_brand","embeddable":true,"href":"https:\/\/roveyayinevi.com.tr\/index.php\/wp-json\/wp\/v2\/product_brand?post=729245"},{"taxonomy":"product_cat","embeddable":true,"href":"https:\/\/roveyayinevi.com.tr\/index.php\/wp-json\/wp\/v2\/product_cat?post=729245"},{"taxonomy":"product_tag","embeddable":true,"href":"https:\/\/roveyayinevi.com.tr\/index.php\/wp-json\/wp\/v2\/product_tag?post=729245"}],"curies":[{"name":"wp","href":"https:\/\/api.w.org\/{rel}","templated":true}]}}