{"id":729244,"date":"2025-08-27T20:52:59","date_gmt":"2025-08-27T17:52:59","guid":{"rendered":"https:\/\/roveyayinevi.com.tr\/index.php\/urun\/babamin-golgesi\/"},"modified":"2026-04-16T02:37:04","modified_gmt":"2026-04-15T23:37:04","slug":"babamin-golgesi","status":"publish","type":"product","link":"https:\/\/roveyayinevi.com.tr\/index.php\/urun\/babamin-golgesi\/","title":{"rendered":"Babam\u0131n G\u00f6lgesi"},"content":{"rendered":"<p>\u201cHayat, k\u00f6t\u00fc haber ald\u0131\u011f\u0131n bir gece kadar uzun; g\u00fcl\u00fcmsedi\u011fin bir an kadar k\u0131saym\u0131\u015f me\u011fer.\u201d\u201cHer \u015feyin var, \u00f6yle mi? Peki ya baban ya onun yoklu\u011fu?\u201d Ben hi\u00e7 babas\u0131z kalmad\u0131m ki! G\u00f6r\u00fc\u015fm\u00fcyor olsam da hep o baban\u0131n k\u0131z\u0131yd\u0131m\u2026 A\u011flad\u0131\u011f\u0131m zamanlar, ba\u015f\u0131m\u0131 onun omuzunda hayal edip teselli ederdim kendimi. Ona s\u0131\u011f\u0131n\u0131rd\u0131m\u2026 Biliyor musun, ya\u015fad\u0131\u011f\u0131m bir\u00e7ok ac\u0131y\u0131 ona sar\u0131larak a\u015fmaya \u00e7al\u0131\u015ft\u0131m. Anlayaca\u011f\u0131n; Ben hep o baban\u0131n k\u0131z\u0131yd\u0131m\u2026 \u201cY\u0131llard\u0131r bu \u00e2n\u0131 bekliyordum. \u0130\u00e7imdeki o huysuz ihtiyar seninle arama engel koyuyordu. Fakat ona yol g\u00f6r\u00fcnd\u00fc. Art\u0131k aram\u0131za giremeyecek, sana s\u00f6z veriyorum\u2026\u201d \u201cHo\u015f geldin, babac\u0131\u011f\u0131m.\u201d \u201cHo\u015f buldum, k\u0131z\u0131m. Fakat uzun kalamayaca\u011f\u0131m.\u201d \u201cAnlamad\u0131m?\u201d \u201c\u00d6l\u00fcyorum\u2026\u201d<\/p>\n","protected":false},"excerpt":{"rendered":"<p>\u201cHayat, k\u00f6t\u00fc haber ald\u0131\u011f\u0131n bir gece kadar uzun; g\u00fcl\u00fcmsedi\u011fin bir an kadar k\u0131saym\u0131\u015f me\u011fer.\u201d\u201cHer \u015feyin var, \u00f6yle mi? Peki ya baban ya onun yoklu\u011fu?\u201d Ben hi\u00e7<span class=\"excerpt-hellip\"> [\u2026]<\/span><\/p>\n","protected":false},"featured_media":0,"template":"","meta":{"_monsterinsights_skip_tracking":false,"_monsterinsights_sitenote_active":false,"_monsterinsights_sitenote_note":"","_monsterinsights_sitenote_category":0},"product_brand":[],"product_cat":[12291,14777],"product_tag":[],"class_list":{"0":"post-729244","1":"product","2":"type-product","3":"status-publish","5":"product_cat-edebiyat","6":"product_cat-fantastik","7":"pa_cilt-ciltsiz","8":"pa_tur-kitap","9":"pa_yayinevi-dark-istanbul-yayinlari","10":"pa_yazar-askin-zengin-akkus","12":"first","13":"instock","14":"sale","15":"shipping-taxable","16":"purchasable","17":"product-type-simple"},"_links":{"self":[{"href":"https:\/\/roveyayinevi.com.tr\/index.php\/wp-json\/wp\/v2\/product\/729244","targetHints":{"allow":["GET"]}}],"collection":[{"href":"https:\/\/roveyayinevi.com.tr\/index.php\/wp-json\/wp\/v2\/product"}],"about":[{"href":"https:\/\/roveyayinevi.com.tr\/index.php\/wp-json\/wp\/v2\/types\/product"}],"wp:attachment":[{"href":"https:\/\/roveyayinevi.com.tr\/index.php\/wp-json\/wp\/v2\/media?parent=729244"}],"wp:term":[{"taxonomy":"product_brand","embeddable":true,"href":"https:\/\/roveyayinevi.com.tr\/index.php\/wp-json\/wp\/v2\/product_brand?post=729244"},{"taxonomy":"product_cat","embeddable":true,"href":"https:\/\/roveyayinevi.com.tr\/index.php\/wp-json\/wp\/v2\/product_cat?post=729244"},{"taxonomy":"product_tag","embeddable":true,"href":"https:\/\/roveyayinevi.com.tr\/index.php\/wp-json\/wp\/v2\/product_tag?post=729244"}],"curies":[{"name":"wp","href":"https:\/\/api.w.org\/{rel}","templated":true}]}}