{"id":729242,"date":"2025-08-27T20:52:57","date_gmt":"2025-08-27T17:52:57","guid":{"rendered":"https:\/\/roveyayinevi.com.tr\/index.php\/urun\/serif-hayvanlar-aleminde-renkler-kitabi-ciltli\/"},"modified":"2026-04-16T02:37:04","modified_gmt":"2026-04-15T23:37:04","slug":"serif-hayvanlar-aleminde-renkler-kitabi-ciltli","status":"publish","type":"product","link":"https:\/\/roveyayinevi.com.tr\/index.php\/urun\/serif-hayvanlar-aleminde-renkler-kitabi-ciltli\/","title":{"rendered":"\u015eerif Hayvanlar Aleminde &#8211; Renkler Kitab\u0131 (Ciltli)"},"content":{"rendered":"<p>Ya\u011fmurlu bir g\u00fcnde haydi ormanda keyifli bir y\u00fcr\u00fcy\u00fc\u015fe \u00e7\u0131kal\u0131m.   Islak topra\u011f\u0131n kokusunu i\u00e7imize \u00e7ekelim. Rengarenk tabiat\u0131, sevimli hayvanlar\u0131 ve  do\u011fay\u0131 bu harika kitapla ke\u015ffedelim.    \u015eerif Hayvanlar \u00c2leminde Renkler Kitab\u0131, sevimli hayvan \u00e7izimleri, canl\u0131 renkleri ve \u015fiirsel hikayesiyle miniklerin zihinsel geli\u015fimini destekler. Yeni kelimeler \u00f6\u011frenmesini sa\u011flar ve dil geli\u015fimini h\u0131zland\u0131r\u0131r.<\/p>\n","protected":false},"excerpt":{"rendered":"<p>Ya\u011fmurlu bir g\u00fcnde haydi ormanda keyifli bir y\u00fcr\u00fcy\u00fc\u015fe \u00e7\u0131kal\u0131m. Islak topra\u011f\u0131n kokusunu i\u00e7imize \u00e7ekelim. Rengarenk tabiat\u0131, sevimli hayvanlar\u0131 ve do\u011fay\u0131 bu harika kitapla ke\u015ffedelim. \u015eerif Hayvanlar<span class=\"excerpt-hellip\"> [\u2026]<\/span><\/p>\n","protected":false},"featured_media":0,"template":"","meta":{"_monsterinsights_skip_tracking":false,"_monsterinsights_sitenote_active":false,"_monsterinsights_sitenote_note":"","_monsterinsights_sitenote_category":0},"product_brand":[],"product_cat":[15192,12274],"product_tag":[],"class_list":{"0":"post-729242","1":"product","2":"type-product","3":"status-publish","5":"product_cat-1-3-yas-kitaplari","6":"product_cat-cocuk-ve-genclik-kitaplari","7":"pa_cilt-ciltli","8":"pa_tur-kitap","9":"pa_yayinevi-ucan-kitap","10":"pa_yazar-seyma-kara","12":"first","13":"instock","14":"sale","15":"shipping-taxable","16":"purchasable","17":"product-type-simple"},"_links":{"self":[{"href":"https:\/\/roveyayinevi.com.tr\/index.php\/wp-json\/wp\/v2\/product\/729242","targetHints":{"allow":["GET"]}}],"collection":[{"href":"https:\/\/roveyayinevi.com.tr\/index.php\/wp-json\/wp\/v2\/product"}],"about":[{"href":"https:\/\/roveyayinevi.com.tr\/index.php\/wp-json\/wp\/v2\/types\/product"}],"wp:attachment":[{"href":"https:\/\/roveyayinevi.com.tr\/index.php\/wp-json\/wp\/v2\/media?parent=729242"}],"wp:term":[{"taxonomy":"product_brand","embeddable":true,"href":"https:\/\/roveyayinevi.com.tr\/index.php\/wp-json\/wp\/v2\/product_brand?post=729242"},{"taxonomy":"product_cat","embeddable":true,"href":"https:\/\/roveyayinevi.com.tr\/index.php\/wp-json\/wp\/v2\/product_cat?post=729242"},{"taxonomy":"product_tag","embeddable":true,"href":"https:\/\/roveyayinevi.com.tr\/index.php\/wp-json\/wp\/v2\/product_tag?post=729242"}],"curies":[{"name":"wp","href":"https:\/\/api.w.org\/{rel}","templated":true}]}}