{"id":729241,"date":"2025-08-27T20:52:56","date_gmt":"2025-08-27T17:52:56","guid":{"rendered":"https:\/\/roveyayinevi.com.tr\/index.php\/urun\/bartleby-ve-surekasi\/"},"modified":"2026-04-16T02:37:04","modified_gmt":"2026-04-15T23:37:04","slug":"bartleby-ve-surekasi","status":"publish","type":"product","link":"https:\/\/roveyayinevi.com.tr\/index.php\/urun\/bartleby-ve-surekasi\/","title":{"rendered":"Bartleby ve \u015e\u00fcrekas\u0131"},"content":{"rendered":"<p>\u0130yi \u00e7al\u0131\u015ft\u0131m, yapt\u0131\u011f\u0131m i\u015ften mutlu olabilirim. Kalemi b\u0131rak\u0131yorum, \u00e7\u00fcnk\u00fc hava karard\u0131. Alacakaranl\u0131k r\u00fcyalar\u0131. Kar\u0131m ve \u00e7ocuklar\u0131m yan odadalar, hayat dolular. Sa\u011fl\u0131\u011f\u0131m yerinde ve yeteri kadar param var. Aman Tanr\u0131m, nas\u0131l da mutsuzum! Ama neler s\u00f6yl\u00fcyorum ben? Mutsuz de\u011filim, kalemi b\u0131rakmad\u0131m, kar\u0131m yok, \u00e7ocuklar\u0131m yok, yan oda bile yok, yeteri kadar param yok, hava da kararmad\u0131.\u201cYapmamay\u0131 tercih ederim.\u201d Herman Melville\u2019in Bartleby karakterinin bu me\u015fhur s\u00f6z\u00fcnden yola \u00e7\u0131kan Enrique Vila-Matas, Bartleby ve \u015e\u00fcrek\u00e2s\u0131\u2019nda yetenek ve birikimlerine ra\u011fmen yazmamay\u0131 d\u00fcstur edinen ger\u00e7ek ve hayal\u00ee yazarlar\u0131 konu al\u0131r.Var olmayan bir metin i\u00e7in dipnotlar kaleme alan anlat\u0131c\u0131, bartleby\u2019ler diye adland\u0131rd\u0131\u011f\u0131, edebiyatta ge\u00e7ici ya da kal\u0131c\u0131 sessizli\u011fi tercih eden Salinger, Rimbaud, Musil, Rulfo gibi yazarlar\u0131n yan\u0131nda Walser, Beckett, Maupassant, Wilde, Borges, Gide, Pessoa, Sokrates ve daha nice isim arac\u0131l\u0131\u011f\u0131yla, \u201cNi\u00e7in yazar\u0131z?\u201d ve \u201cNi\u00e7in ya\u015far\u0131z?\u201d gibi \u00e7etrefilli sorulara cevap arar.\u201cVila-Matas\u2019\u0131n \u00fcst\u00fcnl\u00fc\u011f\u00fc tart\u0131\u015f\u0131lmaz bir ger\u00e7ek.\u201dRoberto Bola\u00f1o<\/p>\n","protected":false},"excerpt":{"rendered":"<p>\u0130yi \u00e7al\u0131\u015ft\u0131m, yapt\u0131\u011f\u0131m i\u015ften mutlu olabilirim. Kalemi b\u0131rak\u0131yorum, \u00e7\u00fcnk\u00fc hava karard\u0131. Alacakaranl\u0131k r\u00fcyalar\u0131. Kar\u0131m ve \u00e7ocuklar\u0131m yan odadalar, hayat dolular. Sa\u011fl\u0131\u011f\u0131m yerinde ve yeteri kadar param<span class=\"excerpt-hellip\"> [\u2026]<\/span><\/p>\n","protected":false},"featured_media":0,"template":"","meta":{"_monsterinsights_skip_tracking":false,"_monsterinsights_sitenote_active":false,"_monsterinsights_sitenote_note":"","_monsterinsights_sitenote_category":0},"product_brand":[],"product_cat":[12291,12711],"product_tag":[],"class_list":{"0":"post-729241","1":"product","2":"type-product","3":"status-publish","5":"product_cat-edebiyat","6":"product_cat-roman-oyku","7":"pa_cilt-ciltsiz","8":"pa_tur-kitap","9":"pa_yayinevi-can-yayinlari","10":"pa_yazar-enrique-vila-matas","12":"first","13":"instock","14":"sale","15":"shipping-taxable","16":"purchasable","17":"product-type-simple"},"_links":{"self":[{"href":"https:\/\/roveyayinevi.com.tr\/index.php\/wp-json\/wp\/v2\/product\/729241","targetHints":{"allow":["GET"]}}],"collection":[{"href":"https:\/\/roveyayinevi.com.tr\/index.php\/wp-json\/wp\/v2\/product"}],"about":[{"href":"https:\/\/roveyayinevi.com.tr\/index.php\/wp-json\/wp\/v2\/types\/product"}],"wp:attachment":[{"href":"https:\/\/roveyayinevi.com.tr\/index.php\/wp-json\/wp\/v2\/media?parent=729241"}],"wp:term":[{"taxonomy":"product_brand","embeddable":true,"href":"https:\/\/roveyayinevi.com.tr\/index.php\/wp-json\/wp\/v2\/product_brand?post=729241"},{"taxonomy":"product_cat","embeddable":true,"href":"https:\/\/roveyayinevi.com.tr\/index.php\/wp-json\/wp\/v2\/product_cat?post=729241"},{"taxonomy":"product_tag","embeddable":true,"href":"https:\/\/roveyayinevi.com.tr\/index.php\/wp-json\/wp\/v2\/product_tag?post=729241"}],"curies":[{"name":"wp","href":"https:\/\/api.w.org\/{rel}","templated":true}]}}