{"id":729240,"date":"2025-08-27T20:52:55","date_gmt":"2025-08-27T17:52:55","guid":{"rendered":"https:\/\/roveyayinevi.com.tr\/index.php\/urun\/ulusal-uluslararasi-ve-kuresel-olcekte-iktisat-uygulamalari\/"},"modified":"2026-04-16T02:37:04","modified_gmt":"2026-04-15T23:37:04","slug":"ulusal-uluslararasi-ve-kuresel-olcekte-iktisat-uygulamalari","status":"publish","type":"product","link":"https:\/\/roveyayinevi.com.tr\/index.php\/urun\/ulusal-uluslararasi-ve-kuresel-olcekte-iktisat-uygulamalari\/","title":{"rendered":"Ulusal, Uluslararas\u0131 ve K\u00fcresel \u00d6l\u00e7ekte \u0130ktisat Uygulamalar\u0131"},"content":{"rendered":"<p>\u0130\u00e7indekiler Trade Structure and Trade Flows of Turkey: A Gravity Model   Dynamics of Inclusive Economic Growth in the Central and Eastern Europe   The Effect of Financial Development on Income Inequality for the Selected Country Group   Financial Stability and Financial Regulation: An Analysis on Fragile Eight Countries   Davran\u0131\u015fsal \u0130ktisatta Gizli Tuzaklar \u00dczerine G\u00f6rg\u00fcl Bir Ara\u015ft\u0131rma   Ekonomik B\u00fcy\u00fcme ve \u0130\u015fsizli\u011fin Cari A\u00e7\u0131k \u00dczerine Etkisi   Euro Bor\u00e7 Krizi Sonras\u0131 D\u00f6nemde Avrupa B\u00f6lgesinde Kamu Harcamalar\u0131  ve Gelirleri Aras\u0131ndaki \u0130li\u015fkilerin Panel Nedensellik Yakla\u015f\u0131mlar\u0131 ile Analizi Do\u011frudan Yabanc\u0131 Yat\u0131r\u0131mlar ve Ar-Ge \u00c7al\u0131\u015fmalar\u0131n\u0131n Y\u00fcksek Teknolojili \u00dcr\u00fcn \u0130hracat\u0131 \u00dczerindeki Etkileri: Y\u00fckselen Piyasa Ekonomileri \u0130\u00e7in Panel Ardl Analizi   Sa\u011fl\u0131k Hizmetleri Talebinin Ara\u015ft\u0131r\u0131lmas\u0131: Azerbaycan \u00dczerine Bir Uygulama   Siyasi ve Politik \u0130stikrars\u0131zl\u0131klar\u0131n D\u0131\u015f Ticaret \u00dczerindeki Etkisi: 1984-2015 D\u00f6nemi T\u00fcrkiye Uygulamas\u0131   MENA \u00dclkeleri \u0130\u00e7in Reel Gelir Analizi   Uluslararas\u0131 Rezerv Birikimi T\u00fcrkiye\u2019de \u00d6zel Sabit Yat\u0131r\u0131mlar\u0131 D\u0131\u015fl\u0131yor mu ?   T\u00fcrkiye\u2019ye Yap\u0131lan Do\u011frudan Yabanc\u0131 Yat\u0131r\u0131mlar\u0131n Yerli \u00dcretim \u0130ndeksi ve Krediler ile Net D\u0131\u015f Varl\u0131klarla \u0130li\u015fkisi   T\u00fcrkiye\u2019deki Karbondioksit (CO2) Emisyonunun ANFIS Y\u00f6ntemi ile Tahmin Edilmesi   T\u00fcrkiye\u2019deki Elektrik Enerjisi Kullan\u0131m\u0131 ile \u0130ktisadi B\u00fcy\u00fcme Aras\u0131ndaki \u0130li\u015fki: Johansen E\u015f-B\u00fct\u00fcnle\u015fme ve Granger Nedensellik Analizi   Okun Yasas\u0131n\u0131n Ge\u00e7erlili\u011finin S\u0131nanmas\u0131: T\u00fcrkiye Ekonomisi \u00dczerine Ekonometrik Bir Analiz   Y\u00fcksek\u00f6\u011frenim ve Ekonomik B\u00fcy\u00fcme: T\u00fcrkiye \u00dczerine Bir E\u015fb\u00fct\u00fcnle\u015fme ve Granger Nedensellik Analizi   Y\u00fcksek\u00f6\u011fretim Mezunu Kad\u0131nlarda \u0130\u015fsizlik Histerisinin Ara\u015ft\u0131r\u0131lmas\u0131: T\u00fcrkiye \u00d6rne\u011fi   Hukukun \u00dcst\u00fcnl\u00fc\u011f\u00fc ve Ekonomik B\u00fcy\u00fcme \u0130li\u015fkisi: OECD \u00dclkeleri i\u00e7in Ampirik Bir \u0130nceleme   \u00dcniversite \u00d6\u011frencilerinin T\u00fcketici Davran\u0131\u015flar\u0131n\u0131 Etkileyen Fakt\u00f6rlerin Belirlenmesi: I\u011fd\u0131r \u00dcniversitesi \u00d6\u011frencileri \u00dczerine Bir De\u011ferlendirme <\/p>\n","protected":false},"excerpt":{"rendered":"<p>\u0130\u00e7indekiler Trade Structure and Trade Flows of Turkey: A Gravity Model Dynamics of Inclusive Economic Growth in the Central and Eastern Europe The Effect of Financial<span class=\"excerpt-hellip\"> [\u2026]<\/span><\/p>\n","protected":false},"featured_media":0,"template":"","meta":{"_monsterinsights_skip_tracking":false,"_monsterinsights_sitenote_active":false,"_monsterinsights_sitenote_note":"","_monsterinsights_sitenote_category":0},"product_brand":[],"product_cat":[14841,13043],"product_tag":[],"class_list":{"0":"post-729240","1":"product","2":"type-product","3":"status-publish","5":"product_cat-arastirma-inceleme-kuram","6":"product_cat-ekonomi","7":"pa_cilt-ciltsiz","8":"pa_tur-kitap","9":"pa_yayinevi-gazi-kitabevi","10":"pa_yazar-sahin-karabulut","12":"first","13":"instock","14":"sale","15":"shipping-taxable","16":"purchasable","17":"product-type-simple"},"_links":{"self":[{"href":"https:\/\/roveyayinevi.com.tr\/index.php\/wp-json\/wp\/v2\/product\/729240","targetHints":{"allow":["GET"]}}],"collection":[{"href":"https:\/\/roveyayinevi.com.tr\/index.php\/wp-json\/wp\/v2\/product"}],"about":[{"href":"https:\/\/roveyayinevi.com.tr\/index.php\/wp-json\/wp\/v2\/types\/product"}],"wp:attachment":[{"href":"https:\/\/roveyayinevi.com.tr\/index.php\/wp-json\/wp\/v2\/media?parent=729240"}],"wp:term":[{"taxonomy":"product_brand","embeddable":true,"href":"https:\/\/roveyayinevi.com.tr\/index.php\/wp-json\/wp\/v2\/product_brand?post=729240"},{"taxonomy":"product_cat","embeddable":true,"href":"https:\/\/roveyayinevi.com.tr\/index.php\/wp-json\/wp\/v2\/product_cat?post=729240"},{"taxonomy":"product_tag","embeddable":true,"href":"https:\/\/roveyayinevi.com.tr\/index.php\/wp-json\/wp\/v2\/product_tag?post=729240"}],"curies":[{"name":"wp","href":"https:\/\/api.w.org\/{rel}","templated":true}]}}