{"id":729238,"date":"2025-08-27T20:52:54","date_gmt":"2025-08-27T17:52:54","guid":{"rendered":"https:\/\/roveyayinevi.com.tr\/index.php\/urun\/tum-yonleriyle-teoride-finans-ve-iktisat\/"},"modified":"2026-04-16T02:37:04","modified_gmt":"2026-04-15T23:37:04","slug":"tum-yonleriyle-teoride-finans-ve-iktisat","status":"publish","type":"product","link":"https:\/\/roveyayinevi.com.tr\/index.php\/urun\/tum-yonleriyle-teoride-finans-ve-iktisat\/","title":{"rendered":"T\u00fcm Y\u00f6nleriyle Teoride Finans ve \u0130ktisat"},"content":{"rendered":"<p>\u0130\u00e7indekiler \u0130ktisat Kuramlar\u0131nda Finansal Serbestle\u015fme: Ortodoks ve Heterodoks Yakla\u015f\u0131mlar   Finansal \u0130novasyonlar ve Piyasadaki Etkileri \u00dczerine Bir De\u011ferlendirme   Kuantum Finans Teorisine Genel Bir Bak\u0131\u015f   Finansalla\u015fma Teorisi ve Dijitalle\u015fme   Finansal Sadakatsizlik   Oligopol Oyunlar\u0131: Cournot ve Bertrand Rekabet Modeli   Finansal Sistemde \u0130\u00e7g\u00fcd\u00fcsel Tepki (Hayvansal G\u00fcd\u00fcler)   Finansal Hizmetler Sekt\u00f6r\u00fcnde Dijital D\u00f6n\u00fc\u015f\u00fcm: Blokzincir Teknolojisi Bankac\u0131l\u0131k Sekt\u00f6r\u00fcndeki S\u00f6zle\u015fmelerde Bilginin Rol\u00fc   Sermaye Yap\u0131s\u0131 Kararlar\u0131n\u0131 A\u00e7\u0131klamada Geleneksel Yakla\u015f\u0131mlar ve Modern Teoriler   \u0130ktisadi D\u00fc\u015f\u00fcncenin Geli\u015fim S\u00fcrecinde Vergi Kavram\u0131 ve Vergi Politikas\u0131n\u0131n D\u00f6n\u00fc\u015f\u00fcm\u00fc   \u0130ktisadi D\u00fc\u015f\u00fcnce \u0130\u00e7inde Faiz Kavram\u0131n\u0131n Kullan\u0131m\u0131 ve Faiz Kavram\u0131n\u0131n \u0130ktisat Teorilerindeki Yeri   Evrimci Ekonomik Co\u011frafya ve Yeni Yap\u0131salc\u0131 \u0130ktisat Perspektifinde \u00dcr\u00fcn Uzay\u0131 Yakla\u015f\u0131m\u0131n\u0131n Yeri ve \u00d6nemi   Ye\u015fil Finans\u0131n D\u00fcnyadaki Geli\u015fimi ve Ye\u015fil Finansal \u00dcr\u00fcnlerin Kullan\u0131m Alanlar\u0131 \u00dczerine Bir \u0130nceleme   K\u00fcresel Ekonomi-Politik D\u00fczenin Ba\u015f A\u011fr\u0131s\u0131: \u2018Batmayacak Kadar B\u00fcy\u00fck\u2019 Finans Kurumlar\u0131   K\u00fcreselle\u015fme S\u00fcrecinde Nedenler ve \u00d6nlemler \u00c7er\u00e7evesinde \u00c7ocuk \u0130\u015f\u00e7ili\u011fi Realitesi   Finansal Serbestle\u015fme ve Finansal Krizlerin Yol A\u00e7t\u0131\u011f\u0131 Sorunlar\u0131n \u00c7\u00f6z\u00fcm\u00fcnde Finansal Sekt\u00f6re Y\u00f6nelik Vergilerin De\u011ferlendirilmesi   T\u00fcrkiye\u2019de Servet Vergilerinin Geli\u015fimi \u00dczerine Bir De\u011ferlendirme   S\u00fcrd\u00fcr\u00fclebilir Kalk\u0131nma T\u00fcrkiye\u2019de Uygulanabilir mi?   T\u00fcrkiye ile BRICS \u00dclkelerinin Bilgi Ekonomisi G\u00f6stergelerinin Kar\u015f\u0131la\u015ft\u0131r\u0131lmas\u0131   Finansmana Eri\u015fimde Kredi Garanti Fonu\u2019nun Rol\u00fc Vekalet Kuram\u0131 ve Hisse Senedi Piyasalar\u0131ndaki Yans\u0131malar\u0131   T\u00fcrkiye\u2019de Bitkisel \u00dcretimi Art\u0131rmak \u0130\u00e7in Teknoloji Kullan\u0131m\u0131   Credit Rationing in Participation Banks: Evidence from Turkey   The Evaluation of Welfare State Models in tha Context of OECD Better Life Index <\/p>\n","protected":false},"excerpt":{"rendered":"<p>\u0130\u00e7indekiler \u0130ktisat Kuramlar\u0131nda Finansal Serbestle\u015fme: Ortodoks ve Heterodoks Yakla\u015f\u0131mlar Finansal \u0130novasyonlar ve Piyasadaki Etkileri \u00dczerine Bir De\u011ferlendirme Kuantum Finans Teorisine Genel Bir Bak\u0131\u015f Finansalla\u015fma Teorisi ve<span class=\"excerpt-hellip\"> [\u2026]<\/span><\/p>\n","protected":false},"featured_media":0,"template":"","meta":{"_monsterinsights_skip_tracking":false,"_monsterinsights_sitenote_active":false,"_monsterinsights_sitenote_note":"","_monsterinsights_sitenote_category":0},"product_brand":[],"product_cat":[17249,13043],"product_tag":[],"class_list":{"0":"post-729238","1":"product","2":"type-product","3":"status-publish","5":"product_cat-borsa-finans","6":"product_cat-ekonomi","7":"pa_cilt-ciltsiz","8":"pa_tur-kitap","9":"pa_yayinevi-gazi-kitabevi","10":"pa_yazar-sahin-karabulut","12":"first","13":"instock","14":"sale","15":"shipping-taxable","16":"purchasable","17":"product-type-simple"},"_links":{"self":[{"href":"https:\/\/roveyayinevi.com.tr\/index.php\/wp-json\/wp\/v2\/product\/729238","targetHints":{"allow":["GET"]}}],"collection":[{"href":"https:\/\/roveyayinevi.com.tr\/index.php\/wp-json\/wp\/v2\/product"}],"about":[{"href":"https:\/\/roveyayinevi.com.tr\/index.php\/wp-json\/wp\/v2\/types\/product"}],"wp:attachment":[{"href":"https:\/\/roveyayinevi.com.tr\/index.php\/wp-json\/wp\/v2\/media?parent=729238"}],"wp:term":[{"taxonomy":"product_brand","embeddable":true,"href":"https:\/\/roveyayinevi.com.tr\/index.php\/wp-json\/wp\/v2\/product_brand?post=729238"},{"taxonomy":"product_cat","embeddable":true,"href":"https:\/\/roveyayinevi.com.tr\/index.php\/wp-json\/wp\/v2\/product_cat?post=729238"},{"taxonomy":"product_tag","embeddable":true,"href":"https:\/\/roveyayinevi.com.tr\/index.php\/wp-json\/wp\/v2\/product_tag?post=729238"}],"curies":[{"name":"wp","href":"https:\/\/api.w.org\/{rel}","templated":true}]}}