{"id":729236,"date":"2025-08-27T20:52:52","date_gmt":"2025-08-27T17:52:52","guid":{"rendered":"https:\/\/roveyayinevi.com.tr\/index.php\/urun\/stratejik-insan-kaynaklari-yonetiminde-duygusal-emegi-anlamak\/"},"modified":"2026-04-16T02:37:04","modified_gmt":"2026-04-15T23:37:04","slug":"stratejik-insan-kaynaklari-yonetiminde-duygusal-emegi-anlamak","status":"publish","type":"product","link":"https:\/\/roveyayinevi.com.tr\/index.php\/urun\/stratejik-insan-kaynaklari-yonetiminde-duygusal-emegi-anlamak\/","title":{"rendered":"Stratejik \u0130nsan Kaynaklar\u0131 Y\u00f6netiminde Duygusal Eme\u011fi Anlamak"},"content":{"rendered":"<p>\u0130\u00e7indekiler 1.Duygusal Emek 2.Duygusal Emekle \u0130lgili Temel Yakla\u015f\u0131mlar 3.Duygusal Eme\u011fin \u00d6nc\u00fclleri: Bireysel Ve \u00d6rg\u00fctsel Fakt\u00f6rler 4.Duygusal Emek Stratejileri 5.Duygusal Emek Davran\u0131\u015flar\u0131n\u0131n Yol A\u00e7t\u0131\u011f\u0131 Sonu\u00e7lar 6.Ki\u015filik Ve Duygusal Emek \u0130li\u015fkisi 7.\u00d6rg\u00fctsel G\u00fcven Ve Duygusal Emek \u0130li\u015fkisi 8.\u00d6rg\u00fctsel Ba\u011fl\u0131l\u0131k Ve Duygusal Emek \u0130li\u015fkisi 9.T\u00fckenmi\u015flik Ve Duygusal Emek \u0130li\u015fkisi 10.\u0130\u015ften Ayr\u0131lma Niyeti Ve Duygusal Emek \u0130li\u015fkisi 11.Personel G\u00fc\u00e7lendirme Ve Duygusal Emek \u0130li\u015fkisi 12.Stres Ve Duygusal Emek \u0130li\u015fkisi 13.Sonu\u00e7 Ve De\u011ferlendirme<\/p>\n","protected":false},"excerpt":{"rendered":"<p>\u0130\u00e7indekiler 1.Duygusal Emek 2.Duygusal Emekle \u0130lgili Temel Yakla\u015f\u0131mlar 3.Duygusal Eme\u011fin \u00d6nc\u00fclleri: Bireysel Ve \u00d6rg\u00fctsel Fakt\u00f6rler 4.Duygusal Emek Stratejileri 5.Duygusal Emek Davran\u0131\u015flar\u0131n\u0131n Yol A\u00e7t\u0131\u011f\u0131 Sonu\u00e7lar 6.Ki\u015filik Ve<span class=\"excerpt-hellip\"> [\u2026]<\/span><\/p>\n","protected":false},"featured_media":0,"template":"","meta":{"_monsterinsights_skip_tracking":false,"_monsterinsights_sitenote_active":false,"_monsterinsights_sitenote_note":"","_monsterinsights_sitenote_category":0},"product_brand":[],"product_cat":[13043,14381],"product_tag":[],"class_list":{"0":"post-729236","1":"product","2":"type-product","3":"status-publish","5":"product_cat-ekonomi","6":"product_cat-isletme-muhasebe-maliye","7":"pa_cilt-ciltsiz","8":"pa_tur-kitap","9":"pa_yayinevi-gazi-kitabevi","10":"pa_yazar-hale-nur-guler","12":"first","13":"instock","14":"sale","15":"shipping-taxable","16":"purchasable","17":"product-type-simple"},"_links":{"self":[{"href":"https:\/\/roveyayinevi.com.tr\/index.php\/wp-json\/wp\/v2\/product\/729236","targetHints":{"allow":["GET"]}}],"collection":[{"href":"https:\/\/roveyayinevi.com.tr\/index.php\/wp-json\/wp\/v2\/product"}],"about":[{"href":"https:\/\/roveyayinevi.com.tr\/index.php\/wp-json\/wp\/v2\/types\/product"}],"wp:attachment":[{"href":"https:\/\/roveyayinevi.com.tr\/index.php\/wp-json\/wp\/v2\/media?parent=729236"}],"wp:term":[{"taxonomy":"product_brand","embeddable":true,"href":"https:\/\/roveyayinevi.com.tr\/index.php\/wp-json\/wp\/v2\/product_brand?post=729236"},{"taxonomy":"product_cat","embeddable":true,"href":"https:\/\/roveyayinevi.com.tr\/index.php\/wp-json\/wp\/v2\/product_cat?post=729236"},{"taxonomy":"product_tag","embeddable":true,"href":"https:\/\/roveyayinevi.com.tr\/index.php\/wp-json\/wp\/v2\/product_tag?post=729236"}],"curies":[{"name":"wp","href":"https:\/\/api.w.org\/{rel}","templated":true}]}}