{"id":729234,"date":"2025-08-27T20:52:51","date_gmt":"2025-08-27T17:52:51","guid":{"rendered":"https:\/\/roveyayinevi.com.tr\/index.php\/urun\/kamu-yonetimi-bakimindan-yerel-ve-kuresel-olcekte-dusunceler-ve-kurumlar\/"},"modified":"2026-04-16T02:37:04","modified_gmt":"2026-04-15T23:37:04","slug":"kamu-yonetimi-bakimindan-yerel-ve-kuresel-olcekte-dusunceler-ve-kurumlar","status":"publish","type":"product","link":"https:\/\/roveyayinevi.com.tr\/index.php\/urun\/kamu-yonetimi-bakimindan-yerel-ve-kuresel-olcekte-dusunceler-ve-kurumlar\/","title":{"rendered":"Kamu Y\u00f6netimi Bak\u0131m\u0131ndan Yerel ve K\u00fcresel \u00d6l\u00e7ekte D\u00fc\u015f\u00fcnceler ve Kurumlar"},"content":{"rendered":"<p>\u0130\u00e7indekiler Kentsel Hizmetler\/\u0130\u015flevler A\u00e7\u0131s\u0131ndan \u0130klim De\u011fi\u015fikli\u011fi Riskleri ve Halk \u0130hlalleri Yeni Kamu \u0130\u015fletmecili\u011fi Yakla\u015f\u0131m\u0131n\u0131n Hayata Ge\u00e7irilmesinde Ombudsmanl\u0131k Kurumu Gelenekten Moderniteye: \u0130slam Kentlerinin D\u00f6n\u00fc\u015f\u00fcm\u00fc \u0130\u00e7sel Motivasyon ile Duygusal Ba\u011fl\u0131l\u0131k \u0130li\u015fkisi \u00dczerine Bir Alan Ara\u015ft\u0131rmas\u0131: Bitlis Eren \u00dcniversitesi \u0130dari Personeli Kamu Y\u00f6netiminin Denetiminde Ombudsmanl\u0131\u011f\u0131n Rol\u00fc: \u0130skandinav \u00dclkeleri \u0130le \u0130lgili Bir \u0130nceleme T\u00fcrk Kamu Y\u00f6netiminde Yeni Bir Kurum: Yat\u0131r\u0131m \u0130zleme ve Koordinasyon Ba\u015fkal\u0131\u011f\u0131 Yap\u0131s\u0131, Sorunlar\u0131 ve \u00c7\u00f6z\u00fcm \u00d6nerileri 2002 Sonras\u0131 T\u00fcrkiye\u2019de Siyasal Partilerin ve Parti Sisteminin D\u00f6n\u00fc\u015f\u00fcm\u00fc \u0130sve\u00e7 \u00d6rne\u011fi \u00dczerinden COVID-19 Salg\u0131n\u0131 \u0130le M\u00fccadele S\u00fcre\u00e7lerinin Malthus Teorisi A\u00e7\u0131s\u0131ndan De\u011ferlendirilmesi Do\u011frudan Yerel Kat\u0131l\u0131m: Mahalle Meclisleri \u00dczerine Bir \u00c7al\u0131\u015fma Kurumsal \u0130maj Olu\u015fumunda \u0130nsan Kayna\u011f\u0131n\u0131n Rol\u00fc On Birinci Kalk\u0131nma Plan\u0131nda Diren\u00e7li Kentler T\u00fcrkiye\u2019de Kamu Harcamalar\u0131n\u0131n S\u0131n\u0131fland\u0131r\u0131lmas\u0131: Kamu Mali Y\u00f6netimi ve Kontrol Kanunu Kapsam\u0131nda Analitik B\u00fct\u00e7e T\u00fcrkiye\u2019de \u00c7\u0131kar\u0131lan \u0130mar Aflar\u0131n\u0131n Kentle\u015fmeye Olumsuz Etkileri Kamu Y\u00f6netimine \u00d6zg\u00fc Kavramlar\u0131n \u0130lk\u00f6\u011fretim Ders Kitaplar\u0131nda \u0130ncelenmesi Ye\u015fil B\u00fcy\u00fcme\u2019nin Ger\u00e7ekle\u015fmesinde Ekolojik K\u00f6y ve Lojistik K\u00f6y Anlay\u0131\u015f\u0131n\u0131n Katk\u0131s\u0131T\u00fcrkiye\u2019nin Uluslararas\u0131 G\u00f6\u00e7 Politikas\u0131 Ba\u011flam\u0131nda Suriyeli G\u00f6\u00e7menlerin Uyumu Kamusal Alanda Kumasal Faaliyetler \u201cNeo\u201d Perspektiften Y\u00f6netim-Siyaset Dikotomisini Yeniden Okumak Yeni H\u00fck\u00fcmet Sisteminin Kamu Politikas\u0131 Akt\u00f6r\u00fc: Cumhurba\u015fkanl\u0131\u011f\u0131 Politika Kurullar\u0131 \u00c7a\u011fda\u015f Kamu Y\u00f6netiminin Temel Oda\u011f\u0131: Kamu Yarar\u0131 Sa\u011flamak m\u0131 ? Kamu De\u011feri Yaratmamak m\u0131? Kamusal Bir Denetim Akt\u00f6r\u00fc Olarak Ombudsman: T\u00fcrkiye \u00d6rne\u011fi Pandemi S\u00fcreci Ba\u011flam\u0131nda Se\u00e7ili G20 \u00dclkelerinin Uygulad\u0131klar\u0131 Sosyal Politikalar\u0131n De\u011ferlendirilmesi T\u00fcrkiye\u2019de Kamu Kurumlar\u0131nda \u00c7al\u0131\u015fan Kad\u0131nlar\u0131n Kar\u015f\u0131la\u015ft\u0131\u011f\u0131 \u2018Cam Tavan\u2019 Sendromu ve Alg\u0131s\u0131 <\/p>\n","protected":false},"excerpt":{"rendered":"<p>\u0130\u00e7indekiler Kentsel Hizmetler\/\u0130\u015flevler A\u00e7\u0131s\u0131ndan \u0130klim De\u011fi\u015fikli\u011fi Riskleri ve Halk \u0130hlalleri Yeni Kamu \u0130\u015fletmecili\u011fi Yakla\u015f\u0131m\u0131n\u0131n Hayata Ge\u00e7irilmesinde Ombudsmanl\u0131k Kurumu Gelenekten Moderniteye: \u0130slam Kentlerinin D\u00f6n\u00fc\u015f\u00fcm\u00fc \u0130\u00e7sel Motivasyon ile<span class=\"excerpt-hellip\"> [\u2026]<\/span><\/p>\n","protected":false},"featured_media":0,"template":"","meta":{"_monsterinsights_skip_tracking":false,"_monsterinsights_sitenote_active":false,"_monsterinsights_sitenote_note":"","_monsterinsights_sitenote_category":0},"product_brand":[],"product_cat":[13043,65318],"product_tag":[],"class_list":{"0":"post-729234","1":"product","2":"type-product","3":"status-publish","5":"product_cat-ekonomi","6":"product_cat-kuresellesme","7":"pa_cilt-ciltsiz","8":"pa_tur-kitap","9":"pa_yayinevi-gazi-kitabevi","10":"pa_yazar-sahin-karabulut","12":"first","13":"instock","14":"sale","15":"shipping-taxable","16":"purchasable","17":"product-type-simple"},"_links":{"self":[{"href":"https:\/\/roveyayinevi.com.tr\/index.php\/wp-json\/wp\/v2\/product\/729234","targetHints":{"allow":["GET"]}}],"collection":[{"href":"https:\/\/roveyayinevi.com.tr\/index.php\/wp-json\/wp\/v2\/product"}],"about":[{"href":"https:\/\/roveyayinevi.com.tr\/index.php\/wp-json\/wp\/v2\/types\/product"}],"wp:attachment":[{"href":"https:\/\/roveyayinevi.com.tr\/index.php\/wp-json\/wp\/v2\/media?parent=729234"}],"wp:term":[{"taxonomy":"product_brand","embeddable":true,"href":"https:\/\/roveyayinevi.com.tr\/index.php\/wp-json\/wp\/v2\/product_brand?post=729234"},{"taxonomy":"product_cat","embeddable":true,"href":"https:\/\/roveyayinevi.com.tr\/index.php\/wp-json\/wp\/v2\/product_cat?post=729234"},{"taxonomy":"product_tag","embeddable":true,"href":"https:\/\/roveyayinevi.com.tr\/index.php\/wp-json\/wp\/v2\/product_tag?post=729234"}],"curies":[{"name":"wp","href":"https:\/\/api.w.org\/{rel}","templated":true}]}}