{"id":729233,"date":"2025-08-27T20:52:50","date_gmt":"2025-08-27T17:52:50","guid":{"rendered":"https:\/\/roveyayinevi.com.tr\/index.php\/urun\/islami-finans-sisteminde-sukuk\/"},"modified":"2026-04-16T02:37:04","modified_gmt":"2026-04-15T23:37:04","slug":"islami-finans-sisteminde-sukuk","status":"publish","type":"product","link":"https:\/\/roveyayinevi.com.tr\/index.php\/urun\/islami-finans-sisteminde-sukuk\/","title":{"rendered":"\u0130slami Finans Sisteminde Sukuk"},"content":{"rendered":"<p>\u0130\u00e7indekiler Birinci B\u00f6l\u00fcm \u2013 \u0130slami Finans Sistemi \u0130kinci B\u00f6l\u00fcm \u2013 \u0130slami Finans Sisteminde Sukuk \u00dc\u00e7\u00fcnc\u00fc B\u00f6l\u00fcm \u2013 Sukuk \u0130hra\u00e7 S\u00fcreci D\u00f6rd\u00fcnc\u00fc B\u00f6l\u00fcm \u2013 Sukuk T\u00fcrleri Be\u015finci B\u00f6l\u00fcm \u2013 D\u00fcnyada Ve T\u00fcrkiye\u2019de Sukuk Piyasalar\u0131 <\/p>\n","protected":false},"excerpt":{"rendered":"<p>\u0130\u00e7indekiler Birinci B\u00f6l\u00fcm \u2013 \u0130slami Finans Sistemi \u0130kinci B\u00f6l\u00fcm \u2013 \u0130slami Finans Sisteminde Sukuk \u00dc\u00e7\u00fcnc\u00fc B\u00f6l\u00fcm \u2013 Sukuk \u0130hra\u00e7 S\u00fcreci D\u00f6rd\u00fcnc\u00fc B\u00f6l\u00fcm \u2013 Sukuk T\u00fcrleri Be\u015finci<span class=\"excerpt-hellip\"> [\u2026]<\/span><\/p>\n","protected":false},"featured_media":0,"template":"","meta":{"_monsterinsights_skip_tracking":false,"_monsterinsights_sitenote_active":false,"_monsterinsights_sitenote_note":"","_monsterinsights_sitenote_category":0},"product_brand":[],"product_cat":[17249,13043],"product_tag":[],"class_list":{"0":"post-729233","1":"product","2":"type-product","3":"status-publish","5":"product_cat-borsa-finans","6":"product_cat-ekonomi","7":"pa_cilt-ciltsiz","8":"pa_tur-kitap","9":"pa_yayinevi-gazi-kitabevi","10":"pa_yazar-dilsad-tulgen-cetin","12":"first","13":"instock","14":"sale","15":"shipping-taxable","16":"purchasable","17":"product-type-simple"},"_links":{"self":[{"href":"https:\/\/roveyayinevi.com.tr\/index.php\/wp-json\/wp\/v2\/product\/729233","targetHints":{"allow":["GET"]}}],"collection":[{"href":"https:\/\/roveyayinevi.com.tr\/index.php\/wp-json\/wp\/v2\/product"}],"about":[{"href":"https:\/\/roveyayinevi.com.tr\/index.php\/wp-json\/wp\/v2\/types\/product"}],"wp:attachment":[{"href":"https:\/\/roveyayinevi.com.tr\/index.php\/wp-json\/wp\/v2\/media?parent=729233"}],"wp:term":[{"taxonomy":"product_brand","embeddable":true,"href":"https:\/\/roveyayinevi.com.tr\/index.php\/wp-json\/wp\/v2\/product_brand?post=729233"},{"taxonomy":"product_cat","embeddable":true,"href":"https:\/\/roveyayinevi.com.tr\/index.php\/wp-json\/wp\/v2\/product_cat?post=729233"},{"taxonomy":"product_tag","embeddable":true,"href":"https:\/\/roveyayinevi.com.tr\/index.php\/wp-json\/wp\/v2\/product_tag?post=729233"}],"curies":[{"name":"wp","href":"https:\/\/api.w.org\/{rel}","templated":true}]}}