{"id":729230,"date":"2025-08-27T20:52:48","date_gmt":"2025-08-27T17:52:48","guid":{"rendered":"https:\/\/roveyayinevi.com.tr\/index.php\/urun\/dunya-ve-turkiye-ekonomisinin-dunu-bugunu-ve-yarini\/"},"modified":"2026-04-16T02:37:04","modified_gmt":"2026-04-15T23:37:04","slug":"dunya-ve-turkiye-ekonomisinin-dunu-bugunu-ve-yarini","status":"publish","type":"product","link":"https:\/\/roveyayinevi.com.tr\/index.php\/urun\/dunya-ve-turkiye-ekonomisinin-dunu-bugunu-ve-yarini\/","title":{"rendered":"D\u00fcnya ve T\u00fcrkiye Ekonomisinin D\u00fcn\u00fc, Bug\u00fcn\u00fc ve Yar\u0131n\u0131"},"content":{"rendered":"<p>\u0130\u00e7indekiler 1873-96 Depresyonu\u2019nun Tarihsel Arka Plan\u0131, Etkileri ve K\u00fcresel Ticaret Politikalar\u0131na Yans\u0131malar\u0131 D\u00f6n\u00fc\u015f\u00fcm\u00fcn E\u015fi\u011findeki K\u00fcresel Parasal Sistem ve Yaratt\u0131\u011f\u0131 B\u00fcy\u00fck Kriz Bilim, Teknoloji ve Yenilik Politikalar\u0131n\u0131n Geli\u015fimi: T\u00fcrkiye\u2019nin K\u00fcresel Konumu \u00dczerine Bir De\u011ferlendirme Finansal Kriz mi Sa\u011fl\u0131k Krizi mi? T\u00fcrkiye\u2019nin \u00d6demeler Bilan\u00e7osuna Etkileri A\u00e7\u0131s\u0131ndan Bir De\u011ferlendirme D\u00fcnya\u2019da ve T\u00fcrkiye\u2019de Enerji Piyasalar\u0131n\u0131n D\u00fcn\u00fc Bug\u00fcn\u00fc ve Yar\u0131n\u0131 T\u00fcrkiye\u2019nin Gelecek 11 \u00dclkeleri Aras\u0131ndaki Makroekonomik Performans\u0131n\u0131n De\u011ferlendirilmesi T\u00fcrkiye\u2019nin D\u0131\u015f Ticaretinin B\u00f6lgesel ve Sekt\u00f6rel A\u00e7\u0131dan \u0130ncelenmesi T\u00fcrkiye\u2019de  E\u011fitim-\u0130\u015fsizlik \u0130li\u015fkisi: 2000\u2019li Y\u0131llarda \u00dcniversiteli \u0130\u015fsizli\u011fin Analizi 2000\u2019li Y\u0131llardan \u0130tibaren T\u00fcrk Bankac\u0131l\u0131k Sekt\u00f6r\u00fcn\u00fcn Geli\u015fimi ve Gelece\u011fi S\u00fcreklilik ve De\u011fi\u015fim Ba\u011flam\u0131nda T\u00fcrkiye\u2019de Kapitalizm T\u00fcrkiye\u2019de Bilgi D\u0131\u015fsall\u0131klar\u0131n\u0131n \u0130malat Sanayi \u0130stihdam Art\u0131\u015f\u0131 \u00dczerine Etkisi  Sa\u011fl\u0131k Krizinden K\u00fcresel Sistematik Ekonomik Krize: Covid-19 Pandemisinin Uluslararas\u0131 Ticarete Etkisi Giri\u015fimcilik Kavram\u0131 ve Giri\u015fimcili\u011fin Ekonomilerdeki Yeri ve Giri\u015fimcilik Endeksleri \u0130li\u015fkisi An Analysis for a Sustainable Growth Based on Environmental Factors &amp; Okun Law Regarding Turkey Kat\u0131l\u0131m Bankalar\u0131n\u0131n Finansal Performanslar\u0131n\u0131n Sezgisel Bulan\u0131k ARAS Y\u00f6ntemi ile \u0130ncelenmesi: 2016-2019 D\u00f6nem Analizi Blockchain Technology and Commercial Bank Cryptocurrencies Finansal K\u00fcreselle\u015fme \u00c7a\u011f\u0131nda Modern Merkez Bankac\u0131l\u0131\u011f\u0131 ve TCMB: G\u00f6r\u00fc\u015fler ve G\u00fcndem Bankac\u0131l\u0131k Alan\u0131nda Dijital Teknoloji Kullan\u0131m\u0131: Bankac\u0131l\u0131\u011f\u0131n Bug\u00fcn\u00fc ve Yar\u0131n\u0131   Middle Income Trap: Evidence From Nonlinear Unit Root Test <\/p>\n","protected":false},"excerpt":{"rendered":"<p>\u0130\u00e7indekiler 1873-96 Depresyonu\u2019nun Tarihsel Arka Plan\u0131, Etkileri ve K\u00fcresel Ticaret Politikalar\u0131na Yans\u0131malar\u0131 D\u00f6n\u00fc\u015f\u00fcm\u00fcn E\u015fi\u011findeki K\u00fcresel Parasal Sistem ve Yaratt\u0131\u011f\u0131 B\u00fcy\u00fck Kriz Bilim, Teknoloji ve Yenilik Politikalar\u0131n\u0131n<span class=\"excerpt-hellip\"> [\u2026]<\/span><\/p>\n","protected":false},"featured_media":0,"template":"","meta":{"_monsterinsights_skip_tracking":false,"_monsterinsights_sitenote_active":false,"_monsterinsights_sitenote_note":"","_monsterinsights_sitenote_category":0},"product_brand":[],"product_cat":[13043,14144],"product_tag":[],"class_list":{"0":"post-729230","1":"product","2":"type-product","3":"status-publish","5":"product_cat-ekonomi","6":"product_cat-turkiye-ekonomisi","7":"pa_cilt-ciltsiz","8":"pa_tur-kitap","9":"pa_yayinevi-gazi-kitabevi","10":"pa_yazar-sahin-karabulut","12":"first","13":"instock","14":"sale","15":"shipping-taxable","16":"purchasable","17":"product-type-simple"},"_links":{"self":[{"href":"https:\/\/roveyayinevi.com.tr\/index.php\/wp-json\/wp\/v2\/product\/729230","targetHints":{"allow":["GET"]}}],"collection":[{"href":"https:\/\/roveyayinevi.com.tr\/index.php\/wp-json\/wp\/v2\/product"}],"about":[{"href":"https:\/\/roveyayinevi.com.tr\/index.php\/wp-json\/wp\/v2\/types\/product"}],"wp:attachment":[{"href":"https:\/\/roveyayinevi.com.tr\/index.php\/wp-json\/wp\/v2\/media?parent=729230"}],"wp:term":[{"taxonomy":"product_brand","embeddable":true,"href":"https:\/\/roveyayinevi.com.tr\/index.php\/wp-json\/wp\/v2\/product_brand?post=729230"},{"taxonomy":"product_cat","embeddable":true,"href":"https:\/\/roveyayinevi.com.tr\/index.php\/wp-json\/wp\/v2\/product_cat?post=729230"},{"taxonomy":"product_tag","embeddable":true,"href":"https:\/\/roveyayinevi.com.tr\/index.php\/wp-json\/wp\/v2\/product_tag?post=729230"}],"curies":[{"name":"wp","href":"https:\/\/api.w.org\/{rel}","templated":true}]}}