{"id":729229,"date":"2025-08-27T20:52:15","date_gmt":"2025-08-27T17:52:15","guid":{"rendered":"https:\/\/roveyayinevi.com.tr\/index.php\/urun\/beden-egitimi-derslerinde-ozel-ogretim-yontemleri-kullanilmasinin-etkililiginin-incelenmesi-bir-meta-analiz-calismasi\/"},"modified":"2026-04-16T02:37:04","modified_gmt":"2026-04-15T23:37:04","slug":"beden-egitimi-derslerinde-ozel-ogretim-yontemleri-kullanilmasinin-etkililiginin-incelenmesi-bir-meta-analiz-calismasi","status":"publish","type":"product","link":"https:\/\/roveyayinevi.com.tr\/index.php\/urun\/beden-egitimi-derslerinde-ozel-ogretim-yontemleri-kullanilmasinin-etkililiginin-incelenmesi-bir-meta-analiz-calismasi\/","title":{"rendered":"Beden E\u011fitimi Derslerinde \u00d6zel \u00d6\u011fretim Y\u00f6ntemleri Kullan\u0131lmas\u0131n\u0131n Etkilili\u011finin \u0130ncelenmesi: Bir Meta Analiz \u00c7al\u0131\u015fmas\u0131"},"content":{"rendered":"<p>\u0130\u00e7indekiler1.Giri\u015f 2.Genel Bilgiler 3.Materyal Ve Metot 4.Bulgular 5.Tart\u0131\u015fma 6.Sonu\u00e7 Ve \u00d6neriler <\/p>\n","protected":false},"excerpt":{"rendered":"<p>\u0130\u00e7indekiler1.Giri\u015f 2.Genel Bilgiler 3.Materyal Ve Metot 4.Bulgular 5.Tart\u0131\u015fma 6.Sonu\u00e7 Ve \u00d6neriler<\/p>\n","protected":false},"featured_media":0,"template":"","meta":{"_monsterinsights_skip_tracking":false,"_monsterinsights_sitenote_active":false,"_monsterinsights_sitenote_note":"","_monsterinsights_sitenote_category":0},"product_brand":[],"product_cat":[15563,15564],"product_tag":[],"class_list":{"0":"post-729229","1":"product","2":"type-product","3":"status-publish","5":"product_cat-hobi","6":"product_cat-spor","7":"pa_cilt-ciltsiz","8":"pa_tur-kitap","9":"pa_yayinevi-gazi-kitabevi","10":"pa_yazar-hulusi-boke","12":"first","13":"instock","14":"sale","15":"shipping-taxable","16":"purchasable","17":"product-type-simple"},"_links":{"self":[{"href":"https:\/\/roveyayinevi.com.tr\/index.php\/wp-json\/wp\/v2\/product\/729229","targetHints":{"allow":["GET"]}}],"collection":[{"href":"https:\/\/roveyayinevi.com.tr\/index.php\/wp-json\/wp\/v2\/product"}],"about":[{"href":"https:\/\/roveyayinevi.com.tr\/index.php\/wp-json\/wp\/v2\/types\/product"}],"wp:attachment":[{"href":"https:\/\/roveyayinevi.com.tr\/index.php\/wp-json\/wp\/v2\/media?parent=729229"}],"wp:term":[{"taxonomy":"product_brand","embeddable":true,"href":"https:\/\/roveyayinevi.com.tr\/index.php\/wp-json\/wp\/v2\/product_brand?post=729229"},{"taxonomy":"product_cat","embeddable":true,"href":"https:\/\/roveyayinevi.com.tr\/index.php\/wp-json\/wp\/v2\/product_cat?post=729229"},{"taxonomy":"product_tag","embeddable":true,"href":"https:\/\/roveyayinevi.com.tr\/index.php\/wp-json\/wp\/v2\/product_tag?post=729229"}],"curies":[{"name":"wp","href":"https:\/\/api.w.org\/{rel}","templated":true}]}}