{"id":729228,"date":"2025-08-27T20:52:14","date_gmt":"2025-08-27T17:52:14","guid":{"rendered":"https:\/\/roveyayinevi.com.tr\/index.php\/urun\/alevi-bektasi-ogretisinde-ahlak-egitimi\/"},"modified":"2026-04-16T02:37:04","modified_gmt":"2026-04-15T23:37:04","slug":"alevi-bektasi-ogretisinde-ahlak-egitimi","status":"publish","type":"product","link":"https:\/\/roveyayinevi.com.tr\/index.php\/urun\/alevi-bektasi-ogretisinde-ahlak-egitimi\/","title":{"rendered":"Alevi-Bekta\u015fi \u00d6\u011fretisinde Ahlak E\u011fitimi"},"content":{"rendered":"<p>I.B\u00f6l\u00fcm \u2013 Ahlak Ve E\u011fitim 1.Ahlak ve E\u011fitim Kavramlar\u0131 \u00dczerine 2.Din-Ahlak \u0130li\u015fkisi ve Ahlak\u0131n Evrenselli\u011fi Meselesi 3.\u0130slam Ahlak\u0131 4.Ahlak E\u011fitimi   II.B\u00f6l\u00fcm \u2013 Alevi-Bekta\u015fi \u00d6\u011fretisinde E\u011fitim 2.Bir \u00d6\u011fretici Olarak \u2018Dede\u2019 ve \u2018Dedelik Makam\u0131\u2019 3.\u00d6\u011frenen Konumunda: Talib\/M\u00fcrid 4.Bir E\u011fitim ve \u00d6\u011fretim Mekan\u0131 Olarak Cemevi 5.Alevi-Bekta\u015fi \u00d6\u011fretisini Besleyen Kaynaklar 6.Alevi-Bekta\u015fi \u00d6\u011fretisini Besleyen Yaz\u0131l\u0131-Klasik Kaynaklar 7.Alevi-Bekta\u015fi Klasiklerinde \u00d6\u011fretim Y\u00f6ntemleri III.B\u00f6l\u00fcm \u2013 Alevi-Bekta\u015fi \u00d6\u011fretisinde Ahlaki \u0130lkeler 1.D\u00f6rt Kap\u0131 K\u0131rk Makam \u00d6\u011fretisinde Ahlaki \u0130lkeler 2. Ahlaki Bir \u0130lke: \u2018Eline, Diline, Beline Hakim Olmak\u2019 3.\u00dc\u00e7 S\u00fcnnet Yedi Farz \u0130\u00e7inde Ahlaki \u0130lkeler 4.Ahlaki ve Sosyal A\u00e7\u0131s\u0131ndan Musahiplik Kurumu <\/p>\n","protected":false},"excerpt":{"rendered":"<p>I.B\u00f6l\u00fcm \u2013 Ahlak Ve E\u011fitim 1.Ahlak ve E\u011fitim Kavramlar\u0131 \u00dczerine 2.Din-Ahlak \u0130li\u015fkisi ve Ahlak\u0131n Evrenselli\u011fi Meselesi 3.\u0130slam Ahlak\u0131 4.Ahlak E\u011fitimi II.B\u00f6l\u00fcm \u2013 Alevi-Bekta\u015fi \u00d6\u011fretisinde E\u011fitim 2.Bir<span class=\"excerpt-hellip\"> [\u2026]<\/span><\/p>\n","protected":false},"featured_media":0,"template":"","meta":{"_monsterinsights_skip_tracking":false,"_monsterinsights_sitenote_active":false,"_monsterinsights_sitenote_note":"","_monsterinsights_sitenote_category":0},"product_brand":[],"product_cat":[13575,12718,12719],"product_tag":[],"class_list":{"0":"post-729228","1":"product","2":"type-product","3":"status-publish","5":"product_cat-alevilik-bektasilik","6":"product_cat-din","7":"product_cat-islam","8":"pa_cilt-ciltsiz","9":"pa_tur-kitap","10":"pa_yayinevi-gazi-kitabevi","11":"pa_yazar-osman-tastekin","13":"first","14":"instock","15":"sale","16":"shipping-taxable","17":"purchasable","18":"product-type-simple"},"_links":{"self":[{"href":"https:\/\/roveyayinevi.com.tr\/index.php\/wp-json\/wp\/v2\/product\/729228","targetHints":{"allow":["GET"]}}],"collection":[{"href":"https:\/\/roveyayinevi.com.tr\/index.php\/wp-json\/wp\/v2\/product"}],"about":[{"href":"https:\/\/roveyayinevi.com.tr\/index.php\/wp-json\/wp\/v2\/types\/product"}],"wp:attachment":[{"href":"https:\/\/roveyayinevi.com.tr\/index.php\/wp-json\/wp\/v2\/media?parent=729228"}],"wp:term":[{"taxonomy":"product_brand","embeddable":true,"href":"https:\/\/roveyayinevi.com.tr\/index.php\/wp-json\/wp\/v2\/product_brand?post=729228"},{"taxonomy":"product_cat","embeddable":true,"href":"https:\/\/roveyayinevi.com.tr\/index.php\/wp-json\/wp\/v2\/product_cat?post=729228"},{"taxonomy":"product_tag","embeddable":true,"href":"https:\/\/roveyayinevi.com.tr\/index.php\/wp-json\/wp\/v2\/product_tag?post=729228"}],"curies":[{"name":"wp","href":"https:\/\/api.w.org\/{rel}","templated":true}]}}