{"id":729227,"date":"2025-08-27T20:52:13","date_gmt":"2025-08-27T17:52:13","guid":{"rendered":"https:\/\/roveyayinevi.com.tr\/index.php\/urun\/gacagucu-ve-dunyanin-obur-ucu\/"},"modified":"2026-04-16T02:37:04","modified_gmt":"2026-04-15T23:37:04","slug":"gacagucu-ve-dunyanin-obur-ucu","status":"publish","type":"product","link":"https:\/\/roveyayinevi.com.tr\/index.php\/urun\/gacagucu-ve-dunyanin-obur-ucu\/","title":{"rendered":"Gacagucu ve D\u00fcnyan\u0131n \u00d6b\u00fcr Ucu"},"content":{"rendered":"<p>\u201cTam \u00fc\u00e7 milyon y\u0131l \u00f6nce, orman\u0131n derinliklerinde g\u00fcne\u015fli bir g\u00fcnde hava birden karard\u0131. Yumu\u015fak topra\u011f\u0131n \u00fczerine bembeyaz karlar ya\u011fd\u0131. \u00c7i\u00e7ekli b\u00f6cekli topraklar yerini buzlara b\u0131rakt\u0131. D\u00fcnyan\u0131n \u00f6b\u00fcr ucundaki Gacagucu, topra\u011f\u0131n alt\u0131nda kald\u0131. B\u00fcy\u00fck bir buz k\u00fctlesi, bedenini ku\u015fatt\u0131\u201dSinan Ya\u015far, Gacagucu ve D\u00fcnyan\u0131n \u00d6b\u00fcr Ucu kitab\u0131yla minik okurlar\u0131 hayvanlarla dolu esrarengiz bir maceraya \u00e7a\u011f\u0131r\u0131yor.<\/p>\n","protected":false},"excerpt":{"rendered":"<p>\u201cTam \u00fc\u00e7 milyon y\u0131l \u00f6nce, orman\u0131n derinliklerinde g\u00fcne\u015fli bir g\u00fcnde hava birden karard\u0131. Yumu\u015fak topra\u011f\u0131n \u00fczerine bembeyaz karlar ya\u011fd\u0131. \u00c7i\u00e7ekli b\u00f6cekli topraklar yerini buzlara b\u0131rakt\u0131. D\u00fcnyan\u0131n<span class=\"excerpt-hellip\"> [\u2026]<\/span><\/p>\n","protected":false},"featured_media":0,"template":"","meta":{"_monsterinsights_skip_tracking":false,"_monsterinsights_sitenote_active":false,"_monsterinsights_sitenote_note":"","_monsterinsights_sitenote_category":0},"product_brand":[],"product_cat":[12275,12274],"product_tag":[],"class_list":{"0":"post-729227","1":"product","2":"type-product","3":"status-publish","5":"product_cat-6-12-yas-kitaplari","6":"product_cat-cocuk-ve-genclik-kitaplari","7":"pa_cilt-ciltsiz","8":"pa_tur-kitap","9":"pa_yayinevi-fom-kitap","10":"pa_yazar-sinan-yasar","12":"first","13":"instock","14":"sale","15":"shipping-taxable","16":"purchasable","17":"product-type-simple"},"_links":{"self":[{"href":"https:\/\/roveyayinevi.com.tr\/index.php\/wp-json\/wp\/v2\/product\/729227","targetHints":{"allow":["GET"]}}],"collection":[{"href":"https:\/\/roveyayinevi.com.tr\/index.php\/wp-json\/wp\/v2\/product"}],"about":[{"href":"https:\/\/roveyayinevi.com.tr\/index.php\/wp-json\/wp\/v2\/types\/product"}],"wp:attachment":[{"href":"https:\/\/roveyayinevi.com.tr\/index.php\/wp-json\/wp\/v2\/media?parent=729227"}],"wp:term":[{"taxonomy":"product_brand","embeddable":true,"href":"https:\/\/roveyayinevi.com.tr\/index.php\/wp-json\/wp\/v2\/product_brand?post=729227"},{"taxonomy":"product_cat","embeddable":true,"href":"https:\/\/roveyayinevi.com.tr\/index.php\/wp-json\/wp\/v2\/product_cat?post=729227"},{"taxonomy":"product_tag","embeddable":true,"href":"https:\/\/roveyayinevi.com.tr\/index.php\/wp-json\/wp\/v2\/product_tag?post=729227"}],"curies":[{"name":"wp","href":"https:\/\/api.w.org\/{rel}","templated":true}]}}