{"id":729226,"date":"2025-08-27T20:52:12","date_gmt":"2025-08-27T17:52:12","guid":{"rendered":"https:\/\/roveyayinevi.com.tr\/index.php\/urun\/akademisyen-anne-babalarin-gozunden-cocuklarin-dunyasi\/"},"modified":"2026-04-16T02:37:04","modified_gmt":"2026-04-15T23:37:04","slug":"akademisyen-anne-babalarin-gozunden-cocuklarin-dunyasi","status":"publish","type":"product","link":"https:\/\/roveyayinevi.com.tr\/index.php\/urun\/akademisyen-anne-babalarin-gozunden-cocuklarin-dunyasi\/","title":{"rendered":"Akademisyen Anne-Babalar\u0131n G\u00f6z\u00fcnden \u00c7ocuklar\u0131n D\u00fcnyas\u0131"},"content":{"rendered":"<p>1.\u00c7ocuk ve Bilim 2.\u00c7ocuk ve Felsefe 3.\u00c7ocuk ve Toplumsal Cinsiyet 4.\u00c7ocuk ve Yabanc\u0131 Dil 5.\u00c7ocuk ve M\u00fczik 6.\u00c7ocuk ve Ses 7.\u00c7ocuk ve Beslenme 8.\u00c7ocuk ve Resim 9. \u00c7ocuk ve Din 10.\u00c7ocuk ve Pazarlama 11.\u00c7ocuk Tekstil 12.\u00c7ocuk ve Finans 13.\u00c7ocuk ve Psikoloji 14.\u00c7ocuk ve Disiplinleraras\u0131 E\u011fitim 15.\u00c7ocuk ve Matematik 16.\u00c7ocuk ve Oyun Teorisi 17.\u00c7ocuk ve Mimarl\u0131k 18.\u00c7ocuk ve K\u00fcreselle\u015fme <\/p>\n","protected":false},"excerpt":{"rendered":"<p>1.\u00c7ocuk ve Bilim 2.\u00c7ocuk ve Felsefe 3.\u00c7ocuk ve Toplumsal Cinsiyet 4.\u00c7ocuk ve Yabanc\u0131 Dil 5.\u00c7ocuk ve M\u00fczik 6.\u00c7ocuk ve Ses 7.\u00c7ocuk ve Beslenme 8.\u00c7ocuk ve Resim<span class=\"excerpt-hellip\"> [\u2026]<\/span><\/p>\n","protected":false},"featured_media":0,"template":"","meta":{"_monsterinsights_skip_tracking":false,"_monsterinsights_sitenote_active":false,"_monsterinsights_sitenote_note":"","_monsterinsights_sitenote_category":0},"product_brand":[],"product_cat":[12573,12566],"product_tag":[],"class_list":{"0":"post-729226","1":"product","2":"type-product","3":"status-publish","5":"product_cat-akademik-kitaplar","6":"product_cat-egitim","7":"pa_cilt-ciltsiz","8":"pa_tur-kitap","9":"pa_yayinevi-gazi-kitabevi","10":"pa_yazar-timucin-yalcinkaya","12":"first","13":"instock","14":"sale","15":"shipping-taxable","16":"purchasable","17":"product-type-simple"},"_links":{"self":[{"href":"https:\/\/roveyayinevi.com.tr\/index.php\/wp-json\/wp\/v2\/product\/729226","targetHints":{"allow":["GET"]}}],"collection":[{"href":"https:\/\/roveyayinevi.com.tr\/index.php\/wp-json\/wp\/v2\/product"}],"about":[{"href":"https:\/\/roveyayinevi.com.tr\/index.php\/wp-json\/wp\/v2\/types\/product"}],"wp:attachment":[{"href":"https:\/\/roveyayinevi.com.tr\/index.php\/wp-json\/wp\/v2\/media?parent=729226"}],"wp:term":[{"taxonomy":"product_brand","embeddable":true,"href":"https:\/\/roveyayinevi.com.tr\/index.php\/wp-json\/wp\/v2\/product_brand?post=729226"},{"taxonomy":"product_cat","embeddable":true,"href":"https:\/\/roveyayinevi.com.tr\/index.php\/wp-json\/wp\/v2\/product_cat?post=729226"},{"taxonomy":"product_tag","embeddable":true,"href":"https:\/\/roveyayinevi.com.tr\/index.php\/wp-json\/wp\/v2\/product_tag?post=729226"}],"curies":[{"name":"wp","href":"https:\/\/api.w.org\/{rel}","templated":true}]}}