{"id":729225,"date":"2025-08-27T20:52:12","date_gmt":"2025-08-27T17:52:12","guid":{"rendered":"https:\/\/roveyayinevi.com.tr\/index.php\/urun\/tasra-mektuplari\/"},"modified":"2026-04-16T02:37:04","modified_gmt":"2026-04-15T23:37:04","slug":"tasra-mektuplari","status":"publish","type":"product","link":"https:\/\/roveyayinevi.com.tr\/index.php\/urun\/tasra-mektuplari\/","title":{"rendered":"Ta\u015fra Mektuplar\u0131"},"content":{"rendered":"<p>17. y\u00fczy\u0131l Frans\u0131z filozofu Pascal, bilim insan\u0131 ve d\u00fc\u015f\u00fcn\u00fcr kimli\u011finin yan\u0131nda Jansenius\u00e7ulu\u011fun kararg\u00e2h\u0131 Port-Royal ile ili\u015fki i\u00e7erisinde olan dindar bir ki\u015fidir.  Ancak d\u00f6nemin skolastik, dogmatik ve sorgulamayan din anlay\u0131\u015f\u0131na itiraz\u0131 vard\u0131r Pascal\u2019\u0131n. D\u00f6nemin ko\u015fullar\u0131 gere\u011fi tarafl\u0131l\u0131\u011f\u0131n\u0131 ve kimli\u011fini gizli tutmaya \u00e7al\u0131\u015fan Pascal, elinizdeki kitapla Cizvitlerin \u2018gev\u015fek\u2019 din ve ahlak anlay\u0131\u015flar\u0131na sava\u015f a\u00e7ar. Hayal\u00ee bir \u2018ta\u015fral\u0131\u2019ya hitaben kaleme al\u0131nan bu mektuplar, Pascal\u2019\u0131n din felsefesine \u0131\u015f\u0131k tutmakla beraber, d\u00f6nemin felsefe, teoloji ve insan anlay\u0131\u015f\u0131na \u0131\u015f\u0131k tutmaktad\u0131r. K\u0131sa s\u00fcrede el alt\u0131ndan yay\u0131lan bu mektuplar, halk\u0131n din anlay\u0131\u015f\u0131n\u0131n de\u011fi\u015fiminde b\u00fcy\u00fck bir rol oynam\u0131\u015f ve d\u00f6nemin otoriteleri kar\u015f\u0131 mektuplar yay\u0131mlamak zorunda kalm\u0131\u015flard\u0131r. Ta\u015fra Mektuplar\u0131\u2019n\u0131 ilgin\u00e7 ve \u00f6zg\u00fcn k\u0131lan \u015feylerden biri de, yazar\u0131n bu sava\u015f\u0131, o d\u00f6neme kadar pek de a\u015fina olunmayan bir y\u00f6ntemle; ele\u015ftirinin y\u0131k\u0131c\u0131 silah\u0131 yergiyi, alay\u0131 ve elbette ki ba\u015fkald\u0131r\u0131y\u0131 ustal\u0131kla sergilemi\u015f olmas\u0131yd\u0131. Hakikate inanman\u0131n verdi\u011fi g\u00fc\u00e7le g\u00fcr ve meydan okuyan bu kar\u015f\u0131 duru\u015f, bir anlamda, yakla\u015fan Ak\u0131l \u00c7a\u011f\u0131n\u0131n, yani 18. y\u00fczy\u0131l\u0131n habercisidir de. <\/p>\n","protected":false},"excerpt":{"rendered":"<p>17. y\u00fczy\u0131l Frans\u0131z filozofu Pascal, bilim insan\u0131 ve d\u00fc\u015f\u00fcn\u00fcr kimli\u011finin yan\u0131nda Jansenius\u00e7ulu\u011fun kararg\u00e2h\u0131 Port-Royal ile ili\u015fki i\u00e7erisinde olan dindar bir ki\u015fidir. Ancak d\u00f6nemin skolastik, dogmatik ve<span class=\"excerpt-hellip\"> [\u2026]<\/span><\/p>\n","protected":false},"featured_media":0,"template":"","meta":{"_monsterinsights_skip_tracking":false,"_monsterinsights_sitenote_active":false,"_monsterinsights_sitenote_note":"","_monsterinsights_sitenote_category":0},"product_brand":[],"product_cat":[16038,12388],"product_tag":[],"class_list":{"0":"post-729225","1":"product","2":"type-product","3":"status-publish","5":"product_cat-arastirma-inceleme-referans-felsefe","6":"product_cat-felsefe","7":"pa_cilt-ciltsiz","8":"pa_tur-kitap","9":"pa_yayinevi-fol-kitap","10":"pa_yazar-blaise-pascal","12":"first","13":"instock","14":"sale","15":"shipping-taxable","16":"purchasable","17":"product-type-simple"},"_links":{"self":[{"href":"https:\/\/roveyayinevi.com.tr\/index.php\/wp-json\/wp\/v2\/product\/729225","targetHints":{"allow":["GET"]}}],"collection":[{"href":"https:\/\/roveyayinevi.com.tr\/index.php\/wp-json\/wp\/v2\/product"}],"about":[{"href":"https:\/\/roveyayinevi.com.tr\/index.php\/wp-json\/wp\/v2\/types\/product"}],"wp:attachment":[{"href":"https:\/\/roveyayinevi.com.tr\/index.php\/wp-json\/wp\/v2\/media?parent=729225"}],"wp:term":[{"taxonomy":"product_brand","embeddable":true,"href":"https:\/\/roveyayinevi.com.tr\/index.php\/wp-json\/wp\/v2\/product_brand?post=729225"},{"taxonomy":"product_cat","embeddable":true,"href":"https:\/\/roveyayinevi.com.tr\/index.php\/wp-json\/wp\/v2\/product_cat?post=729225"},{"taxonomy":"product_tag","embeddable":true,"href":"https:\/\/roveyayinevi.com.tr\/index.php\/wp-json\/wp\/v2\/product_tag?post=729225"}],"curies":[{"name":"wp","href":"https:\/\/api.w.org\/{rel}","templated":true}]}}