{"id":729223,"date":"2025-08-27T20:52:10","date_gmt":"2025-08-27T17:52:10","guid":{"rendered":"https:\/\/roveyayinevi.com.tr\/index.php\/urun\/saat-sekizde-gemide\/"},"modified":"2026-04-16T02:37:04","modified_gmt":"2026-04-15T23:37:04","slug":"saat-sekizde-gemide","status":"publish","type":"product","link":"https:\/\/roveyayinevi.com.tr\/index.php\/urun\/saat-sekizde-gemide\/","title":{"rendered":"Saat Sekizde Gemide"},"content":{"rendered":"<p>Gemi yolcusu kalmas\u0131n!  T\u00fcm hayvanlar\u0131n dikkatine: randevu saat sekizde gemide!  Tufan ba\u015fl\u0131yor, Nuh\u2019un gemisinde her t\u00fcrden sadece iki hayvana yer var.  Peki gemiye iki yerine \u00fc\u00e7 penguen binerse ne olur? Tabii ki b\u00fcy\u00fck bir karma\u015fa!  \u0130ki b\u00fcy\u00fck penguen, bir k\u00fc\u00e7\u00fck pengueni arkalar\u0131nda b\u0131rakmak istemeyince ak\u0131llar\u0131na d\u00e2hiyane bir fikir gelir ve sonra olanlar olur!  Z\u00fcrafalar\u0131 denizin tuttu\u011fu, \u00e7\u0131ng\u0131rakl\u0131 y\u0131lanlar\u0131n gizli gizli k\u00e2\u011f\u0131t oyunu oynad\u0131\u011f\u0131, antiloplar\u0131n aslanlarla yan yana uyumak zorunda kald\u0131\u011f\u0131, kar\u0131ncalardan birinin e\u015fini kaybetti\u011fi macera dolu bir yolculuk bu!  \u00c7ocuk oyunlar\u0131 d\u00e2hil pek \u00e7ok tiyatro eserinin yarat\u0131c\u0131s\u0131 yazar ve y\u00f6netmen Ulrich Hub\u2019dan, tiyatroya da uyarlanm\u0131\u015f m\u00fcthi\u015f bir \u00f6yk\u00fc. Her ya\u015ftan okur i\u00e7in tam bir g\u00fclme terapisi! J\u00f6rg M\u00fchle\u2019nin okuma keyfini ta\u00e7land\u0131ran \u00e7izimleriyle\u2026 <\/p>\n","protected":false},"excerpt":{"rendered":"<p>Gemi yolcusu kalmas\u0131n! T\u00fcm hayvanlar\u0131n dikkatine: randevu saat sekizde gemide! Tufan ba\u015fl\u0131yor, Nuh\u2019un gemisinde her t\u00fcrden sadece iki hayvana yer var. Peki gemiye iki yerine \u00fc\u00e7<span class=\"excerpt-hellip\"> [\u2026]<\/span><\/p>\n","protected":false},"featured_media":0,"template":"","meta":{"_monsterinsights_skip_tracking":false,"_monsterinsights_sitenote_active":false,"_monsterinsights_sitenote_note":"","_monsterinsights_sitenote_category":0},"product_brand":[],"product_cat":[12275,12274],"product_tag":[],"class_list":{"0":"post-729223","1":"product","2":"type-product","3":"status-publish","5":"product_cat-6-12-yas-kitaplari","6":"product_cat-cocuk-ve-genclik-kitaplari","7":"pa_cilt-ciltsiz","8":"pa_tur-kitap","9":"pa_yayinevi-kuraldisi-yayinevi","10":"pa_yazar-ulrich-hub","12":"first","13":"instock","14":"sale","15":"shipping-taxable","16":"purchasable","17":"product-type-simple"},"_links":{"self":[{"href":"https:\/\/roveyayinevi.com.tr\/index.php\/wp-json\/wp\/v2\/product\/729223","targetHints":{"allow":["GET"]}}],"collection":[{"href":"https:\/\/roveyayinevi.com.tr\/index.php\/wp-json\/wp\/v2\/product"}],"about":[{"href":"https:\/\/roveyayinevi.com.tr\/index.php\/wp-json\/wp\/v2\/types\/product"}],"wp:attachment":[{"href":"https:\/\/roveyayinevi.com.tr\/index.php\/wp-json\/wp\/v2\/media?parent=729223"}],"wp:term":[{"taxonomy":"product_brand","embeddable":true,"href":"https:\/\/roveyayinevi.com.tr\/index.php\/wp-json\/wp\/v2\/product_brand?post=729223"},{"taxonomy":"product_cat","embeddable":true,"href":"https:\/\/roveyayinevi.com.tr\/index.php\/wp-json\/wp\/v2\/product_cat?post=729223"},{"taxonomy":"product_tag","embeddable":true,"href":"https:\/\/roveyayinevi.com.tr\/index.php\/wp-json\/wp\/v2\/product_tag?post=729223"}],"curies":[{"name":"wp","href":"https:\/\/api.w.org\/{rel}","templated":true}]}}