{"id":729222,"date":"2025-08-27T20:52:10","date_gmt":"2025-08-27T17:52:10","guid":{"rendered":"https:\/\/roveyayinevi.com.tr\/index.php\/urun\/ice-donuk-olmak\/"},"modified":"2026-04-16T02:37:04","modified_gmt":"2026-04-15T23:37:04","slug":"ice-donuk-olmak","status":"publish","type":"product","link":"https:\/\/roveyayinevi.com.tr\/index.php\/urun\/ice-donuk-olmak\/","title":{"rendered":"\u0130\u00e7e D\u00f6n\u00fck Olmak"},"content":{"rendered":"<p>\u0130nsanlar\u0131n \u00f6nemli bir k\u0131sm\u0131 i\u00e7ed\u00f6n\u00fck olmas\u0131na ra\u011fmen daha iyi, daha ge\u00e7erli olan ki\u015filik d\u0131\u015fad\u00f6n\u00fckl\u00fck olarak kabul edilir. Hatta i\u00e7ed\u00f6n\u00fckl\u00fc\u011f\u00fcn bir t\u00fcr ki\u015filik bozuklu\u011fu, psikolojik rahats\u0131zl\u0131k olarak g\u00f6r\u00fcld\u00fc\u011f\u00fc bile olur. Oysa bunlar b\u00fct\u00fcn\u00fcyle k\u00fclt\u00fcrel \u00f6nyarg\u0131lar ve varsay\u0131mlard\u0131r, bilimsel hi\u00e7bir temeli yoktur.\u0130\u00e7ed\u00f6n\u00fck olmak d\u0131\u015fad\u00f6n\u00fck olmak kadar do\u011fal, insani bir karakter oldu\u011fu gibi b\u00fcy\u00fck sanat\u00e7\u0131lar\u0131n, yarat\u0131c\u0131lar\u0131n \u00e7o\u011funlu\u011fu i\u00e7ed\u00f6n\u00fckt\u00fcr. Yani insan\u0131n bu d\u00fcnyada yaratt\u0131\u011f\u0131 g\u00fczelliklerin \u00e7o\u011funu \u00fcreten ki\u015filik yap\u0131s\u0131n\u0131 neredeyse bir hastal\u0131k gibi g\u00f6rmenin kendisi bir sorundur. \u0130\u00e7ed\u00f6n\u00fck oldu\u011fu halde d\u0131\u015fad\u00f6n\u00fck olmaya zorlanan, mutlu ve ba\u015far\u0131l\u0131 olmak i\u00e7in buna mecbur oldu\u011funu d\u00fc\u015f\u00fcnerek hayat\u0131 berbat olan o kadar \u00e7ok insan var ki\u2026Psikolog Laurie Helgoe i\u015fte bu durumu ele al\u0131yor ve genel kabul g\u00f6ren yanl\u0131\u015flar\u0131 sergilerken i\u00e7ed\u00f6n\u00fcklerin ger\u00e7ekte nas\u0131l bir g\u00fcce sahip olduklar\u0131n\u0131 da g\u00f6steriyor.\u0130\u00e7ed\u00f6n\u00fck olmak bir sorun de\u011fil bir f\u0131rsatt\u0131r; dezavantaj de\u011fil avantajd\u0131r; zay\u0131fl\u0131k de\u011fil g\u00fc\u00e7t\u00fcr. \u0130\u00e7ed\u00f6n\u00fck olmaktan adeta utanan, d\u0131\u015fad\u00f6n\u00fck gibi davranmak i\u00e7in kendisini zorlarken ka\u00e7\u0131n\u0131lmaz olarak kendisi olmaktan \u00e7\u0131kan ve istedi\u011fi gibi bir ya\u015fam s\u00fcrd\u00fcremeyenler i\u00e7in bu kitap yeni bir hayat\u0131n ba\u015flang\u0131c\u0131 olacakt\u0131r; elbette i\u00e7 huzura, mutlulu\u011fa, esenli\u011fe do\u011fru\u2026<\/p>\n","protected":false},"excerpt":{"rendered":"<p>\u0130nsanlar\u0131n \u00f6nemli bir k\u0131sm\u0131 i\u00e7ed\u00f6n\u00fck olmas\u0131na ra\u011fmen daha iyi, daha ge\u00e7erli olan ki\u015filik d\u0131\u015fad\u00f6n\u00fckl\u00fck olarak kabul edilir. Hatta i\u00e7ed\u00f6n\u00fckl\u00fc\u011f\u00fcn bir t\u00fcr ki\u015filik bozuklu\u011fu, psikolojik rahats\u0131zl\u0131k olarak<span class=\"excerpt-hellip\"> [\u2026]<\/span><\/p>\n","protected":false},"featured_media":0,"template":"","meta":{"_monsterinsights_skip_tracking":false,"_monsterinsights_sitenote_active":false,"_monsterinsights_sitenote_note":"","_monsterinsights_sitenote_category":0},"product_brand":[],"product_cat":[15983,13488],"product_tag":[],"class_list":{"0":"post-729222","1":"product","2":"type-product","3":"status-publish","5":"product_cat-iletisim-ve-medya","6":"product_cat-toplum-ve-insan","7":"pa_cilt-ciltsiz","8":"pa_tur-kitap","9":"pa_yayinevi-kuraldisi-yayinevi","10":"pa_yazar-laurie-helgoe","12":"first","13":"instock","14":"sale","15":"shipping-taxable","16":"purchasable","17":"product-type-simple"},"_links":{"self":[{"href":"https:\/\/roveyayinevi.com.tr\/index.php\/wp-json\/wp\/v2\/product\/729222","targetHints":{"allow":["GET"]}}],"collection":[{"href":"https:\/\/roveyayinevi.com.tr\/index.php\/wp-json\/wp\/v2\/product"}],"about":[{"href":"https:\/\/roveyayinevi.com.tr\/index.php\/wp-json\/wp\/v2\/types\/product"}],"wp:attachment":[{"href":"https:\/\/roveyayinevi.com.tr\/index.php\/wp-json\/wp\/v2\/media?parent=729222"}],"wp:term":[{"taxonomy":"product_brand","embeddable":true,"href":"https:\/\/roveyayinevi.com.tr\/index.php\/wp-json\/wp\/v2\/product_brand?post=729222"},{"taxonomy":"product_cat","embeddable":true,"href":"https:\/\/roveyayinevi.com.tr\/index.php\/wp-json\/wp\/v2\/product_cat?post=729222"},{"taxonomy":"product_tag","embeddable":true,"href":"https:\/\/roveyayinevi.com.tr\/index.php\/wp-json\/wp\/v2\/product_tag?post=729222"}],"curies":[{"name":"wp","href":"https:\/\/api.w.org\/{rel}","templated":true}]}}