{"id":729221,"date":"2025-08-27T20:52:09","date_gmt":"2025-08-27T17:52:09","guid":{"rendered":"https:\/\/roveyayinevi.com.tr\/index.php\/urun\/inanc-ya-da-inancsizlik\/"},"modified":"2026-04-16T02:37:04","modified_gmt":"2026-04-15T23:37:04","slug":"inanc-ya-da-inancsizlik","status":"publish","type":"product","link":"https:\/\/roveyayinevi.com.tr\/index.php\/urun\/inanc-ya-da-inancsizlik\/","title":{"rendered":"\u0130nan\u00e7 ya da \u0130nan\u00e7s\u0131zl\u0131k"},"content":{"rendered":"<p>Yeni k\u0131yamet nedir? Tanr\u0131s\u0131z bir ahlak anlay\u0131\u015f\u0131 m\u00fcmk\u00fcn m\u00fc? Kad\u0131nlar dini lider olamaz m\u0131? \u015eiddet ile ho\u015fg\u00f6r\u00fcs\u00fczl\u00fck aras\u0131ndaki ili\u015fki nedir? \u00d6teki, i\u00e7imizdedir! \u00d6teki, ona nas\u0131l davrand\u0131\u011f\u0131m\u0131zdan, onu sevmemizden veya ondan nefret etmemizden veya ona kay\u0131ts\u0131z kalmam\u0131zdan ba\u011f\u0131ms\u0131z olarak, i\u00e7imizdedir. \u0130nan\u00e7 ya da \u0130nan\u00e7s\u0131zl\u0131k\u2019ta Eco ve Martini din \u00fczerine yeni bir tart\u0131\u015fma zemini haz\u0131rl\u0131yor ve bug\u00fcn dahi \u00fczerine konu\u015fulmas\u0131 zor meseleleri, iki insan\u0131n birbirine kar\u015f\u0131 sayg\u0131s\u0131n\u0131 yitirmeden nas\u0131l tart\u0131\u015fabildi\u011fini g\u00f6steriyor. \u00d6nce Liberal dergisinde yay\u0131mlanan daha sonra da kitap haline getirilen bu mektupla\u015fmalar, bizleri \u201c\u0130nananlar ve inanmayanlar aras\u0131nda yeni ve ortak bir umut in\u015fa edilebilir mi?\u201d sorusu \u00fczerine d\u00fc\u015f\u00fcnmeye davet ediyor. <\/p>\n","protected":false},"excerpt":{"rendered":"<p>Yeni k\u0131yamet nedir? Tanr\u0131s\u0131z bir ahlak anlay\u0131\u015f\u0131 m\u00fcmk\u00fcn m\u00fc? Kad\u0131nlar dini lider olamaz m\u0131? \u015eiddet ile ho\u015fg\u00f6r\u00fcs\u00fczl\u00fck aras\u0131ndaki ili\u015fki nedir? \u00d6teki, i\u00e7imizdedir! \u00d6teki, ona nas\u0131l davrand\u0131\u011f\u0131m\u0131zdan,<span class=\"excerpt-hellip\"> [\u2026]<\/span><\/p>\n","protected":false},"featured_media":0,"template":"","meta":{"_monsterinsights_skip_tracking":false,"_monsterinsights_sitenote_active":false,"_monsterinsights_sitenote_note":"","_monsterinsights_sitenote_category":0},"product_brand":[],"product_cat":[12291,50487],"product_tag":[],"class_list":{"0":"post-729221","1":"product","2":"type-product","3":"status-publish","5":"product_cat-edebiyat","6":"product_cat-kurgu","7":"pa_cilt-ciltsiz","8":"pa_tur-kitap","9":"pa_yayinevi-nora-kitap","10":"pa_yazar-umberto-eco-kardinal-martini","12":"first","13":"instock","14":"sale","15":"shipping-taxable","16":"purchasable","17":"product-type-simple"},"_links":{"self":[{"href":"https:\/\/roveyayinevi.com.tr\/index.php\/wp-json\/wp\/v2\/product\/729221","targetHints":{"allow":["GET"]}}],"collection":[{"href":"https:\/\/roveyayinevi.com.tr\/index.php\/wp-json\/wp\/v2\/product"}],"about":[{"href":"https:\/\/roveyayinevi.com.tr\/index.php\/wp-json\/wp\/v2\/types\/product"}],"wp:attachment":[{"href":"https:\/\/roveyayinevi.com.tr\/index.php\/wp-json\/wp\/v2\/media?parent=729221"}],"wp:term":[{"taxonomy":"product_brand","embeddable":true,"href":"https:\/\/roveyayinevi.com.tr\/index.php\/wp-json\/wp\/v2\/product_brand?post=729221"},{"taxonomy":"product_cat","embeddable":true,"href":"https:\/\/roveyayinevi.com.tr\/index.php\/wp-json\/wp\/v2\/product_cat?post=729221"},{"taxonomy":"product_tag","embeddable":true,"href":"https:\/\/roveyayinevi.com.tr\/index.php\/wp-json\/wp\/v2\/product_tag?post=729221"}],"curies":[{"name":"wp","href":"https:\/\/api.w.org\/{rel}","templated":true}]}}