{"id":729218,"date":"2025-08-27T20:52:05","date_gmt":"2025-08-27T17:52:05","guid":{"rendered":"https:\/\/roveyayinevi.com.tr\/index.php\/urun\/dunyanin-oyunu\/"},"modified":"2026-04-16T02:37:04","modified_gmt":"2026-04-15T23:37:04","slug":"dunyanin-oyunu","status":"publish","type":"product","link":"https:\/\/roveyayinevi.com.tr\/index.php\/urun\/dunyanin-oyunu\/","title":{"rendered":"D\u00fcnyan\u0131n Oyunu"},"content":{"rendered":"<p>S\u0131rada Almanya\u2019dan gelen mektup var. Hallo, Ben Philip. Sana anlataca\u011f\u0131m oyunun ad\u0131 topfschlagen. Bu oyunu oynamak hem \u00e7ok e\u011flenceli hem de sonunda bir s\u00fcrpriz var. \u00d6nce k\u00fc\u00e7\u00fck bir hediye, tencereye konur ve tencere bir yere saklan\u0131r. Sonra ebenin eline bir ka\u015f\u0131k verilip g\u00f6zleri ba\u011flan\u0131r. Ebe dizlerinin \u00fcst\u00fcnde ilerler, tahta ka\u015f\u0131kla tencereyi bulmaya \u00e7al\u0131\u015f\u0131r. Di\u011fer \u00e7ocuklar, ebe tencereye yakla\u015ft\u0131k\u00e7a \u201cs\u0131cak\u201d, uzakla\u015ft\u0131k\u00e7a \u201cso\u011fuk\u201d der. B\u00f6ylelikle tencereyi bulmas\u0131 i\u00e7in ona yard\u0131m ederler. Sonunda tencereye ula\u015f\u0131rsa hediye onun olur. *** Uluslararas\u0131 bilin\u00e7, hak ve \u00f6zg\u00fcrl\u00fckler, \u00e7e\u015fitlilik gibi temalar dile geldiler, bir \u00e7ocu\u011fun merak duygusu ve yarat\u0131c\u0131l\u0131\u011f\u0131yla bulu\u015fup d\u00fcnyay\u0131 gezdiler, bir dolu mektupla da d\u00f6nd\u00fcler. \u015eimdi Sarp\u2019\u0131n sayesinde d\u00fcnyan\u0131n oyunu \u00f6n\u00fcm\u00fczde. Ya\u015fas\u0131n oyun oynamak! *** Sarp g\u00fcnlerdir heyecan i\u00e7inde. D\u00fcnyan\u0131n d\u00f6rt bir yan\u0131na mektuplar g\u00f6nderdi. \u015eimdi ise mektup arkada\u015flar\u0131ndan yan\u0131t alma zaman\u0131. \u0130\u015fte postac\u0131 geliyor. Bakal\u0131m \u00e7antas\u0131ndan neler \u00e7\u0131kacak? Acaba Sarp hangi oyunlarla tan\u0131\u015facak?   Uzaklardan gelen yepyeni oyunlarla ne\u015felenmeye haz\u0131r m\u0131s\u0131n\u0131z? <\/p>\n","protected":false},"excerpt":{"rendered":"<p>S\u0131rada Almanya\u2019dan gelen mektup var. Hallo, Ben Philip. Sana anlataca\u011f\u0131m oyunun ad\u0131 topfschlagen. Bu oyunu oynamak hem \u00e7ok e\u011flenceli hem de sonunda bir s\u00fcrpriz var. \u00d6nce<span class=\"excerpt-hellip\"> [\u2026]<\/span><\/p>\n","protected":false},"featured_media":0,"template":"","meta":{"_monsterinsights_skip_tracking":false,"_monsterinsights_sitenote_active":false,"_monsterinsights_sitenote_note":"","_monsterinsights_sitenote_category":0},"product_brand":[],"product_cat":[12275,12274],"product_tag":[],"class_list":{"0":"post-729218","1":"product","2":"type-product","3":"status-publish","5":"product_cat-6-12-yas-kitaplari","6":"product_cat-cocuk-ve-genclik-kitaplari","7":"pa_cilt-ciltsiz","8":"pa_tur-kitap","9":"pa_yayinevi-elma-cocuk","10":"pa_yazar-ozden-ozkanoglu","12":"first","13":"instock","14":"sale","15":"shipping-taxable","16":"purchasable","17":"product-type-simple"},"_links":{"self":[{"href":"https:\/\/roveyayinevi.com.tr\/index.php\/wp-json\/wp\/v2\/product\/729218","targetHints":{"allow":["GET"]}}],"collection":[{"href":"https:\/\/roveyayinevi.com.tr\/index.php\/wp-json\/wp\/v2\/product"}],"about":[{"href":"https:\/\/roveyayinevi.com.tr\/index.php\/wp-json\/wp\/v2\/types\/product"}],"wp:attachment":[{"href":"https:\/\/roveyayinevi.com.tr\/index.php\/wp-json\/wp\/v2\/media?parent=729218"}],"wp:term":[{"taxonomy":"product_brand","embeddable":true,"href":"https:\/\/roveyayinevi.com.tr\/index.php\/wp-json\/wp\/v2\/product_brand?post=729218"},{"taxonomy":"product_cat","embeddable":true,"href":"https:\/\/roveyayinevi.com.tr\/index.php\/wp-json\/wp\/v2\/product_cat?post=729218"},{"taxonomy":"product_tag","embeddable":true,"href":"https:\/\/roveyayinevi.com.tr\/index.php\/wp-json\/wp\/v2\/product_tag?post=729218"}],"curies":[{"name":"wp","href":"https:\/\/api.w.org\/{rel}","templated":true}]}}