{"id":729217,"date":"2025-08-27T20:52:05","date_gmt":"2025-08-27T17:52:05","guid":{"rendered":"https:\/\/roveyayinevi.com.tr\/index.php\/urun\/sonsuz-oyunlastirma\/"},"modified":"2026-04-16T02:37:03","modified_gmt":"2026-04-15T23:37:03","slug":"sonsuz-oyunlastirma","status":"publish","type":"product","link":"https:\/\/roveyayinevi.com.tr\/index.php\/urun\/sonsuz-oyunlastirma\/","title":{"rendered":"Sonsuz Oyunla\u015ft\u0131rma"},"content":{"rendered":"<p>Sonsuz Oyunla\u015ft\u0131rma, bir\u00e7ok y\u00f6neticinin gelecekte kurumlar\u0131nda baz\u0131 \u015feyleri hiyerar\u015fiyle de\u011fil de g\u00f6n\u00fcll\u00fcl\u00fckle, e\u011flenceyle ve i\u00e7sel \u00f6d\u00fcllerle nas\u0131l yapacaklar\u0131n\u0131 \u00f6\u011fretecek bir ba\u015fucu kitab\u0131. Yazar Toby Beresford, \u015firket i\u00e7inde kurulacak oyunlar\u0131n kurgusu, liderlik s\u0131ralamalar\u0131n\u0131n t\u00fcrleri, oyuna ge\u00e7 kat\u0131lanlar\u0131n ilerletilmesi, sat\u0131\u015f ve bilgi gibi puan \u00e7e\u015fitlerinin hesaplanmas\u0131, level-seviye mant\u0131\u011f\u0131n\u0131n kolaydan zora gitme matemati\u011fi gibi bir\u00e7ok deneyimini bu kitapta anlat\u0131yor.Gamfed T\u00fcrkiye Kurucusu Ercan Altu\u011f Y\u0131lmaz,\u00ab Oyun oynad\u0131k\u00e7a depresyondan uzakla\u015f\u0131r, \u00f6z\u00fcm\u00fcz olur, \u00fcretken ve mutlu oluruz.\u0130\u015fyerlerimizde ne kadar da ciddiyiz, sizce bu oyunu bozma zaman\u0131 gelmedi mi? \u00bb c\u00fcmleleriyle tan\u0131t\u0131yor kitab\u0131 okura.Elma Yay\u0131nevi, i\u015f yerlerinizde de \u00ab oyunla kal\u0131n, oyunda kal\u0131n \u00bb diyerek yeni kitab\u0131n\u0131 okurlar\u0131na sunuyor.<\/p>\n","protected":false},"excerpt":{"rendered":"<p>Sonsuz Oyunla\u015ft\u0131rma, bir\u00e7ok y\u00f6neticinin gelecekte kurumlar\u0131nda baz\u0131 \u015feyleri hiyerar\u015fiyle de\u011fil de g\u00f6n\u00fcll\u00fcl\u00fckle, e\u011flenceyle ve i\u00e7sel \u00f6d\u00fcllerle nas\u0131l yapacaklar\u0131n\u0131 \u00f6\u011fretecek bir ba\u015fucu kitab\u0131. Yazar Toby Beresford, \u015firket<span class=\"excerpt-hellip\"> [\u2026]<\/span><\/p>\n","protected":false},"featured_media":0,"template":"","meta":{"_monsterinsights_skip_tracking":false,"_monsterinsights_sitenote_active":false,"_monsterinsights_sitenote_note":"","_monsterinsights_sitenote_category":0},"product_brand":[],"product_cat":[13043,19008],"product_tag":[],"class_list":{"0":"post-729217","1":"product","2":"type-product","3":"status-publish","5":"product_cat-ekonomi","6":"product_cat-yonetim","7":"pa_cilt-ciltsiz","8":"pa_tur-kitap","9":"pa_yayinevi-elma-yayinevi","10":"pa_yazar-toby-beresford","12":"first","13":"instock","14":"sale","15":"shipping-taxable","16":"purchasable","17":"product-type-simple"},"_links":{"self":[{"href":"https:\/\/roveyayinevi.com.tr\/index.php\/wp-json\/wp\/v2\/product\/729217","targetHints":{"allow":["GET"]}}],"collection":[{"href":"https:\/\/roveyayinevi.com.tr\/index.php\/wp-json\/wp\/v2\/product"}],"about":[{"href":"https:\/\/roveyayinevi.com.tr\/index.php\/wp-json\/wp\/v2\/types\/product"}],"wp:attachment":[{"href":"https:\/\/roveyayinevi.com.tr\/index.php\/wp-json\/wp\/v2\/media?parent=729217"}],"wp:term":[{"taxonomy":"product_brand","embeddable":true,"href":"https:\/\/roveyayinevi.com.tr\/index.php\/wp-json\/wp\/v2\/product_brand?post=729217"},{"taxonomy":"product_cat","embeddable":true,"href":"https:\/\/roveyayinevi.com.tr\/index.php\/wp-json\/wp\/v2\/product_cat?post=729217"},{"taxonomy":"product_tag","embeddable":true,"href":"https:\/\/roveyayinevi.com.tr\/index.php\/wp-json\/wp\/v2\/product_tag?post=729217"}],"curies":[{"name":"wp","href":"https:\/\/api.w.org\/{rel}","templated":true}]}}