{"id":729212,"date":"2025-08-27T20:52:00","date_gmt":"2025-08-27T17:52:00","guid":{"rendered":"https:\/\/roveyayinevi.com.tr\/index.php\/urun\/ayilar-kitap-okumaz\/"},"modified":"2026-04-16T02:37:03","modified_gmt":"2026-04-15T23:37:03","slug":"ayilar-kitap-okumaz","status":"publish","type":"product","link":"https:\/\/roveyayinevi.com.tr\/index.php\/urun\/ayilar-kitap-okumaz\/","title":{"rendered":"Ay\u0131lar Kitap Okumaz"},"content":{"rendered":"<p>Arkada\u015fl\u0131k ve kitap okuma sevgisi \u00fczerine ola\u011fan\u00fcst\u00fc bir hikaye\u2026 George bal\u0131k avlamak ve ayn\u0131 hikayeleri tekrar tekrar anlatmak gibi o bildik ay\u0131 e\u011flencelerinden \u00e7ok fena s\u0131k\u0131lm\u0131\u015ft\u0131. Hayat\u0131n bunlardan ibaret olmamas\u0131 gerekti\u011fini d\u00fc\u015f\u00fcn\u00fcyordu. Bir g\u00fcn bo\u015f bo\u015f dola\u015f\u0131rken bir a\u011fac\u0131n alt\u0131nda bir kitap buldu, kitab\u0131n i\u00e7inde ayn\u0131 kendisine benzeyen bir ay\u0131 vard\u0131. O an kitab\u0131 okuyabilmeyi her \u015feyden \u00e7ok istedi. Ke\u015fke ona kitap okumay\u0131 \u00f6\u011fretecek birisini bulabilseydi. Ve sonra Clementine ile tan\u0131\u015ft\u0131, okumay\u0131 \u00e7ok seven bu k\u00fc\u00e7\u00fck k\u0131z George\u2019un hayat\u0131n\u0131 sonsuza kadar de\u011fi\u015ftirdi\u2026<\/p>\n","protected":false},"excerpt":{"rendered":"<p>Arkada\u015fl\u0131k ve kitap okuma sevgisi \u00fczerine ola\u011fan\u00fcst\u00fc bir hikaye\u2026 George bal\u0131k avlamak ve ayn\u0131 hikayeleri tekrar tekrar anlatmak gibi o bildik ay\u0131 e\u011flencelerinden \u00e7ok fena s\u0131k\u0131lm\u0131\u015ft\u0131.<span class=\"excerpt-hellip\"> [\u2026]<\/span><\/p>\n","protected":false},"featured_media":0,"template":"","meta":{"_monsterinsights_skip_tracking":false,"_monsterinsights_sitenote_active":false,"_monsterinsights_sitenote_note":"","_monsterinsights_sitenote_category":0},"product_brand":[],"product_cat":[12274,12284],"product_tag":[],"class_list":{"0":"post-729212","1":"product","2":"type-product","3":"status-publish","5":"product_cat-cocuk-ve-genclik-kitaplari","6":"product_cat-hikayeler","7":"pa_cilt-ciltsiz","8":"pa_tur-kitap","9":"pa_yayinevi-1001-cicek-kitaplar","10":"pa_yazar-emma-chichester-clark","12":"first","13":"instock","14":"sale","15":"shipping-taxable","16":"purchasable","17":"product-type-simple"},"_links":{"self":[{"href":"https:\/\/roveyayinevi.com.tr\/index.php\/wp-json\/wp\/v2\/product\/729212","targetHints":{"allow":["GET"]}}],"collection":[{"href":"https:\/\/roveyayinevi.com.tr\/index.php\/wp-json\/wp\/v2\/product"}],"about":[{"href":"https:\/\/roveyayinevi.com.tr\/index.php\/wp-json\/wp\/v2\/types\/product"}],"wp:attachment":[{"href":"https:\/\/roveyayinevi.com.tr\/index.php\/wp-json\/wp\/v2\/media?parent=729212"}],"wp:term":[{"taxonomy":"product_brand","embeddable":true,"href":"https:\/\/roveyayinevi.com.tr\/index.php\/wp-json\/wp\/v2\/product_brand?post=729212"},{"taxonomy":"product_cat","embeddable":true,"href":"https:\/\/roveyayinevi.com.tr\/index.php\/wp-json\/wp\/v2\/product_cat?post=729212"},{"taxonomy":"product_tag","embeddable":true,"href":"https:\/\/roveyayinevi.com.tr\/index.php\/wp-json\/wp\/v2\/product_tag?post=729212"}],"curies":[{"name":"wp","href":"https:\/\/api.w.org\/{rel}","templated":true}]}}