{"id":729208,"date":"2025-08-27T20:51:56","date_gmt":"2025-08-27T17:51:56","guid":{"rendered":"https:\/\/roveyayinevi.com.tr\/index.php\/urun\/kerim\/"},"modified":"2026-04-16T02:37:03","modified_gmt":"2026-04-15T23:37:03","slug":"kerim","status":"publish","type":"product","link":"https:\/\/roveyayinevi.com.tr\/index.php\/urun\/kerim\/","title":{"rendered":"Kerim"},"content":{"rendered":"<p>Koca nine yer sofras\u0131nda kahve i\u00e7iyordu; tabii Yusuf\u2019a da bir fincan yapm\u0131\u015ft\u0131. Kar\u015f\u0131l\u0131kl\u0131 otururlarken koca nine, Yusuf\u2019un can\u0131n\u0131n h\u00e2l\u00e2 s\u0131kk\u0131n oldu\u011funu fark etmi\u015f fakat laf\u0131 onun a\u00e7mas\u0131n\u0131 beklemi\u015fti. Yusuf, y\u00fcz\u00fcn\u00fc iyice i\u00e7ine g\u00f6mm\u00fc\u015ft\u00fc neredeyse. En sonunda dayanamad\u0131: \u201cNine\u2026 Ben gitsem mi?\u201d \u201cNereye o\u011flum?\u201d \u201cBelki gidersem ortal\u0131k durulur. Babam\u0131 arasak da beni gelip alsa\u2026\u201d Yusuf, olup bitenden kendini sorumlu tutuyordu. Daha k\u00f6y hayat\u0131na al\u0131\u015famam\u0131\u015fken; bir yanda onu sevmeyen bir Kerim, bir yanda Kerim\u2019e ra\u011fmen onu seven bir anneanne ve day\u0131, bir yanda da insanlar\u0131n umuduyla oynayan Mecit isminde tuhaf biri&#8230; Sanki onlar ba\u015fka, Yusuf bamba\u015fka bir dil konu\u015fuyordu. Sa\u011fd\u0131\u00e7larsa arada kalm\u0131\u015f ve Yusuf y\u00fcz\u00fcnden y\u0131llard\u0131r kurulu olan d\u00fczenleri sars\u0131lm\u0131\u015ft\u0131. Kerim n\u00fcfuzlu bir adamd\u0131, di\u011ferleriyse kendi halinde insanlar&#8230; Bir \u015fey olsa kimin galip gelece\u011fi ortadayd\u0131. Yusuf\u2019un akl\u0131ndaki senaryo, bir g\u00fcn b\u00fcy\u00fck bir kavga \u00e7\u0131kacak ve Kerim\u2019in galip gelece\u011fi y\u00f6n\u00fcndeydi. Koca nine, Yusuf\u2019un s\u00f6yledi\u011finden \u00e7ok etkilenmi\u015f ve biraz da \u00fcrkm\u00fc\u015ft\u00fc: \u201cGitmek ne kelime! Biz neciyiz o\u011flum? Sen ne d\u00fc\u015f\u00fcnd\u00fcn de b\u00f6yle konu\u015ftun koca adam gibi?\u201d Yusuf\u2019un g\u00f6zlerinden iki damla ya\u015f s\u00fcz\u00fcld\u00fc o an: \u201cBen ne yapt\u0131m ki nine? Ne yapt\u0131m ben?\u201d * * * * * * * K\u00fc\u00e7\u00fck ya\u015fta annesini kaybeden ve babas\u0131 taraf\u0131ndan k\u00f6ye b\u0131rak\u0131lan Yusuf\u2019un, dedesi Kerim ile tan\u0131\u015fma s\u00fcreci\u2026 K\u00fc\u00e7\u00fck bir kalbin, al\u0131\u015f\u0131k olmad\u0131\u011f\u0131 k\u00f6y hayat\u0131na uyum sa\u011flama ve ya\u015fad\u0131klar\u0131na anlam verme \u00e7abas\u0131&#8230; B\u00fcy\u00fckbabas\u0131 ve koca ninesinin deste\u011fi ile hayata tutunan k\u00fc\u00e7\u00fck Yusuf\u2019un, k\u00fc\u00e7\u00fck d\u00fcnyas\u0131nda geli\u015fen b\u00fcy\u00fck olaylar\u0131n anlat\u0131ld\u0131\u011f\u0131 ve keyifle okuyaca\u011f\u0131n\u0131z bir roman; Kerim&#8230; <\/p>\n","protected":false},"excerpt":{"rendered":"<p>Koca nine yer sofras\u0131nda kahve i\u00e7iyordu; tabii Yusuf\u2019a da bir fincan yapm\u0131\u015ft\u0131. Kar\u015f\u0131l\u0131kl\u0131 otururlarken koca nine, Yusuf\u2019un can\u0131n\u0131n h\u00e2l\u00e2 s\u0131kk\u0131n oldu\u011funu fark etmi\u015f fakat laf\u0131 onun<span class=\"excerpt-hellip\"> [\u2026]<\/span><\/p>\n","protected":false},"featured_media":0,"template":"","meta":{"_monsterinsights_skip_tracking":false,"_monsterinsights_sitenote_active":false,"_monsterinsights_sitenote_note":"","_monsterinsights_sitenote_category":0},"product_brand":[],"product_cat":[12291,12711],"product_tag":[],"class_list":{"0":"post-729208","1":"product","2":"type-product","3":"status-publish","5":"product_cat-edebiyat","6":"product_cat-roman-oyku","7":"pa_cilt-ciltsiz","8":"pa_tur-kitap","9":"pa_yayinevi-cinaralti-yayinlari","10":"pa_yazar-betul-asik","12":"first","13":"instock","14":"sale","15":"shipping-taxable","16":"purchasable","17":"product-type-simple"},"_links":{"self":[{"href":"https:\/\/roveyayinevi.com.tr\/index.php\/wp-json\/wp\/v2\/product\/729208","targetHints":{"allow":["GET"]}}],"collection":[{"href":"https:\/\/roveyayinevi.com.tr\/index.php\/wp-json\/wp\/v2\/product"}],"about":[{"href":"https:\/\/roveyayinevi.com.tr\/index.php\/wp-json\/wp\/v2\/types\/product"}],"wp:attachment":[{"href":"https:\/\/roveyayinevi.com.tr\/index.php\/wp-json\/wp\/v2\/media?parent=729208"}],"wp:term":[{"taxonomy":"product_brand","embeddable":true,"href":"https:\/\/roveyayinevi.com.tr\/index.php\/wp-json\/wp\/v2\/product_brand?post=729208"},{"taxonomy":"product_cat","embeddable":true,"href":"https:\/\/roveyayinevi.com.tr\/index.php\/wp-json\/wp\/v2\/product_cat?post=729208"},{"taxonomy":"product_tag","embeddable":true,"href":"https:\/\/roveyayinevi.com.tr\/index.php\/wp-json\/wp\/v2\/product_tag?post=729208"}],"curies":[{"name":"wp","href":"https:\/\/api.w.org\/{rel}","templated":true}]}}