{"id":729206,"date":"2025-08-27T20:51:54","date_gmt":"2025-08-27T17:51:54","guid":{"rendered":"https:\/\/roveyayinevi.com.tr\/index.php\/urun\/acayip-seyler-dizisi-22-kitap\/"},"modified":"2026-04-16T02:37:03","modified_gmt":"2026-04-15T23:37:03","slug":"acayip-seyler-dizisi-22-kitap","status":"publish","type":"product","link":"https:\/\/roveyayinevi.com.tr\/index.php\/urun\/acayip-seyler-dizisi-22-kitap\/","title":{"rendered":"Acayip \u015eeyler Dizisi (22 Kitap)"},"content":{"rendered":"<p>1) \u015eu Acayip Hayvanlar 2) \u015eu Acayip Bitkiler3) \u015eu Acayip G\u00f6ky\u00fcz\u00fc 4) \u015eu Acayip Yery\u00fcz\u00fc 5) \u015eu Acayip \u0130nsan V\u00fccudu 6) \u015eu Acayip B\u00f6cekler 7) \u015eu Acayip Uzay 8) \u015eu Acayip Atom 9) \u015eu Acayip H\u00fccre 10) \u015eu Acayip Ku\u015flar 11) \u015eu Acayip Bal\u0131klar 12) \u015eu Acayip I\u015f\u0131k ve Renk 13) \u015eu Acayip Ar\u0131lar 14) \u015eu Acayip Kar\u0131ncalar 15) \u015eu Acayip Kelebekler 16) \u015eu Acayip G\u00f6zler 17) \u015eu Acayip S\u00fcr\u00fcngenler 18) \u015eu Acayip Anneler 19) \u015eu Acayip A\u011fa\u00e7lar 20) \u015eu Acayip Kulaklar 21) \u015eu Acayip Beyin 22) \u015eu Acayip Burunlar<\/p>\n","protected":false},"excerpt":{"rendered":"<p>1) \u015eu Acayip Hayvanlar 2) \u015eu Acayip Bitkiler3) \u015eu Acayip G\u00f6ky\u00fcz\u00fc 4) \u015eu Acayip Yery\u00fcz\u00fc 5) \u015eu Acayip \u0130nsan V\u00fccudu 6) \u015eu Acayip B\u00f6cekler 7) \u015eu<span class=\"excerpt-hellip\"> [\u2026]<\/span><\/p>\n","protected":false},"featured_media":0,"template":"","meta":{"_monsterinsights_skip_tracking":false,"_monsterinsights_sitenote_active":false,"_monsterinsights_sitenote_note":"","_monsterinsights_sitenote_category":0},"product_brand":[],"product_cat":[12275,12274],"product_tag":[],"class_list":{"0":"post-729206","1":"product","2":"type-product","3":"status-publish","5":"product_cat-6-12-yas-kitaplari","6":"product_cat-cocuk-ve-genclik-kitaplari","7":"pa_cilt-set","8":"pa_tur-kitap","9":"pa_yayinevi-ugurbocegi-yayinlari","10":"pa_yazar-tarik-uslu","12":"first","13":"instock","14":"sale","15":"shipping-taxable","16":"purchasable","17":"product-type-simple"},"_links":{"self":[{"href":"https:\/\/roveyayinevi.com.tr\/index.php\/wp-json\/wp\/v2\/product\/729206","targetHints":{"allow":["GET"]}}],"collection":[{"href":"https:\/\/roveyayinevi.com.tr\/index.php\/wp-json\/wp\/v2\/product"}],"about":[{"href":"https:\/\/roveyayinevi.com.tr\/index.php\/wp-json\/wp\/v2\/types\/product"}],"wp:attachment":[{"href":"https:\/\/roveyayinevi.com.tr\/index.php\/wp-json\/wp\/v2\/media?parent=729206"}],"wp:term":[{"taxonomy":"product_brand","embeddable":true,"href":"https:\/\/roveyayinevi.com.tr\/index.php\/wp-json\/wp\/v2\/product_brand?post=729206"},{"taxonomy":"product_cat","embeddable":true,"href":"https:\/\/roveyayinevi.com.tr\/index.php\/wp-json\/wp\/v2\/product_cat?post=729206"},{"taxonomy":"product_tag","embeddable":true,"href":"https:\/\/roveyayinevi.com.tr\/index.php\/wp-json\/wp\/v2\/product_tag?post=729206"}],"curies":[{"name":"wp","href":"https:\/\/api.w.org\/{rel}","templated":true}]}}