{"id":729205,"date":"2025-08-27T20:51:53","date_gmt":"2025-08-27T17:51:53","guid":{"rendered":"https:\/\/roveyayinevi.com.tr\/index.php\/urun\/geri-donusum-ulkesi\/"},"modified":"2026-04-16T02:37:03","modified_gmt":"2026-04-15T23:37:03","slug":"geri-donusum-ulkesi","status":"publish","type":"product","link":"https:\/\/roveyayinevi.com.tr\/index.php\/urun\/geri-donusum-ulkesi\/","title":{"rendered":"Geri D\u00f6n\u00fc\u015f\u00fcm \u00dclkesi"},"content":{"rendered":"<p>Meryem Ermeydan\u2019\u0131n masals\u0131 \u00f6yk\u00fcs\u00fc ile Merve At\u0131lgan\u2019\u0131n b\u00fcy\u00fcl\u00fc \u00e7izimleri bir araya geliyor! Ayk\u0131z\u2019\u0131n heyecanl\u0131 hik\u00e2yesine ortak olan t\u00fcm \u00e7ocuklar, ayn\u0131 zamanda \u00e7evre ve geri d\u00f6n\u00fc\u015f\u00fcm bilinci kazanacaklar. Bir zamanlar Geri D\u00f6n\u00fc\u015f\u00fcm \u00dclkesi\u2019nde Ayk\u0131z ad\u0131nda bir \u201cs\u0131v\u0131 ya\u011f\u201d ya\u015farm\u0131\u015f. Ayk\u0131z g\u00fcne\u015f kadar parlak, su gibi berrakm\u0131\u015f. \u00dclkesindeki insanlar\u0131n \u00e7evreye kar\u015f\u0131 duyars\u0131zl\u0131\u011f\u0131 nedeniyle at\u0131k ya\u011f olarak sokakta bir ba\u015f\u0131na kalm\u0131\u015f. \u00dcstelik do\u011fan\u0131n kendisi bile ona kucak a\u00e7mam\u0131\u015f.Tam her \u015fey \u00e7\u0131kmaza girdi derken Aksakall\u0131 ya\u015fl\u0131 bir bilge ile kar\u015f\u0131la\u015fan Ayk\u0131z&#8217;\u0131n geri d\u00f6n\u00fc\u015f\u00fcm masal\u0131 i\u015fte b\u00f6yle ba\u015flam\u0131\u015f. Acaba Ayk\u0131z\u2019\u0131n masal\u0131 nas\u0131l bir sonuca ula\u015fm\u0131\u015f? <\/p>\n","protected":false},"excerpt":{"rendered":"<p>Meryem Ermeydan\u2019\u0131n masals\u0131 \u00f6yk\u00fcs\u00fc ile Merve At\u0131lgan\u2019\u0131n b\u00fcy\u00fcl\u00fc \u00e7izimleri bir araya geliyor! Ayk\u0131z\u2019\u0131n heyecanl\u0131 hik\u00e2yesine ortak olan t\u00fcm \u00e7ocuklar, ayn\u0131 zamanda \u00e7evre ve geri d\u00f6n\u00fc\u015f\u00fcm bilinci<span class=\"excerpt-hellip\"> [\u2026]<\/span><\/p>\n","protected":false},"featured_media":0,"template":"","meta":{"_monsterinsights_skip_tracking":false,"_monsterinsights_sitenote_active":false,"_monsterinsights_sitenote_note":"","_monsterinsights_sitenote_category":0},"product_brand":[],"product_cat":[12913,12274],"product_tag":[],"class_list":{"0":"post-729205","1":"product","2":"type-product","3":"status-publish","5":"product_cat-3-6-yas-kitaplari","6":"product_cat-cocuk-ve-genclik-kitaplari","7":"pa_cilt-ciltsiz","8":"pa_tur-kitap","9":"pa_yayinevi-ucanfil-ozel-urun","10":"pa_yazar-meryem-ermeydan","12":"first","13":"instock","14":"sale","15":"shipping-taxable","16":"purchasable","17":"product-type-simple"},"_links":{"self":[{"href":"https:\/\/roveyayinevi.com.tr\/index.php\/wp-json\/wp\/v2\/product\/729205","targetHints":{"allow":["GET"]}}],"collection":[{"href":"https:\/\/roveyayinevi.com.tr\/index.php\/wp-json\/wp\/v2\/product"}],"about":[{"href":"https:\/\/roveyayinevi.com.tr\/index.php\/wp-json\/wp\/v2\/types\/product"}],"wp:attachment":[{"href":"https:\/\/roveyayinevi.com.tr\/index.php\/wp-json\/wp\/v2\/media?parent=729205"}],"wp:term":[{"taxonomy":"product_brand","embeddable":true,"href":"https:\/\/roveyayinevi.com.tr\/index.php\/wp-json\/wp\/v2\/product_brand?post=729205"},{"taxonomy":"product_cat","embeddable":true,"href":"https:\/\/roveyayinevi.com.tr\/index.php\/wp-json\/wp\/v2\/product_cat?post=729205"},{"taxonomy":"product_tag","embeddable":true,"href":"https:\/\/roveyayinevi.com.tr\/index.php\/wp-json\/wp\/v2\/product_tag?post=729205"}],"curies":[{"name":"wp","href":"https:\/\/api.w.org\/{rel}","templated":true}]}}