{"id":729204,"date":"2025-08-27T20:51:52","date_gmt":"2025-08-27T17:51:52","guid":{"rendered":"https:\/\/roveyayinevi.com.tr\/index.php\/urun\/kalk-ve-once-sen-oldur\/"},"modified":"2026-04-16T02:37:03","modified_gmt":"2026-04-15T23:37:03","slug":"kalk-ve-once-sen-oldur","status":"publish","type":"product","link":"https:\/\/roveyayinevi.com.tr\/index.php\/urun\/kalk-ve-once-sen-oldur\/","title":{"rendered":"Kalk Ve \u00d6nce Sen \u00d6ld\u00fcr"},"content":{"rendered":"<p>\u201cE\u011fer Biri Seni \u00d6ld\u00fcrmeye Geliyorsa Erken Kalk ve \u00d6nce Sen \u00d6ld\u00fcr\u201d Yahudi halk\u0131n\u0131 korumak i\u00e7in her t\u00fcrl\u00fc tedbiri almak, 1948\u2019deki devletle\u015fme s\u00fcrecinin en ba\u015f\u0131ndan bu yana \u0130srail\u2019in DNA\u2019s\u0131na i\u015flemi\u015ftir. Bu kitap, hem b\u00fcy\u00fck hem k\u00fc\u00e7\u00fck d\u00fc\u015fmanlara kar\u015f\u0131 kimi zaman \u0130sraillilere y\u00f6nelik sald\u0131r\u0131lara cevaben, kimi zamansa \u00f6nleyici mahiyette say\u0131s\u0131z kez kullan\u0131lan hedefli suikastlara ili\u015fkin s\u00fcr\u00fckleyici bir anlat\u0131md\u0131r. Kalk ve \u00d6nce Sen \u00d6ld\u00fcr bu suikastlar\u0131n ba\u015far\u0131lar\u0131n\u0131, ba\u015far\u0131s\u0131zl\u0131klar\u0131n\u0131 anlat\u0131rken ayn\u0131 zamanda \u0130srail ulusunu, Ortado\u011fu\u2019yu ve t\u00fcm d\u00fcnyay\u0131 \u015fekillendiren bu operasyonlar\u0131n, bu g\u00f6revleri yerine getiren ki\u015filere dayatt\u0131\u011f\u0131 ahlaki ve siyasi bedelleri de konu edinmektedir. \u0130srailli ara\u015ft\u0131rmac\u0131 gazeteci Ronen Bergman\u2019\u0131n ba\u015fta MOSSAD, \u0130srail G\u00fcvenlik Servisi Shin Bet ve ordunun istihbarat birimi AMAN i\u00e7inde \u00e7al\u0131\u015fan ajanlar\u0131 konu\u015fmaya ikna ederek yapt\u0131\u011f\u0131 bine yak\u0131n r\u00f6portaj ve binlerce belgeye dayand\u0131rd\u0131\u011f\u0131 \u00e7al\u0131\u015fma, \u015fimdiye kadar g\u00fcn y\u00fcz\u00fcne \u00e7\u0131kmam\u0131\u015f boyutta \u0130srail\u2019in \u201cBizi \u00f6ld\u00fcrmek isteyen herkesi biz daha \u00f6nce \u00f6ld\u00fcr\u00fcyorduk\u201d s\u00f6z\u00fcyle \u00f6zetlenen hedefli \u00f6ld\u00fcrme politikas\u0131n\u0131, bu konudaki taktik ve y\u00f6ntemlerini g\u00f6zler \u00f6n\u00fcne seriyor.  \u0130ran\u2019\u0131n n\u00fckleer ara\u015ft\u0131rma \u00e7al\u0131\u015fmalar\u0131nda yer alan bilim adamlar\u0131na, Yaser Arafat dahil FK\u00d6, Hizbullah, Hamas gibi \u00f6rg\u00fctlerin liderlerine yap\u0131lan suikastlar\u0131, Filistin, Suriye, M\u0131s\u0131r, \u0130ran gibi \u00fclkelere d\u00f6n\u00fck d\u00fczenlenen operasyonlar\u0131 detaylar\u0131yla anlat\u0131yor. \u0130srail\u2019in askeri politikalar\u0131 ve MOSSAD\u2019\u0131n operasyonlar\u0131yla  ilgili bug\u00fcne kadar yaz\u0131lm\u0131\u015f en kapsaml\u0131 ara\u015ft\u0131rma olarak de\u011ferlendirilen, yay\u0131nland\u0131\u011f\u0131nda b\u00fcy\u00fck yank\u0131 uyand\u0131ran ve The New York Times \u00c7oksatanlar listesine giren  kitap ayn\u0131 zamanda \u0130srail\u2019in Ortado\u011fu\u2019ya bak\u0131\u015f\u0131n\u0131 anlamak i\u00e7in de \u00e7ok \u00f6nemli bir kaynak. \u201cKorkusuz ve sorumlu habercilikte ola\u011fan\u00fcst\u00fc bir ba\u015far\u0131. . . \u00f6nemli, zaman\u0131nda ve bilgilendirici. &#8221; (John le Carr\u00e9) \u201cHeyecan verici, bazen ac\u0131kl\u0131 ve\u2026 m\u00fcthi\u015f ara\u015ft\u0131rma ustal\u0131\u011f\u0131 ile s\u00fcr\u00fckleyici anlat\u0131m\u0131 her zaman sayg\u0131 uyand\u0131ran bir kitap\u201d (Dominic Sandbrook, Sunday Times)<\/p>\n","protected":false},"excerpt":{"rendered":"<p>\u201cE\u011fer Biri Seni \u00d6ld\u00fcrmeye Geliyorsa Erken Kalk ve \u00d6nce Sen \u00d6ld\u00fcr\u201d Yahudi halk\u0131n\u0131 korumak i\u00e7in her t\u00fcrl\u00fc tedbiri almak, 1948\u2019deki devletle\u015fme s\u00fcrecinin en ba\u015f\u0131ndan bu yana<span class=\"excerpt-hellip\"> [\u2026]<\/span><\/p>\n","protected":false},"featured_media":0,"template":"","meta":{"_monsterinsights_skip_tracking":false,"_monsterinsights_sitenote_active":false,"_monsterinsights_sitenote_note":"","_monsterinsights_sitenote_category":0},"product_brand":[],"product_cat":[13590,12337],"product_tag":[],"class_list":{"0":"post-729204","1":"product","2":"type-product","3":"status-publish","5":"product_cat-arastirma-inceleme-politika-siyaset","6":"product_cat-politika-siyaset","7":"pa_cilt-ciltsiz","8":"pa_tur-kitap","9":"pa_yayinevi-bilgi-yayinevi","10":"pa_yazar-ronen-bergman","12":"first","13":"instock","14":"sale","15":"shipping-taxable","16":"purchasable","17":"product-type-simple"},"_links":{"self":[{"href":"https:\/\/roveyayinevi.com.tr\/index.php\/wp-json\/wp\/v2\/product\/729204","targetHints":{"allow":["GET"]}}],"collection":[{"href":"https:\/\/roveyayinevi.com.tr\/index.php\/wp-json\/wp\/v2\/product"}],"about":[{"href":"https:\/\/roveyayinevi.com.tr\/index.php\/wp-json\/wp\/v2\/types\/product"}],"wp:attachment":[{"href":"https:\/\/roveyayinevi.com.tr\/index.php\/wp-json\/wp\/v2\/media?parent=729204"}],"wp:term":[{"taxonomy":"product_brand","embeddable":true,"href":"https:\/\/roveyayinevi.com.tr\/index.php\/wp-json\/wp\/v2\/product_brand?post=729204"},{"taxonomy":"product_cat","embeddable":true,"href":"https:\/\/roveyayinevi.com.tr\/index.php\/wp-json\/wp\/v2\/product_cat?post=729204"},{"taxonomy":"product_tag","embeddable":true,"href":"https:\/\/roveyayinevi.com.tr\/index.php\/wp-json\/wp\/v2\/product_tag?post=729204"}],"curies":[{"name":"wp","href":"https:\/\/api.w.org\/{rel}","templated":true}]}}