{"id":729203,"date":"2025-08-27T20:51:51","date_gmt":"2025-08-27T17:51:51","guid":{"rendered":"https:\/\/roveyayinevi.com.tr\/index.php\/urun\/jubile\/"},"modified":"2026-04-16T02:37:03","modified_gmt":"2026-04-15T23:37:03","slug":"jubile","status":"publish","type":"product","link":"https:\/\/roveyayinevi.com.tr\/index.php\/urun\/jubile\/","title":{"rendered":"J\u00fcbile"},"content":{"rendered":"<p>Bir zamanlar b\u00f6yle bir \u015fey vard\u0131. Ba\u015far\u0131n\u0131n toplu veda t\u00f6reniydi. Bir g\u00f6n\u00fcl borcu ve sayg\u0131 duru\u015fu olarak kendisine has bir k\u00fclt\u00fcr bile yaratm\u0131\u015ft\u0131. Herkes alk\u0131\u015flard\u0131 j\u00fcbilesi geleni. Ge\u00e7mi\u015fin takdiriydi ayn\u0131 zamanda. Se\u00e7kin b\u00fct\u00fcn meslek gruplar\u0131nda d\u00fczenlenen, \u00f6zel merasimlerdendi.  \u015eimdi unutuldu. Baz\u0131 \u015f\u00f6hretli sporcular i\u00e7in yap\u0131l\u0131yor eski s\u0131kl\u0131kta olmasa da. Oysa bir zamanlar ilim, sanat ve edebiyat d\u00fcnyas\u0131nda \u201ck\u00f6\u015fesine \u00e7ekilen\u201d her b\u00fcy\u00fck isim ad\u0131na j\u00fcbileler d\u00fczenlenmi\u015ftir. Halid Ziya U\u015fakl\u0131gil\u2019den Tar\u0131k Bu\u011fra\u2019ya, Necip Faz\u0131l K\u0131sak\u00fcrek\u2019ten Fuad K\u00f6pr\u00fcl\u00fc\u2019ye, \u0130bn\u00fclemin Mahmud Kemal\u2019den Muhsin Ertu\u011frul\u2019a geni\u015f bir yelpazede pek \u00e7ok ilim ve k\u00fclt\u00fcr adam\u0131 i\u00e7in, sevenleri taraf\u0131ndan tertip edilmi\u015ftir. Unutmad\u0131k, unutulmad\u0131n\u0131z demenin i\u00e7ten sunulmu\u015f bir s\u00f6z buketidir sanat\u00e7\u0131ya.  Sel\u00e7uk Karak\u0131l\u0131\u00e7, \u00f6zellikle 1930- 1970 aras\u0131nda esen bu j\u00fcbile r\u00fczg\u00e2r\u0131n\u0131n matbuat \u00e2lemindeki yans\u0131malar\u0131 aras\u0131nda dola\u015f\u0131yor, \u00e7arp\u0131c\u0131 haberler i\u00e7inden dev\u015firdi\u011fi ilgin\u00e7 anekdotlarla bir d\u00f6nemin bu \u00f6nemli gelene\u011fine \u0131\u015f\u0131k tutuyor. Detaylar ve olaylar kadar \u015fah\u0131slar da edebiyat ve k\u00fclt\u00fcr tarihimizin unutulmu\u015f bir g\u00fczelli\u011fini \u00f6n\u00fcm\u00fcze seriyor. <\/p>\n","protected":false},"excerpt":{"rendered":"<p>Bir zamanlar b\u00f6yle bir \u015fey vard\u0131. Ba\u015far\u0131n\u0131n toplu veda t\u00f6reniydi. Bir g\u00f6n\u00fcl borcu ve sayg\u0131 duru\u015fu olarak kendisine has bir k\u00fclt\u00fcr bile yaratm\u0131\u015ft\u0131. Herkes alk\u0131\u015flard\u0131 j\u00fcbilesi<span class=\"excerpt-hellip\"> [\u2026]<\/span><\/p>\n","protected":false},"featured_media":0,"template":"","meta":{"_monsterinsights_skip_tracking":false,"_monsterinsights_sitenote_active":false,"_monsterinsights_sitenote_note":"","_monsterinsights_sitenote_category":0},"product_brand":[],"product_cat":[12291,12711],"product_tag":[],"class_list":{"0":"post-729203","1":"product","2":"type-product","3":"status-publish","5":"product_cat-edebiyat","6":"product_cat-roman-oyku","7":"pa_cilt-ciltsiz","8":"pa_tur-kitap","9":"pa_yayinevi-kapi-yayinlari","10":"pa_yazar-selcuk-karakilic","12":"first","13":"instock","14":"sale","15":"shipping-taxable","16":"purchasable","17":"product-type-simple"},"_links":{"self":[{"href":"https:\/\/roveyayinevi.com.tr\/index.php\/wp-json\/wp\/v2\/product\/729203","targetHints":{"allow":["GET"]}}],"collection":[{"href":"https:\/\/roveyayinevi.com.tr\/index.php\/wp-json\/wp\/v2\/product"}],"about":[{"href":"https:\/\/roveyayinevi.com.tr\/index.php\/wp-json\/wp\/v2\/types\/product"}],"wp:attachment":[{"href":"https:\/\/roveyayinevi.com.tr\/index.php\/wp-json\/wp\/v2\/media?parent=729203"}],"wp:term":[{"taxonomy":"product_brand","embeddable":true,"href":"https:\/\/roveyayinevi.com.tr\/index.php\/wp-json\/wp\/v2\/product_brand?post=729203"},{"taxonomy":"product_cat","embeddable":true,"href":"https:\/\/roveyayinevi.com.tr\/index.php\/wp-json\/wp\/v2\/product_cat?post=729203"},{"taxonomy":"product_tag","embeddable":true,"href":"https:\/\/roveyayinevi.com.tr\/index.php\/wp-json\/wp\/v2\/product_tag?post=729203"}],"curies":[{"name":"wp","href":"https:\/\/api.w.org\/{rel}","templated":true}]}}