{"id":729201,"date":"2025-08-27T20:51:49","date_gmt":"2025-08-27T17:51:49","guid":{"rendered":"https:\/\/roveyayinevi.com.tr\/index.php\/urun\/nehr-i-zaman\/"},"modified":"2026-04-16T02:37:03","modified_gmt":"2026-04-15T23:37:03","slug":"nehr-i-zaman","status":"publish","type":"product","link":"https:\/\/roveyayinevi.com.tr\/index.php\/urun\/nehr-i-zaman\/","title":{"rendered":"Nehr-\u0130 Zaman"},"content":{"rendered":"<p>G\u00fcz mevsiminin son demleri Mavi bir k\u0131l\u0131\u00e7 \u00e7ekiyordu g\u00f6ky\u00fcz\u00fc Yere serilmi\u015f sar\u0131 \u00f6l\u00fc yapraklar M\u00fcsin bir \u00e7\u0131nar a\u011fac\u0131n\u0131n kanl\u0131 g\u00f6z\u00fc Birazdan sevdi\u011fini alacakt\u0131 r\u00fczgar. Hen\u00fcz on sekizimdeyim, gurbet yolunun esiri, Dicle bir yana akar, ben bir yana akar\u0131m yeni bir hayata do\u011fru. Ba\u015f\u0131m\u0131 dayad\u0131\u011f\u0131m camdan her \u015fey bana bakar, Hicran ve vuslat bir arada kokuyor, San\u0131r\u0131m hen\u00fcz \u00e7ocu\u011fum. <\/p>\n","protected":false},"excerpt":{"rendered":"<p>G\u00fcz mevsiminin son demleri Mavi bir k\u0131l\u0131\u00e7 \u00e7ekiyordu g\u00f6ky\u00fcz\u00fc Yere serilmi\u015f sar\u0131 \u00f6l\u00fc yapraklar M\u00fcsin bir \u00e7\u0131nar a\u011fac\u0131n\u0131n kanl\u0131 g\u00f6z\u00fc Birazdan sevdi\u011fini alacakt\u0131 r\u00fczgar. Hen\u00fcz on<span class=\"excerpt-hellip\"> [\u2026]<\/span><\/p>\n","protected":false},"featured_media":0,"template":"","meta":{"_monsterinsights_skip_tracking":false,"_monsterinsights_sitenote_active":false,"_monsterinsights_sitenote_note":"","_monsterinsights_sitenote_category":0},"product_brand":[],"product_cat":[12291,12509],"product_tag":[],"class_list":{"0":"post-729201","1":"product","2":"type-product","3":"status-publish","5":"product_cat-edebiyat","6":"product_cat-siir","7":"pa_cilt-ciltsiz","8":"pa_tur-kitap","9":"pa_yayinevi-gulnar-yayinlari","10":"pa_yazar-mehmet-zeki-aksoy","12":"first","13":"instock","14":"sale","15":"shipping-taxable","16":"purchasable","17":"product-type-simple"},"_links":{"self":[{"href":"https:\/\/roveyayinevi.com.tr\/index.php\/wp-json\/wp\/v2\/product\/729201","targetHints":{"allow":["GET"]}}],"collection":[{"href":"https:\/\/roveyayinevi.com.tr\/index.php\/wp-json\/wp\/v2\/product"}],"about":[{"href":"https:\/\/roveyayinevi.com.tr\/index.php\/wp-json\/wp\/v2\/types\/product"}],"wp:attachment":[{"href":"https:\/\/roveyayinevi.com.tr\/index.php\/wp-json\/wp\/v2\/media?parent=729201"}],"wp:term":[{"taxonomy":"product_brand","embeddable":true,"href":"https:\/\/roveyayinevi.com.tr\/index.php\/wp-json\/wp\/v2\/product_brand?post=729201"},{"taxonomy":"product_cat","embeddable":true,"href":"https:\/\/roveyayinevi.com.tr\/index.php\/wp-json\/wp\/v2\/product_cat?post=729201"},{"taxonomy":"product_tag","embeddable":true,"href":"https:\/\/roveyayinevi.com.tr\/index.php\/wp-json\/wp\/v2\/product_tag?post=729201"}],"curies":[{"name":"wp","href":"https:\/\/api.w.org\/{rel}","templated":true}]}}