{"id":729200,"date":"2025-08-27T20:51:48","date_gmt":"2025-08-27T17:51:48","guid":{"rendered":"https:\/\/roveyayinevi.com.tr\/index.php\/urun\/zeka-oyunlari\/"},"modified":"2026-04-16T02:37:03","modified_gmt":"2026-04-15T23:37:03","slug":"zeka-oyunlari","status":"publish","type":"product","link":"https:\/\/roveyayinevi.com.tr\/index.php\/urun\/zeka-oyunlari\/","title":{"rendered":"Zeka Oyunlar\u0131"},"content":{"rendered":"<p>\u2018Zek\u00e2 Oyunlar\u0131\u2019, b\u00fcy\u00fcklerimizin \u201czek\u00e2n\u0131n bilinmesi\u201ddiye tan\u0131mlad\u0131klar\u0131 matematiksel mant\u0131k oyunlar\u0131na ve s\u00f6yleyi\u015f yan\u0131lg\u0131lar\u0131na dayan\u0131larak \u00fcretilir. Bu oyunlar, asl\u0131nda y\u0131llard\u0131r de\u011fil, as\u0131rlard\u0131r insanlar aras\u0131nda anlat\u0131lagelir. Bu kitap\u00e7\u0131kta, titizlikle derlenmi\u015f zek\u00e2 oyunlar\u0131 bulacaks\u0131n\u0131z. Zek\u00e2 oyunlar\u0131n\u0131n labirentinde gezinirken \u00e7ok e\u011flenecek ve ne\u015feli dakikalar ge\u00e7ireceksiniz. <\/p>\n","protected":false},"excerpt":{"rendered":"<p>\u2018Zek\u00e2 Oyunlar\u0131\u2019, b\u00fcy\u00fcklerimizin \u201czek\u00e2n\u0131n bilinmesi\u201ddiye tan\u0131mlad\u0131klar\u0131 matematiksel mant\u0131k oyunlar\u0131na ve s\u00f6yleyi\u015f yan\u0131lg\u0131lar\u0131na dayan\u0131larak \u00fcretilir. Bu oyunlar, asl\u0131nda y\u0131llard\u0131r de\u011fil, as\u0131rlard\u0131r insanlar aras\u0131nda anlat\u0131lagelir. Bu kitap\u00e7\u0131kta, titizlikle<span class=\"excerpt-hellip\"> [\u2026]<\/span><\/p>\n","protected":false},"featured_media":0,"template":"","meta":{"_monsterinsights_skip_tracking":false,"_monsterinsights_sitenote_active":false,"_monsterinsights_sitenote_note":"","_monsterinsights_sitenote_category":0},"product_brand":[],"product_cat":[12274,15842],"product_tag":[],"class_list":{"0":"post-729200","1":"product","2":"type-product","3":"status-publish","5":"product_cat-cocuk-ve-genclik-kitaplari","6":"product_cat-egitici-kitaplar","7":"pa_cilt-ciltsiz","8":"pa_tur-kitap","9":"pa_yayinevi-kopernik-kitap","10":"pa_yazar-yalvac-ural","12":"first","13":"instock","14":"sale","15":"shipping-taxable","16":"purchasable","17":"product-type-simple"},"_links":{"self":[{"href":"https:\/\/roveyayinevi.com.tr\/index.php\/wp-json\/wp\/v2\/product\/729200","targetHints":{"allow":["GET"]}}],"collection":[{"href":"https:\/\/roveyayinevi.com.tr\/index.php\/wp-json\/wp\/v2\/product"}],"about":[{"href":"https:\/\/roveyayinevi.com.tr\/index.php\/wp-json\/wp\/v2\/types\/product"}],"wp:attachment":[{"href":"https:\/\/roveyayinevi.com.tr\/index.php\/wp-json\/wp\/v2\/media?parent=729200"}],"wp:term":[{"taxonomy":"product_brand","embeddable":true,"href":"https:\/\/roveyayinevi.com.tr\/index.php\/wp-json\/wp\/v2\/product_brand?post=729200"},{"taxonomy":"product_cat","embeddable":true,"href":"https:\/\/roveyayinevi.com.tr\/index.php\/wp-json\/wp\/v2\/product_cat?post=729200"},{"taxonomy":"product_tag","embeddable":true,"href":"https:\/\/roveyayinevi.com.tr\/index.php\/wp-json\/wp\/v2\/product_tag?post=729200"}],"curies":[{"name":"wp","href":"https:\/\/api.w.org\/{rel}","templated":true}]}}