{"id":729198,"date":"2025-08-27T20:51:47","date_gmt":"2025-08-27T17:51:47","guid":{"rendered":"https:\/\/roveyayinevi.com.tr\/index.php\/urun\/matematik-oyunlari\/"},"modified":"2026-04-16T02:37:03","modified_gmt":"2026-04-15T23:37:03","slug":"matematik-oyunlari","status":"publish","type":"product","link":"https:\/\/roveyayinevi.com.tr\/index.php\/urun\/matematik-oyunlari\/","title":{"rendered":"Matematik Oyunlar\u0131"},"content":{"rendered":"<p>Matematik Oyunlar\u0131\u2019 kitab\u0131, ad\u0131ndan da anla\u015f\u0131laca\u011f\u0131 gibi matematik \u00fcretilen oyunlardan olu\u015fuyor.   Burada hemen \u00e7\u00f6zebilece\u011finiz oyunlarla kar\u015f\u0131la\u015faca\u011f\u0131n\u0131z gibi belki sizi g\u00fcnlerce u\u011fra\u015ft\u0131racak, b\u00fcy\u00fcklerinizin bile \u00e7\u00f6zemeyece\u011fi oyunlar bulacaks\u0131n\u0131z. <\/p>\n","protected":false},"excerpt":{"rendered":"<p>Matematik Oyunlar\u0131\u2019 kitab\u0131, ad\u0131ndan da anla\u015f\u0131laca\u011f\u0131 gibi matematik \u00fcretilen oyunlardan olu\u015fuyor. Burada hemen \u00e7\u00f6zebilece\u011finiz oyunlarla kar\u015f\u0131la\u015faca\u011f\u0131n\u0131z gibi belki sizi g\u00fcnlerce u\u011fra\u015ft\u0131racak, b\u00fcy\u00fcklerinizin bile \u00e7\u00f6zemeyece\u011fi oyunlar bulacaks\u0131n\u0131z.<\/p>\n","protected":false},"featured_media":0,"template":"","meta":{"_monsterinsights_skip_tracking":false,"_monsterinsights_sitenote_active":false,"_monsterinsights_sitenote_note":"","_monsterinsights_sitenote_category":0},"product_brand":[],"product_cat":[12274,15842],"product_tag":[],"class_list":{"0":"post-729198","1":"product","2":"type-product","3":"status-publish","5":"product_cat-cocuk-ve-genclik-kitaplari","6":"product_cat-egitici-kitaplar","7":"pa_cilt-ciltsiz","8":"pa_tur-kitap","9":"pa_yayinevi-kopernik-kitap","10":"pa_yazar-yalvac-ural","12":"first","13":"instock","14":"sale","15":"shipping-taxable","16":"purchasable","17":"product-type-simple"},"_links":{"self":[{"href":"https:\/\/roveyayinevi.com.tr\/index.php\/wp-json\/wp\/v2\/product\/729198","targetHints":{"allow":["GET"]}}],"collection":[{"href":"https:\/\/roveyayinevi.com.tr\/index.php\/wp-json\/wp\/v2\/product"}],"about":[{"href":"https:\/\/roveyayinevi.com.tr\/index.php\/wp-json\/wp\/v2\/types\/product"}],"wp:attachment":[{"href":"https:\/\/roveyayinevi.com.tr\/index.php\/wp-json\/wp\/v2\/media?parent=729198"}],"wp:term":[{"taxonomy":"product_brand","embeddable":true,"href":"https:\/\/roveyayinevi.com.tr\/index.php\/wp-json\/wp\/v2\/product_brand?post=729198"},{"taxonomy":"product_cat","embeddable":true,"href":"https:\/\/roveyayinevi.com.tr\/index.php\/wp-json\/wp\/v2\/product_cat?post=729198"},{"taxonomy":"product_tag","embeddable":true,"href":"https:\/\/roveyayinevi.com.tr\/index.php\/wp-json\/wp\/v2\/product_tag?post=729198"}],"curies":[{"name":"wp","href":"https:\/\/api.w.org\/{rel}","templated":true}]}}