{"id":729196,"date":"2025-08-27T20:51:45","date_gmt":"2025-08-27T17:51:45","guid":{"rendered":"https:\/\/roveyayinevi.com.tr\/index.php\/urun\/goz-aldatmacalari\/"},"modified":"2026-04-16T02:37:03","modified_gmt":"2026-04-15T23:37:03","slug":"goz-aldatmacalari","status":"publish","type":"product","link":"https:\/\/roveyayinevi.com.tr\/index.php\/urun\/goz-aldatmacalari\/","title":{"rendered":"G\u00f6z Aldatmacalar\u0131"},"content":{"rendered":"<p>\u2018\u2018G\u00f6z Aldatmacalar\u0131\u2019n\u0131n di\u011fer ad\u0131 da \u2018yan\u0131lsama\u2019d\u0131r. G\u00f6z\u00fcm\u00fcz\u00fcn bizi aldatmas\u0131yla ilgili oyunlardan olu\u015fur. D\u00fcz bir bak\u0131\u015fla farkl\u0131 farkl\u0131 g\u00f6rd\u00fc\u011f\u00fcm\u00fcz baz\u0131 \u015feyleri, daha dikkatli bakt\u0131\u011f\u0131m\u0131zda ba\u015fka bir bi\u00e7imde g\u00f6rebiliriz. Bu, o kadar geli\u015fmi\u015f bir perspektif tekni\u011fidir ki, mimarlara ve ressamlara kaynak olmu\u015f \u00fc\u00e7 boyutlu g\u00f6r\u00fcnt\u00fcler elde edilmi\u015ftir. Bu kitap\u00e7\u0131ktaki g\u00f6z aldatmacalar\u0131 bilmecelerini arkada\u015flar\u0131n\u0131zla \u00e7\u00f6zerken, e\u011flenceli dakikalar ge\u00e7ireceksiniz. <\/p>\n","protected":false},"excerpt":{"rendered":"<p>\u2018\u2018G\u00f6z Aldatmacalar\u0131\u2019n\u0131n di\u011fer ad\u0131 da \u2018yan\u0131lsama\u2019d\u0131r. G\u00f6z\u00fcm\u00fcz\u00fcn bizi aldatmas\u0131yla ilgili oyunlardan olu\u015fur. D\u00fcz bir bak\u0131\u015fla farkl\u0131 farkl\u0131 g\u00f6rd\u00fc\u011f\u00fcm\u00fcz baz\u0131 \u015feyleri, daha dikkatli bakt\u0131\u011f\u0131m\u0131zda ba\u015fka bir bi\u00e7imde<span class=\"excerpt-hellip\"> [\u2026]<\/span><\/p>\n","protected":false},"featured_media":0,"template":"","meta":{"_monsterinsights_skip_tracking":false,"_monsterinsights_sitenote_active":false,"_monsterinsights_sitenote_note":"","_monsterinsights_sitenote_category":0},"product_brand":[],"product_cat":[12274,15842],"product_tag":[],"class_list":{"0":"post-729196","1":"product","2":"type-product","3":"status-publish","5":"product_cat-cocuk-ve-genclik-kitaplari","6":"product_cat-egitici-kitaplar","7":"pa_cilt-ciltsiz","8":"pa_tur-kitap","9":"pa_yayinevi-kopernik-kitap","10":"pa_yazar-yalvac-ural","12":"first","13":"instock","14":"sale","15":"shipping-taxable","16":"purchasable","17":"product-type-simple"},"_links":{"self":[{"href":"https:\/\/roveyayinevi.com.tr\/index.php\/wp-json\/wp\/v2\/product\/729196","targetHints":{"allow":["GET"]}}],"collection":[{"href":"https:\/\/roveyayinevi.com.tr\/index.php\/wp-json\/wp\/v2\/product"}],"about":[{"href":"https:\/\/roveyayinevi.com.tr\/index.php\/wp-json\/wp\/v2\/types\/product"}],"wp:attachment":[{"href":"https:\/\/roveyayinevi.com.tr\/index.php\/wp-json\/wp\/v2\/media?parent=729196"}],"wp:term":[{"taxonomy":"product_brand","embeddable":true,"href":"https:\/\/roveyayinevi.com.tr\/index.php\/wp-json\/wp\/v2\/product_brand?post=729196"},{"taxonomy":"product_cat","embeddable":true,"href":"https:\/\/roveyayinevi.com.tr\/index.php\/wp-json\/wp\/v2\/product_cat?post=729196"},{"taxonomy":"product_tag","embeddable":true,"href":"https:\/\/roveyayinevi.com.tr\/index.php\/wp-json\/wp\/v2\/product_tag?post=729196"}],"curies":[{"name":"wp","href":"https:\/\/api.w.org\/{rel}","templated":true}]}}