{"id":729194,"date":"2025-08-27T20:51:43","date_gmt":"2025-08-27T17:51:43","guid":{"rendered":"https:\/\/roveyayinevi.com.tr\/index.php\/urun\/dil-cevirmece-sayismaca-tekerleme\/"},"modified":"2025-10-17T19:06:39","modified_gmt":"2025-10-17T16:06:39","slug":"dil-cevirmece-sayismaca-tekerleme","status":"publish","type":"product","link":"https:\/\/roveyayinevi.com.tr\/index.php\/urun\/dil-cevirmece-sayismaca-tekerleme\/","title":{"rendered":"Dil \u00c7evirmece &#8211; Say\u0131\u015fmaca &#8211; Tekerleme"},"content":{"rendered":"<p>Bu kitap\u00e7\u0131kta tekerleme, dil \u00e7evirme, say\u0131\u015fmaca \u00f6rnekleri bulacaks\u0131n\u0131z. Amac\u0131m\u0131z bu dil oyunlar\u0131yla, T\u00fcrk\u00e7emizi do\u011fru s\u00f6yleminizi sa\u011flamak. Arkada\u015flar\u0131n\u0131zla birlikte oynayabilece\u011finiz bu dil oyunlar\u0131yla, e\u011flenecek ve kahkahalarla g\u00fcleceksiniz. Ve do\u011fru diksiyonunuz sayesinde, \u00e7ok g\u00fczel konu\u015ftu\u011funuzu g\u00f6receksiniz!.. <\/p>\n","protected":false},"excerpt":{"rendered":"<p>Bu kitap\u00e7\u0131kta tekerleme, dil \u00e7evirme, say\u0131\u015fmaca \u00f6rnekleri bulacaks\u0131n\u0131z. Amac\u0131m\u0131z bu dil oyunlar\u0131yla, T\u00fcrk\u00e7emizi do\u011fru s\u00f6yleminizi sa\u011flamak. Arkada\u015flar\u0131n\u0131zla birlikte oynayabilece\u011finiz bu dil oyunlar\u0131yla, e\u011flenecek ve kahkahalarla g\u00fcleceksiniz.<span class=\"excerpt-hellip\"> [\u2026]<\/span><\/p>\n","protected":false},"featured_media":0,"template":"","meta":{"_monsterinsights_skip_tracking":false,"_monsterinsights_sitenote_active":false,"_monsterinsights_sitenote_note":"","_monsterinsights_sitenote_category":0},"product_brand":[],"product_cat":[12274,15842],"product_tag":[],"class_list":{"0":"post-729194","1":"product","2":"type-product","3":"status-publish","5":"product_cat-cocuk-ve-genclik-kitaplari","6":"product_cat-egitici-kitaplar","7":"pa_cilt-ciltsiz","8":"pa_tur-kitap","9":"pa_yayinevi-kopernik-kitap","10":"pa_yazar-yalvac-ural","12":"first","13":"instock","14":"sale","15":"shipping-taxable","16":"purchasable","17":"product-type-simple"},"_links":{"self":[{"href":"https:\/\/roveyayinevi.com.tr\/index.php\/wp-json\/wp\/v2\/product\/729194","targetHints":{"allow":["GET"]}}],"collection":[{"href":"https:\/\/roveyayinevi.com.tr\/index.php\/wp-json\/wp\/v2\/product"}],"about":[{"href":"https:\/\/roveyayinevi.com.tr\/index.php\/wp-json\/wp\/v2\/types\/product"}],"wp:attachment":[{"href":"https:\/\/roveyayinevi.com.tr\/index.php\/wp-json\/wp\/v2\/media?parent=729194"}],"wp:term":[{"taxonomy":"product_brand","embeddable":true,"href":"https:\/\/roveyayinevi.com.tr\/index.php\/wp-json\/wp\/v2\/product_brand?post=729194"},{"taxonomy":"product_cat","embeddable":true,"href":"https:\/\/roveyayinevi.com.tr\/index.php\/wp-json\/wp\/v2\/product_cat?post=729194"},{"taxonomy":"product_tag","embeddable":true,"href":"https:\/\/roveyayinevi.com.tr\/index.php\/wp-json\/wp\/v2\/product_tag?post=729194"}],"curies":[{"name":"wp","href":"https:\/\/api.w.org\/{rel}","templated":true}]}}