{"id":729193,"date":"2025-08-27T20:51:42","date_gmt":"2025-08-27T17:51:42","guid":{"rendered":"https:\/\/roveyayinevi.com.tr\/index.php\/urun\/cocuklara-deneyler\/"},"modified":"2026-04-16T02:37:03","modified_gmt":"2026-04-15T23:37:03","slug":"cocuklara-deneyler","status":"publish","type":"product","link":"https:\/\/roveyayinevi.com.tr\/index.php\/urun\/cocuklara-deneyler\/","title":{"rendered":"\u00c7ocuklara Deneyler"},"content":{"rendered":"<p>B\u00fct\u00fcn \u00e7ocuklar\u0131 deneysel oyunlar\u0131 \u00e7ok severler. Bu, bilimsel ger\u00e7eklerin test edilmesi anlam\u0131na gelir. Her g\u00fcn ya\u015fad\u0131\u011f\u0131m\u0131z, zaman zaman \u2018neden ve ni\u00e7in\u2019ini bilmedi\u011fimiz olaylar\u0131n, oyun oynar gibi uygulamas\u0131 herkesi \u00e7ok mutlu eder. Hatta, ba\u015fkalar\u0131n\u0131n akl\u0131n\u0131 test etmek i\u00e7in bu kitaplara ba\u015fvururuz. Bu kitap\u00e7\u0131ktaki deneyleri arkada\u015flar\u0131n\u0131zla birlikte yap\u0131p uygularken, ilgin\u00e7 dakikalar ge\u00e7ireceksiniz. Ve inan\u0131lmaz bilgiler edineceksiniz. <\/p>\n","protected":false},"excerpt":{"rendered":"<p>B\u00fct\u00fcn \u00e7ocuklar\u0131 deneysel oyunlar\u0131 \u00e7ok severler. Bu, bilimsel ger\u00e7eklerin test edilmesi anlam\u0131na gelir. Her g\u00fcn ya\u015fad\u0131\u011f\u0131m\u0131z, zaman zaman \u2018neden ve ni\u00e7in\u2019ini bilmedi\u011fimiz olaylar\u0131n, oyun oynar gibi<span class=\"excerpt-hellip\"> [\u2026]<\/span><\/p>\n","protected":false},"featured_media":0,"template":"","meta":{"_monsterinsights_skip_tracking":false,"_monsterinsights_sitenote_active":false,"_monsterinsights_sitenote_note":"","_monsterinsights_sitenote_category":0},"product_brand":[],"product_cat":[12274,15842],"product_tag":[],"class_list":{"0":"post-729193","1":"product","2":"type-product","3":"status-publish","5":"product_cat-cocuk-ve-genclik-kitaplari","6":"product_cat-egitici-kitaplar","7":"pa_cilt-ciltsiz","8":"pa_tur-kitap","9":"pa_yayinevi-kopernik-kitap","10":"pa_yazar-yalvac-ural","12":"first","13":"instock","14":"sale","15":"shipping-taxable","16":"purchasable","17":"product-type-simple"},"_links":{"self":[{"href":"https:\/\/roveyayinevi.com.tr\/index.php\/wp-json\/wp\/v2\/product\/729193","targetHints":{"allow":["GET"]}}],"collection":[{"href":"https:\/\/roveyayinevi.com.tr\/index.php\/wp-json\/wp\/v2\/product"}],"about":[{"href":"https:\/\/roveyayinevi.com.tr\/index.php\/wp-json\/wp\/v2\/types\/product"}],"wp:attachment":[{"href":"https:\/\/roveyayinevi.com.tr\/index.php\/wp-json\/wp\/v2\/media?parent=729193"}],"wp:term":[{"taxonomy":"product_brand","embeddable":true,"href":"https:\/\/roveyayinevi.com.tr\/index.php\/wp-json\/wp\/v2\/product_brand?post=729193"},{"taxonomy":"product_cat","embeddable":true,"href":"https:\/\/roveyayinevi.com.tr\/index.php\/wp-json\/wp\/v2\/product_cat?post=729193"},{"taxonomy":"product_tag","embeddable":true,"href":"https:\/\/roveyayinevi.com.tr\/index.php\/wp-json\/wp\/v2\/product_tag?post=729193"}],"curies":[{"name":"wp","href":"https:\/\/api.w.org\/{rel}","templated":true}]}}