{"id":729192,"date":"2025-08-27T20:51:41","date_gmt":"2025-08-27T17:51:41","guid":{"rendered":"https:\/\/roveyayinevi.com.tr\/index.php\/urun\/at-zipirlari\/"},"modified":"2026-04-16T02:37:03","modified_gmt":"2026-04-15T23:37:03","slug":"at-zipirlari","status":"publish","type":"product","link":"https:\/\/roveyayinevi.com.tr\/index.php\/urun\/at-zipirlari\/","title":{"rendered":"At Z\u0131p\u0131rlar\u0131"},"content":{"rendered":"<p>\u2018At Z\u0131p\u0131rlar\u0131\u2019, ad\u0131ndan da anla\u015f\u0131laca\u011f\u0131 gibi i\u00e7inde, s\u00f6zc\u00fck ba\u015f\u0131nda ya da sonunda \u2018at\u2019 tak\u0131s\u0131 olan ya da \u2018at\u2019 tak\u0131s\u0131 \u00fczerine \u00fcretilmi\u015f bilmecelerden olu\u015fan yeni bir kitap. \u2018At Z\u0131p\u0131rlar\u0131\u2019n\u0131 \u00f6teki z\u0131p\u0131r bilmeceler kadar sevece\u011finize inan\u0131yoruz. \u2018\u0130t Z\u0131p\u0131rlar\u0131\u2019 ve \u2018Fil Z\u0131p\u0131rlar\u0131\u2019 kitaplar\u0131n\u0131 da bulacaks\u0131n\u0131z. <\/p>\n","protected":false},"excerpt":{"rendered":"<p>\u2018At Z\u0131p\u0131rlar\u0131\u2019, ad\u0131ndan da anla\u015f\u0131laca\u011f\u0131 gibi i\u00e7inde, s\u00f6zc\u00fck ba\u015f\u0131nda ya da sonunda \u2018at\u2019 tak\u0131s\u0131 olan ya da \u2018at\u2019 tak\u0131s\u0131 \u00fczerine \u00fcretilmi\u015f bilmecelerden olu\u015fan yeni bir kitap.<span class=\"excerpt-hellip\"> [\u2026]<\/span><\/p>\n","protected":false},"featured_media":0,"template":"","meta":{"_monsterinsights_skip_tracking":false,"_monsterinsights_sitenote_active":false,"_monsterinsights_sitenote_note":"","_monsterinsights_sitenote_category":0},"product_brand":[],"product_cat":[12274,15842],"product_tag":[],"class_list":{"0":"post-729192","1":"product","2":"type-product","3":"status-publish","5":"product_cat-cocuk-ve-genclik-kitaplari","6":"product_cat-egitici-kitaplar","7":"pa_cilt-ciltsiz","8":"pa_tur-kitap","9":"pa_yayinevi-kopernik-kitap","10":"pa_yazar-yalvac-ural","12":"first","13":"instock","14":"sale","15":"shipping-taxable","16":"purchasable","17":"product-type-simple"},"_links":{"self":[{"href":"https:\/\/roveyayinevi.com.tr\/index.php\/wp-json\/wp\/v2\/product\/729192","targetHints":{"allow":["GET"]}}],"collection":[{"href":"https:\/\/roveyayinevi.com.tr\/index.php\/wp-json\/wp\/v2\/product"}],"about":[{"href":"https:\/\/roveyayinevi.com.tr\/index.php\/wp-json\/wp\/v2\/types\/product"}],"wp:attachment":[{"href":"https:\/\/roveyayinevi.com.tr\/index.php\/wp-json\/wp\/v2\/media?parent=729192"}],"wp:term":[{"taxonomy":"product_brand","embeddable":true,"href":"https:\/\/roveyayinevi.com.tr\/index.php\/wp-json\/wp\/v2\/product_brand?post=729192"},{"taxonomy":"product_cat","embeddable":true,"href":"https:\/\/roveyayinevi.com.tr\/index.php\/wp-json\/wp\/v2\/product_cat?post=729192"},{"taxonomy":"product_tag","embeddable":true,"href":"https:\/\/roveyayinevi.com.tr\/index.php\/wp-json\/wp\/v2\/product_tag?post=729192"}],"curies":[{"name":"wp","href":"https:\/\/api.w.org\/{rel}","templated":true}]}}