{"id":729189,"date":"2025-08-27T20:51:38","date_gmt":"2025-08-27T17:51:38","guid":{"rendered":"https:\/\/roveyayinevi.com.tr\/index.php\/urun\/ingilizce-bulmaca-etkinlik-kitabi\/"},"modified":"2026-04-16T02:37:03","modified_gmt":"2026-04-15T23:37:03","slug":"ingilizce-bulmaca-etkinlik-kitabi","status":"publish","type":"product","link":"https:\/\/roveyayinevi.com.tr\/index.php\/urun\/ingilizce-bulmaca-etkinlik-kitabi\/","title":{"rendered":"\u0130ngilizce Bulmaca (Etkinlik Kitab\u0131)"},"content":{"rendered":"<p>Okul \u00f6ncesi d\u00f6nemdeki \u00e7ocuklar\u0131n bili\u015fsel, ince motor geli\u015fimleri ile dil becerilerini desteklemek amac\u0131yla haz\u0131rlanm\u0131\u015f bu kitaplarda; &#8211; G\u00f6rsel dikkat &#8211; K\u0131sa su\u0308reli haf\u0131za &#8211; Say\u0131 tan\u0131ma, tane kavram\u0131 &#8211; Labirent &#8211; Par\u00e7a bu\u0308tu\u0308n ili\u015fkisi &#8211; Boyama ve \u00e7izgi tamamlama egzersizleri bulunmaktad\u0131r. Bu kitaptaki etkinlikleri yaparken \u00e7ocuklar hem e\u011flenecek hem de \u00f6\u011frenecekler. <\/p>\n","protected":false},"excerpt":{"rendered":"<p>Okul \u00f6ncesi d\u00f6nemdeki \u00e7ocuklar\u0131n bili\u015fsel, ince motor geli\u015fimleri ile dil becerilerini desteklemek amac\u0131yla haz\u0131rlanm\u0131\u015f bu kitaplarda; &#8211; G\u00f6rsel dikkat &#8211; K\u0131sa su\u0308reli haf\u0131za &#8211; Say\u0131 tan\u0131ma,<span class=\"excerpt-hellip\"> [\u2026]<\/span><\/p>\n","protected":false},"featured_media":0,"template":"","meta":{"_monsterinsights_skip_tracking":false,"_monsterinsights_sitenote_active":false,"_monsterinsights_sitenote_note":"","_monsterinsights_sitenote_category":0},"product_brand":[],"product_cat":[12492,12274],"product_tag":[],"class_list":{"0":"post-729189","1":"product","2":"type-product","3":"status-publish","5":"product_cat-bilmece-bulmaca","6":"product_cat-cocuk-ve-genclik-kitaplari","7":"pa_cilt-ciltsiz","8":"pa_tur-kitap10","9":"pa_yayinevi-cinar-yayinlari","10":"pa_yazar-cinar-yayinlari-kolektif","12":"first","13":"instock","14":"sale","15":"shipping-taxable","16":"purchasable","17":"product-type-simple"},"_links":{"self":[{"href":"https:\/\/roveyayinevi.com.tr\/index.php\/wp-json\/wp\/v2\/product\/729189","targetHints":{"allow":["GET"]}}],"collection":[{"href":"https:\/\/roveyayinevi.com.tr\/index.php\/wp-json\/wp\/v2\/product"}],"about":[{"href":"https:\/\/roveyayinevi.com.tr\/index.php\/wp-json\/wp\/v2\/types\/product"}],"wp:attachment":[{"href":"https:\/\/roveyayinevi.com.tr\/index.php\/wp-json\/wp\/v2\/media?parent=729189"}],"wp:term":[{"taxonomy":"product_brand","embeddable":true,"href":"https:\/\/roveyayinevi.com.tr\/index.php\/wp-json\/wp\/v2\/product_brand?post=729189"},{"taxonomy":"product_cat","embeddable":true,"href":"https:\/\/roveyayinevi.com.tr\/index.php\/wp-json\/wp\/v2\/product_cat?post=729189"},{"taxonomy":"product_tag","embeddable":true,"href":"https:\/\/roveyayinevi.com.tr\/index.php\/wp-json\/wp\/v2\/product_tag?post=729189"}],"curies":[{"name":"wp","href":"https:\/\/api.w.org\/{rel}","templated":true}]}}