{"id":729187,"date":"2025-08-27T20:51:37","date_gmt":"2025-08-27T17:51:37","guid":{"rendered":"https:\/\/roveyayinevi.com.tr\/index.php\/urun\/sogut-turk-edebiyati-dergisi-sayi-07-ocak-subat-2021\/"},"modified":"2026-04-16T02:37:03","modified_gmt":"2026-04-15T23:37:03","slug":"sogut-turk-edebiyati-dergisi-sayi-07-ocak-subat-2021","status":"publish","type":"product","link":"https:\/\/roveyayinevi.com.tr\/index.php\/urun\/sogut-turk-edebiyati-dergisi-sayi-07-ocak-subat-2021\/","title":{"rendered":"S\u00f6\u011f\u00fct &#8211; T\u00fcrk Edebiyat\u0131 Dergisi Say\u0131 07 \/ Ocak &#8211; \u015eubat 2021"},"content":{"rendered":"<p>DosyaAhmet Bican Ercilasun \u0130le D\u00eev\u00e2nu Lug\u00e2ti\u2019t-T\u00fcrk\u2019e Dair \/ Tu\u011f\u00e7e Me\u00e7Fuzuli Bayat \u0130le K\u00e2\u015fgarl\u0131 Mahmut \/ D\u00eev\u00e2nu Lug\u00e2ti\u2019t-T\u00fcrk \u00dczerine \/ Ceng\u0131\u0307zhan Orak\u00e7\u0131Ben K\u00e2\u015fgarl\u0131 Mahmut \/ Ceng\u0131\u0307zhan Orak\u00e7\u0131D\u00eev\u00e2nu Lug\u00e2ti\u2019t-T\u00fcrk: S\u00f6zl\u00fck Ve \u00d6tesi \/ Al\u0131\u0307 AkarS\u00f6z Varl\u0131\u011f\u0131m\u0131z\u0131n Topland\u0131\u011f\u0131 \u0130lk Kitap: D\u00eev\u00e2nu Lug\u00e2ti\u2019t-T\u00fcrk \/ Mesut \u015eenD\u00eev\u00e2nu Lug\u00e2ti\u2019t-T\u00fcrk\u2019te Ge\u00e7en Din\u00ee Kelimeler \/ Emek \u00dc\u015fenmezK\u00e2\u015fgarl\u0131 Mahmut Dediklerinde&#8230; \/ Ya\u015far \u00c7a\u011fbay\u0131rYabanc\u0131lara T\u00fcrk\u00e7e \u00d6\u011fretiminde D\u00eev\u00e2nu Lug\u00e2ti\u2019t-T\u00fcrk Adl\u0131 Eserin Etkisi \/  \u00d6zge Ayd\u0131nGeleneksel T\u00fcrk \u015eiiri Ve T\u00fcrk\u00fclerin Bengi Kayna\u011f\u0131: D\u00eev\u00e2nu Lug\u00e2ti\u2019t-T\u00fcrk \/ Prof. Dr. Al\u0131\u0307 Yak\u0131c\u0131NostaljiS\u00f6\u011f\u00fct\u2019\u00fcn T\u00fcrk\u00fcs\u00fc &#8211; Peyami Turan \/ (Nevzat K\u00f6so\u011flu)Deneme\u015eu Da\u011flarda Kar Olsayd\u0131m \/ Mehmet Al\u0131\u0307 KalkanKaraba\u011f\u2019\u0131n M\u00fcbarek, Azerbaycan! \/ Nurane Ta\u011f\u0131yevaSuyun Sesi, Has H\u00e2cip\u2019in Nefesi \/ Mustafa SariC\u00f6nk Yaz\u0131lar\u0131-5 \u201cD\u00fcnya Dedikleri Yeleksiz Oktur\u201d \/ Al\u0131\u0307 DuymazKoronavir\u00fcs\u2019ten Bizi Yunus Emre Kurtaracak \/ M. Sad\u0131\u0307 Karadem\u0131\u0307rSuyun Alt\u0131nda Nefes Almak \/ Rab\u0131\u0307a Karanf\u0131\u0307lGelmi\u015f Boydan A\u015f\u0131yor\u201d Koyu Bir Salg\u0131n Yaz\u0131s\u0131 \/ Tek\u0131\u0307n \u015eenerA\u015fk\u0131n E\u015fi\u011finde Leyla M\u0131 Z\u00fcleyha M\u0131 Olmak? \/ Ay\u015feg\u00fcl At\u0131lganBeynimin Tavan Aras\u0131 \/ Berna G\u00fczey Y\u0131rt\u0131c\u0131E\u015fik \/ Cansu Co\u015fkunHik\u00e2yeErguvanlar \u00d6zlemi \/ Feyza Ay\u00dcz\u00fcm Salk\u0131mlar\u0131 \/ Hal\u0131\u0307me Ke\u00e7e C\u0131\u0307velekMar\u0131ya Selesta Gemisi M\u00fcrettebat\u0131n\u0131n Helaki \/ Var\u0131\u0307s YolcuyevKemal\u2019in S\u0131rl\u0131 Elleri \/ El\u0131\u0307f Arpac\u0131\u00c2demo\u011flu \/ Umut Sam\u0131\u0307 Y\u0131lmazBiz Kalmak \/ Samet \u00c7\u0131ldanS\u0131nav Salonu \/ Enes KurtCendere \/ Asuman Dem\u0131\u0307rBe\u015flerin S\u00f6\u011f\u00fcd\u00fc \/ Sev\u0131\u0307m \u00c7obanOn Bir Batur \/ Emrah Ece\u0130ncelemeBeyaz Perdedeki Uzak Etnografi \/ Mehmet Ayc\u0131Basri Gocul\u2019a Dair \/ Tahs\u0131\u0307n Y\u0131ld\u0131r\u0131mK\u00e2\u011f\u0131ttan Bir D\u00fcnya \/ Mustafa KurtAnlama Arzusu, Modern T\u00fcrk Edebiyat\u0131 \u00dczerine Yaz\u0131lar \/ Merve Sevda Selv\u0131\u0307Muallim Naci\u2019nin Roman\u0131 \/ Muharrem Dayan\u00e7Bahtiyar Aslan\u2019\u0131n Sanc\u0131 Kitab\u0131na Dair \/ \u0130sma\u0131\u0307l K\u0131l\u0131n\u00e7Ruhun Kay\u0131plar\u0131n\u0131 Otel Odalar\u0131nda Aramak: Hayal Otel \/ Merve KamburBeynimizin K\u0131vr\u0131mlar\u0131nda Bir Mahzen &#8211; Yumu\u015fak Oda \/ Hat\u0131\u0307ce K\u00f6seK\u00f6kb\u00f6r\u00fcler \/ Zafer Sara\u00e7\u015eiirAt \u0130\u00e7in Kelimelerden Bir Ko\u015fum \/ Ceng\u0131\u0307zhan Orak\u00e7\u0131Fresk \/ Fatma AksuBir \u00d6m\u00fcr Seyirci \/ Ya\u011f\u0131z G\u00f6n\u00fclerTersine Tarih \/ Eda F\u0131rat\u00d6l\u00fc G\u00fcvercin \/ M. Tu\u011frul \u00c7olakBiraderim Mehmet \/ Em\u0131\u0307rhan Eder\u201cT\u00fcrk\u00e7eyi Kuranlar\u201d \/ Eray Sar\u0131\u00e7am\u00c7\u0131k\u0131\u2019n \/ Mehmet Ayc\u0131Yanl\u0131\u015flar Kitab\u0131 \/ Mehmet \u015eam\u0131\u0307lSarka\u00e7 \/ F\u0131\u0307kr\u0131\u0307 CumhurG\u00fcmr\u00e2h \/ \u0130brah\u0131\u0307m Da\u015f<\/p>\n","protected":false},"excerpt":{"rendered":"<p>DosyaAhmet Bican Ercilasun \u0130le D\u00eev\u00e2nu Lug\u00e2ti\u2019t-T\u00fcrk\u2019e Dair \/ Tu\u011f\u00e7e Me\u00e7Fuzuli Bayat \u0130le K\u00e2\u015fgarl\u0131 Mahmut \/ D\u00eev\u00e2nu Lug\u00e2ti\u2019t-T\u00fcrk \u00dczerine \/ Ceng\u0131\u0307zhan Orak\u00e7\u0131Ben K\u00e2\u015fgarl\u0131 Mahmut \/ Ceng\u0131\u0307zhan Orak\u00e7\u0131D\u00eev\u00e2nu<span class=\"excerpt-hellip\"> [\u2026]<\/span><\/p>\n","protected":false},"featured_media":0,"template":"","meta":{"_monsterinsights_skip_tracking":false,"_monsterinsights_sitenote_active":false,"_monsterinsights_sitenote_note":"","_monsterinsights_sitenote_category":0},"product_brand":[],"product_cat":[13527],"product_tag":[],"class_list":{"0":"post-729187","1":"product","2":"type-product","3":"status-publish","5":"product_cat-sureli-yayinlar","6":"pa_cilt-ciltsiz","7":"pa_tur-dergi","8":"pa_yayinevi-otuken-nesriyat","9":"pa_yazar-otuken-nesriyat-kolektif","11":"first","12":"instock","13":"sale","14":"shipping-taxable","15":"purchasable","16":"product-type-simple"},"_links":{"self":[{"href":"https:\/\/roveyayinevi.com.tr\/index.php\/wp-json\/wp\/v2\/product\/729187","targetHints":{"allow":["GET"]}}],"collection":[{"href":"https:\/\/roveyayinevi.com.tr\/index.php\/wp-json\/wp\/v2\/product"}],"about":[{"href":"https:\/\/roveyayinevi.com.tr\/index.php\/wp-json\/wp\/v2\/types\/product"}],"wp:attachment":[{"href":"https:\/\/roveyayinevi.com.tr\/index.php\/wp-json\/wp\/v2\/media?parent=729187"}],"wp:term":[{"taxonomy":"product_brand","embeddable":true,"href":"https:\/\/roveyayinevi.com.tr\/index.php\/wp-json\/wp\/v2\/product_brand?post=729187"},{"taxonomy":"product_cat","embeddable":true,"href":"https:\/\/roveyayinevi.com.tr\/index.php\/wp-json\/wp\/v2\/product_cat?post=729187"},{"taxonomy":"product_tag","embeddable":true,"href":"https:\/\/roveyayinevi.com.tr\/index.php\/wp-json\/wp\/v2\/product_tag?post=729187"}],"curies":[{"name":"wp","href":"https:\/\/api.w.org\/{rel}","templated":true}]}}