{"id":729184,"date":"2025-08-27T20:51:34","date_gmt":"2025-08-27T17:51:34","guid":{"rendered":"https:\/\/roveyayinevi.com.tr\/index.php\/urun\/parayi-ogreniyorum-ilk-okuma-19\/"},"modified":"2026-04-16T02:37:03","modified_gmt":"2026-04-15T23:37:03","slug":"parayi-ogreniyorum-ilk-okuma-19","status":"publish","type":"product","link":"https:\/\/roveyayinevi.com.tr\/index.php\/urun\/parayi-ogreniyorum-ilk-okuma-19\/","title":{"rendered":"Paray\u0131 \u00d6\u011freniyorum! &#8211; \u0130lk Okuma 19"},"content":{"rendered":"<p>Selam arkada\u015flar ben \u015eakir, herkesin bildi\u011fi \u015fekilde Kral \u015eakir! Ben ve benim \u00e7\u0131lg\u0131n ailem bu sefer de ilk okuma kitaplar\u0131yla maceradan maceraya ko\u015fuyoruz. U\u00e7an kaykaylar, halay \u00e7eken robotlar, k\u00fcp \u015feklinde balonlar\u2026 Evet, do\u011fru tahmin ettiniz oyuncak\u00e7\u0131day\u0131z. Fil Necati A\u011fabey oyuncak bir karpuzu almak i\u00e7in paras\u0131n\u0131n kalmad\u0131\u011f\u0131n\u0131 fark edince \u00e7ok \u00fcz\u00fcld\u00fc. Oyuncak\u00e7\u0131 Beren\u2019in bizi dev bir kasan\u0131n kap\u0131s\u0131ndan ge\u00e7irmesiyle yeni hik\u00e2yemiz ba\u015flam\u0131\u015f oldu. Bakal\u0131m Fil Necati A\u011fabey paras\u0131n\u0131n do\u011fru kullanmay\u0131 \u00f6\u011frenebilecek mi? <\/p>\n","protected":false},"excerpt":{"rendered":"<p>Selam arkada\u015flar ben \u015eakir, herkesin bildi\u011fi \u015fekilde Kral \u015eakir! Ben ve benim \u00e7\u0131lg\u0131n ailem bu sefer de ilk okuma kitaplar\u0131yla maceradan maceraya ko\u015fuyoruz. U\u00e7an kaykaylar, halay<span class=\"excerpt-hellip\"> [\u2026]<\/span><\/p>\n","protected":false},"featured_media":0,"template":"","meta":{"_monsterinsights_skip_tracking":false,"_monsterinsights_sitenote_active":false,"_monsterinsights_sitenote_note":"","_monsterinsights_sitenote_category":0},"product_brand":[],"product_cat":[12913,12274],"product_tag":[],"class_list":{"0":"post-729184","1":"product","2":"type-product","3":"status-publish","5":"product_cat-3-6-yas-kitaplari","6":"product_cat-cocuk-ve-genclik-kitaplari","7":"pa_cilt-ciltsiz","8":"pa_tur-kitap","9":"pa_yayinevi-eksik-parca-yayinlari","10":"pa_yazar-varol-yasaroglu","12":"first","13":"instock","14":"sale","15":"shipping-taxable","16":"purchasable","17":"product-type-simple"},"_links":{"self":[{"href":"https:\/\/roveyayinevi.com.tr\/index.php\/wp-json\/wp\/v2\/product\/729184","targetHints":{"allow":["GET"]}}],"collection":[{"href":"https:\/\/roveyayinevi.com.tr\/index.php\/wp-json\/wp\/v2\/product"}],"about":[{"href":"https:\/\/roveyayinevi.com.tr\/index.php\/wp-json\/wp\/v2\/types\/product"}],"wp:attachment":[{"href":"https:\/\/roveyayinevi.com.tr\/index.php\/wp-json\/wp\/v2\/media?parent=729184"}],"wp:term":[{"taxonomy":"product_brand","embeddable":true,"href":"https:\/\/roveyayinevi.com.tr\/index.php\/wp-json\/wp\/v2\/product_brand?post=729184"},{"taxonomy":"product_cat","embeddable":true,"href":"https:\/\/roveyayinevi.com.tr\/index.php\/wp-json\/wp\/v2\/product_cat?post=729184"},{"taxonomy":"product_tag","embeddable":true,"href":"https:\/\/roveyayinevi.com.tr\/index.php\/wp-json\/wp\/v2\/product_tag?post=729184"}],"curies":[{"name":"wp","href":"https:\/\/api.w.org\/{rel}","templated":true}]}}