{"id":729179,"date":"2025-08-27T20:51:30","date_gmt":"2025-08-27T17:51:30","guid":{"rendered":"https:\/\/roveyayinevi.com.tr\/index.php\/urun\/teknoloji-nasil-calisir-ciltli\/"},"modified":"2026-04-16T02:37:02","modified_gmt":"2026-04-15T23:37:02","slug":"teknoloji-nasil-calisir-ciltli","status":"publish","type":"product","link":"https:\/\/roveyayinevi.com.tr\/index.php\/urun\/teknoloji-nasil-calisir-ciltli\/","title":{"rendered":"Teknoloji Nas\u0131l \u00c7al\u0131\u015f\u0131r (Ciltli)"},"content":{"rendered":"<p>Ak\u0131ll\u0131 telefonun yukar\u0131n\u0131n neresi oldu\u011funu nas\u0131l bildi\u011fini hi\u00e7 merak ettiniz mi? Ya da s\u00fcr\u00fcc\u00fcs\u00fcz otomobillerin kazay\u0131 nas\u0131l engelledi\u011fini? Veya g\u00f6rsel ger\u00e7ekli\u011fin nas\u0131l \u00e7al\u0131\u015ft\u0131\u011f\u0131n\u0131?  \u015ea\u015f\u0131rt\u0131c\u0131 ke\u015fiflerin ve icatlar\u0131n hayatlar\u0131m\u0131z\u0131 d\u00f6n\u00fc\u015ft\u00fcrd\u00fc\u011f\u00fc bir \u00e7a\u011fda ya\u015f\u0131yoruz. Ancak bir\u00e7o\u011fumuzun anlamad\u0131\u011f\u0131 teknolojilerin ba\u011f\u0131ml\u0131s\u0131 olduk. A\u00e7\u0131k, anla\u015f\u0131lmas\u0131 kolay grafikleri ve b\u00fcy\u00fcleyici ger\u00e7ekleriyle Teknoloji Nas\u0131l \u00c7al\u0131\u015f\u0131r, hayat\u0131m\u0131zdaki makinelerle ayg\u0131tlar\u0131 birbirinden ay\u0131r\u0131yor ve bize nas\u0131l \u00e7al\u0131\u015ft\u0131klar\u0131n\u0131 g\u00f6steriyor.<\/p>\n","protected":false},"excerpt":{"rendered":"<p>Ak\u0131ll\u0131 telefonun yukar\u0131n\u0131n neresi oldu\u011funu nas\u0131l bildi\u011fini hi\u00e7 merak ettiniz mi? Ya da s\u00fcr\u00fcc\u00fcs\u00fcz otomobillerin kazay\u0131 nas\u0131l engelledi\u011fini? Veya g\u00f6rsel ger\u00e7ekli\u011fin nas\u0131l \u00e7al\u0131\u015ft\u0131\u011f\u0131n\u0131? \u015ea\u015f\u0131rt\u0131c\u0131 ke\u015fiflerin ve<span class=\"excerpt-hellip\"> [\u2026]<\/span><\/p>\n","protected":false},"featured_media":0,"template":"","meta":{"_monsterinsights_skip_tracking":false,"_monsterinsights_sitenote_active":false,"_monsterinsights_sitenote_note":"","_monsterinsights_sitenote_category":0},"product_brand":[],"product_cat":[13489,13488],"product_tag":[],"class_list":{"0":"post-729179","1":"product","2":"type-product","3":"status-publish","5":"product_cat-populer-kultur","6":"product_cat-toplum-ve-insan","7":"pa_cilt-ciltli","8":"pa_tur-kitap","9":"pa_yayinevi-alfa-yayinlari","10":"pa_yazar-alfa-kolektif","12":"first","13":"instock","14":"sale","15":"shipping-taxable","16":"purchasable","17":"product-type-simple"},"_links":{"self":[{"href":"https:\/\/roveyayinevi.com.tr\/index.php\/wp-json\/wp\/v2\/product\/729179","targetHints":{"allow":["GET"]}}],"collection":[{"href":"https:\/\/roveyayinevi.com.tr\/index.php\/wp-json\/wp\/v2\/product"}],"about":[{"href":"https:\/\/roveyayinevi.com.tr\/index.php\/wp-json\/wp\/v2\/types\/product"}],"wp:attachment":[{"href":"https:\/\/roveyayinevi.com.tr\/index.php\/wp-json\/wp\/v2\/media?parent=729179"}],"wp:term":[{"taxonomy":"product_brand","embeddable":true,"href":"https:\/\/roveyayinevi.com.tr\/index.php\/wp-json\/wp\/v2\/product_brand?post=729179"},{"taxonomy":"product_cat","embeddable":true,"href":"https:\/\/roveyayinevi.com.tr\/index.php\/wp-json\/wp\/v2\/product_cat?post=729179"},{"taxonomy":"product_tag","embeddable":true,"href":"https:\/\/roveyayinevi.com.tr\/index.php\/wp-json\/wp\/v2\/product_tag?post=729179"}],"curies":[{"name":"wp","href":"https:\/\/api.w.org\/{rel}","templated":true}]}}