{"id":729176,"date":"2025-08-27T20:51:26","date_gmt":"2025-08-27T17:51:26","guid":{"rendered":"https:\/\/roveyayinevi.com.tr\/index.php\/urun\/arka-bahcemizdeki-ayi\/"},"modified":"2026-04-16T02:37:02","modified_gmt":"2026-04-15T23:37:02","slug":"arka-bahcemizdeki-ayi","status":"publish","type":"product","link":"https:\/\/roveyayinevi.com.tr\/index.php\/urun\/arka-bahcemizdeki-ayi\/","title":{"rendered":"Arka Bah\u00e7emizdeki Ay\u0131"},"content":{"rendered":"<p>Uyuyor mu? Bakal\u0131m m\u0131? O, ger\u00e7ek bir ay\u0131 m\u0131?Gizlice d\u0131\u015far\u0131 \u00e7\u0131k\u0131p, ay\u0131 orada m\u0131 diye bakal\u0131m m\u0131?Tolga ve T\u00fclin arka bah\u00e7elerinde ya\u015fayan ay\u0131y\u0131 ar\u0131yorlar. Acaba ay\u0131 ortaya \u00e7\u0131k\u0131p, onlarla oynayacak m\u0131?<\/p>\n","protected":false},"excerpt":{"rendered":"<p>Uyuyor mu? Bakal\u0131m m\u0131? O, ger\u00e7ek bir ay\u0131 m\u0131?Gizlice d\u0131\u015far\u0131 \u00e7\u0131k\u0131p, ay\u0131 orada m\u0131 diye bakal\u0131m m\u0131?Tolga ve T\u00fclin arka bah\u00e7elerinde ya\u015fayan ay\u0131y\u0131 ar\u0131yorlar. Acaba ay\u0131<span class=\"excerpt-hellip\"> [\u2026]<\/span><\/p>\n","protected":false},"featured_media":0,"template":"","meta":{"_monsterinsights_skip_tracking":false,"_monsterinsights_sitenote_active":false,"_monsterinsights_sitenote_note":"","_monsterinsights_sitenote_category":0},"product_brand":[],"product_cat":[12274,12284],"product_tag":[],"class_list":{"0":"post-729176","1":"product","2":"type-product","3":"status-publish","5":"product_cat-cocuk-ve-genclik-kitaplari","6":"product_cat-hikayeler","7":"pa_cilt-ciltsiz","8":"pa_tur-kitap","9":"pa_yayinevi-is-bankasi-kultur-yayinlari","10":"pa_yazar-emma-middleton","12":"first","13":"instock","14":"sale","15":"shipping-taxable","16":"purchasable","17":"product-type-simple"},"_links":{"self":[{"href":"https:\/\/roveyayinevi.com.tr\/index.php\/wp-json\/wp\/v2\/product\/729176","targetHints":{"allow":["GET"]}}],"collection":[{"href":"https:\/\/roveyayinevi.com.tr\/index.php\/wp-json\/wp\/v2\/product"}],"about":[{"href":"https:\/\/roveyayinevi.com.tr\/index.php\/wp-json\/wp\/v2\/types\/product"}],"wp:attachment":[{"href":"https:\/\/roveyayinevi.com.tr\/index.php\/wp-json\/wp\/v2\/media?parent=729176"}],"wp:term":[{"taxonomy":"product_brand","embeddable":true,"href":"https:\/\/roveyayinevi.com.tr\/index.php\/wp-json\/wp\/v2\/product_brand?post=729176"},{"taxonomy":"product_cat","embeddable":true,"href":"https:\/\/roveyayinevi.com.tr\/index.php\/wp-json\/wp\/v2\/product_cat?post=729176"},{"taxonomy":"product_tag","embeddable":true,"href":"https:\/\/roveyayinevi.com.tr\/index.php\/wp-json\/wp\/v2\/product_tag?post=729176"}],"curies":[{"name":"wp","href":"https:\/\/api.w.org\/{rel}","templated":true}]}}