{"id":729175,"date":"2025-08-27T20:51:25","date_gmt":"2025-08-27T17:51:25","guid":{"rendered":"https:\/\/roveyayinevi.com.tr\/index.php\/urun\/ev-gibisi-var-mi\/"},"modified":"2025-10-14T06:27:42","modified_gmt":"2025-10-14T03:27:42","slug":"ev-gibisi-var-mi","status":"publish","type":"product","link":"https:\/\/roveyayinevi.com.tr\/index.php\/urun\/ev-gibisi-var-mi\/","title":{"rendered":"Ev Gibisi Var M\u0131?"},"content":{"rendered":"<p>\u00c7iftlikteki hayattan s\u0131k\u0131lan sevimli dostlar, \u00f6nce uzaya \u00e7\u0131kt\u0131lar, sonra orman\u0131 ke\u015ffe gittiler. Kayak yap\u0131p lunaparka da gittiler. Hatta gemi yolculu\u011funa bile \u00e7\u0131kt\u0131lar. Peki gezip g\u00f6rd\u00fckleri t\u00fcm bu yerler, evleri kadar g\u00fczel miydi?<\/p>\n","protected":false},"excerpt":{"rendered":"<p>\u00c7iftlikteki hayattan s\u0131k\u0131lan sevimli dostlar, \u00f6nce uzaya \u00e7\u0131kt\u0131lar, sonra orman\u0131 ke\u015ffe gittiler. Kayak yap\u0131p lunaparka da gittiler. Hatta gemi yolculu\u011funa bile \u00e7\u0131kt\u0131lar. Peki gezip g\u00f6rd\u00fckleri t\u00fcm<span class=\"excerpt-hellip\"> [\u2026]<\/span><\/p>\n","protected":false},"featured_media":0,"template":"","meta":{"_monsterinsights_skip_tracking":false,"_monsterinsights_sitenote_active":false,"_monsterinsights_sitenote_note":"","_monsterinsights_sitenote_category":0},"product_brand":[],"product_cat":[12274,12284],"product_tag":[],"class_list":{"0":"post-729175","1":"product","2":"type-product","3":"status-publish","5":"product_cat-cocuk-ve-genclik-kitaplari","6":"product_cat-hikayeler","7":"pa_cilt-ciltsiz","8":"pa_tur-kitap","9":"pa_yayinevi-is-bankasi-kultur-yayinlari","10":"pa_yazar-stephanie-moss","12":"first","13":"instock","14":"sale","15":"shipping-taxable","16":"purchasable","17":"product-type-simple"},"_links":{"self":[{"href":"https:\/\/roveyayinevi.com.tr\/index.php\/wp-json\/wp\/v2\/product\/729175","targetHints":{"allow":["GET"]}}],"collection":[{"href":"https:\/\/roveyayinevi.com.tr\/index.php\/wp-json\/wp\/v2\/product"}],"about":[{"href":"https:\/\/roveyayinevi.com.tr\/index.php\/wp-json\/wp\/v2\/types\/product"}],"wp:attachment":[{"href":"https:\/\/roveyayinevi.com.tr\/index.php\/wp-json\/wp\/v2\/media?parent=729175"}],"wp:term":[{"taxonomy":"product_brand","embeddable":true,"href":"https:\/\/roveyayinevi.com.tr\/index.php\/wp-json\/wp\/v2\/product_brand?post=729175"},{"taxonomy":"product_cat","embeddable":true,"href":"https:\/\/roveyayinevi.com.tr\/index.php\/wp-json\/wp\/v2\/product_cat?post=729175"},{"taxonomy":"product_tag","embeddable":true,"href":"https:\/\/roveyayinevi.com.tr\/index.php\/wp-json\/wp\/v2\/product_tag?post=729175"}],"curies":[{"name":"wp","href":"https:\/\/api.w.org\/{rel}","templated":true}]}}