{"id":729172,"date":"2025-08-27T20:51:23","date_gmt":"2025-08-27T17:51:23","guid":{"rendered":"https:\/\/roveyayinevi.com.tr\/index.php\/urun\/aylak-sinifin-iktisadi-teorisi\/"},"modified":"2026-04-16T02:37:02","modified_gmt":"2026-04-15T23:37:02","slug":"aylak-sinifin-iktisadi-teorisi","status":"publish","type":"product","link":"https:\/\/roveyayinevi.com.tr\/index.php\/urun\/aylak-sinifin-iktisadi-teorisi\/","title":{"rendered":"Aylak S\u0131n\u0131f\u0131n \u0130ktisadi Teorisi"},"content":{"rendered":"<p>\u201cMarksizm en ileri s\u0131n\u0131f\u0131n [proletaryan\u0131n] (\u2026) teorisinin do\u011fru oldu\u011funu iddia etmektedir. Ancak \u015furas\u0131 a\u00e7\u0131kt\u0131r ki bu iddian\u0131n do\u011frulu\u011fu, ideolojilerin m\u00fccadele s\u00fcreci i\u00e7inde, burjuva teorisinin mant\u0131ksal ele\u015ftirisi yoluyla ispatlanmal\u0131d\u0131r. Yani belirli bir teorinin sosyolojik \u00f6zelliklerinin belirlenmesi bizi o teoriyle m\u00fccadele etme sorumlulu\u011fundan kurtarmaz. (\u2026) ideolojiler aras\u0131ndaki m\u00fccadele, y\u00f6ntemin yanl\u0131\u015fl\u0131\u011f\u0131n\u0131n, hatal\u0131 tikel sonu\u00e7lar\u0131n\u0131n ortaya konmas\u0131 yoluyla da kan\u0131tlanmas\u0131n\u0131 gerektirir; yani s\u00f6z konusu sistemin i\u00e7sel \u00e7eli\u015fkilerine ya da eksikliklerine dikkat \u00e7ekebilir veya \u00f6nemli olgular\u0131 bilimin yarar\u0131na olacak \u015fekilde kavramak ve a\u00e7\u0131klamak konusundaki organik yetersizli\u011fini ortaya koyabiliriz. Buradan \u00e7\u0131kan sonu\u00e7 \u015fudur: Marksizm, g\u00fcncel teorilere y\u00f6nelik kapsaml\u0131 bir ele\u015ftiri in\u015fa etmelidir. Bu ele\u015ftiri sadece metodolojik de\u011fil, ayn\u0131 zamanda sosyolojik temelli olmal\u0131d\u0131r ve sistemin b\u00fct\u00fcn\u00fcn\u00fc, en uzak sonu\u00e7lar\u0131na kadar ele almal\u0131d\u0131r.\u201d Bukharin, tam da bunu yap\u0131yor. \u0130deolojik m\u00fccadele ile metodolojik m\u00fccadelenin birbirine nas\u0131l ba\u011fl\u0131 oldu\u011funu g\u00f6steriyor. Bu \u00e7al\u0131\u015fma, \u00f6zellikle iktisat metodolojisi ve Marksizm ile ilgilenenler i\u00e7in temel bir ba\u015fvuru kayna\u011f\u0131d\u0131r.<\/p>\n","protected":false},"excerpt":{"rendered":"<p>\u201cMarksizm en ileri s\u0131n\u0131f\u0131n [proletaryan\u0131n] (\u2026) teorisinin do\u011fru oldu\u011funu iddia etmektedir. Ancak \u015furas\u0131 a\u00e7\u0131kt\u0131r ki bu iddian\u0131n do\u011frulu\u011fu, ideolojilerin m\u00fccadele s\u00fcreci i\u00e7inde, burjuva teorisinin mant\u0131ksal ele\u015ftirisi<span class=\"excerpt-hellip\"> [\u2026]<\/span><\/p>\n","protected":false},"featured_media":0,"template":"","meta":{"_monsterinsights_skip_tracking":false,"_monsterinsights_sitenote_active":false,"_monsterinsights_sitenote_note":"","_monsterinsights_sitenote_category":0},"product_brand":[],"product_cat":[12573,12566],"product_tag":[],"class_list":{"0":"post-729172","1":"product","2":"type-product","3":"status-publish","5":"product_cat-akademik-kitaplar","6":"product_cat-egitim","7":"pa_cilt-ciltsiz","8":"pa_tur-kitap","9":"pa_yayinevi-heretik-yayincilik","10":"pa_yazar-nikolai-i-bukharin","12":"first","13":"instock","14":"sale","15":"shipping-taxable","16":"purchasable","17":"product-type-simple"},"_links":{"self":[{"href":"https:\/\/roveyayinevi.com.tr\/index.php\/wp-json\/wp\/v2\/product\/729172","targetHints":{"allow":["GET"]}}],"collection":[{"href":"https:\/\/roveyayinevi.com.tr\/index.php\/wp-json\/wp\/v2\/product"}],"about":[{"href":"https:\/\/roveyayinevi.com.tr\/index.php\/wp-json\/wp\/v2\/types\/product"}],"wp:attachment":[{"href":"https:\/\/roveyayinevi.com.tr\/index.php\/wp-json\/wp\/v2\/media?parent=729172"}],"wp:term":[{"taxonomy":"product_brand","embeddable":true,"href":"https:\/\/roveyayinevi.com.tr\/index.php\/wp-json\/wp\/v2\/product_brand?post=729172"},{"taxonomy":"product_cat","embeddable":true,"href":"https:\/\/roveyayinevi.com.tr\/index.php\/wp-json\/wp\/v2\/product_cat?post=729172"},{"taxonomy":"product_tag","embeddable":true,"href":"https:\/\/roveyayinevi.com.tr\/index.php\/wp-json\/wp\/v2\/product_tag?post=729172"}],"curies":[{"name":"wp","href":"https:\/\/api.w.org\/{rel}","templated":true}]}}