{"id":729170,"date":"2025-08-27T20:51:21","date_gmt":"2025-08-27T17:51:21","guid":{"rendered":"https:\/\/roveyayinevi.com.tr\/index.php\/urun\/alinin-muthis-deneyleri\/"},"modified":"2026-04-16T02:37:02","modified_gmt":"2026-04-15T23:37:02","slug":"alinin-muthis-deneyleri","status":"publish","type":"product","link":"https:\/\/roveyayinevi.com.tr\/index.php\/urun\/alinin-muthis-deneyleri\/","title":{"rendered":"Ali\u2019nin M\u00fcthi\u015f Deneyleri"},"content":{"rendered":"<p>Harika Bir GrupB\u00fcy\u00fck FikirlerBol Miktarda Denge Al\u0131\u015ft\u0131rmas\u0131, Biraz Manyetik M\u0131s\u0131r Gevre\u011fi, Bir Kilitli Po\u015fet ve Yaramaz Bir Kedi Ekle.\u015eimdi Deneylere Ba\u015flayabilirsin! (Etraf Biraz Da\u011f\u0131labilir!)<\/p>\n","protected":false},"excerpt":{"rendered":"<p>Harika Bir GrupB\u00fcy\u00fck FikirlerBol Miktarda Denge Al\u0131\u015ft\u0131rmas\u0131, Biraz Manyetik M\u0131s\u0131r Gevre\u011fi, Bir Kilitli Po\u015fet ve Yaramaz Bir Kedi Ekle.\u015eimdi Deneylere Ba\u015flayabilirsin! (Etraf Biraz Da\u011f\u0131labilir!)<\/p>\n","protected":false},"featured_media":0,"template":"","meta":{"_monsterinsights_skip_tracking":false,"_monsterinsights_sitenote_active":false,"_monsterinsights_sitenote_note":"","_monsterinsights_sitenote_category":0},"product_brand":[],"product_cat":[12274,12518],"product_tag":[],"class_list":{"0":"post-729170","1":"product","2":"type-product","3":"status-publish","5":"product_cat-cocuk-ve-genclik-kitaplari","6":"product_cat-okul-oncesi-kitaplar","7":"pa_cilt-ciltsiz","8":"pa_tur-kitap","9":"pa_yayinevi-is-bankasi-kultur-yayinlari","10":"pa_yazar-jane-clarke","12":"first","13":"instock","14":"sale","15":"shipping-taxable","16":"purchasable","17":"product-type-simple"},"_links":{"self":[{"href":"https:\/\/roveyayinevi.com.tr\/index.php\/wp-json\/wp\/v2\/product\/729170","targetHints":{"allow":["GET"]}}],"collection":[{"href":"https:\/\/roveyayinevi.com.tr\/index.php\/wp-json\/wp\/v2\/product"}],"about":[{"href":"https:\/\/roveyayinevi.com.tr\/index.php\/wp-json\/wp\/v2\/types\/product"}],"wp:attachment":[{"href":"https:\/\/roveyayinevi.com.tr\/index.php\/wp-json\/wp\/v2\/media?parent=729170"}],"wp:term":[{"taxonomy":"product_brand","embeddable":true,"href":"https:\/\/roveyayinevi.com.tr\/index.php\/wp-json\/wp\/v2\/product_brand?post=729170"},{"taxonomy":"product_cat","embeddable":true,"href":"https:\/\/roveyayinevi.com.tr\/index.php\/wp-json\/wp\/v2\/product_cat?post=729170"},{"taxonomy":"product_tag","embeddable":true,"href":"https:\/\/roveyayinevi.com.tr\/index.php\/wp-json\/wp\/v2\/product_tag?post=729170"}],"curies":[{"name":"wp","href":"https:\/\/api.w.org\/{rel}","templated":true}]}}