{"id":729169,"date":"2025-08-27T20:51:20","date_gmt":"2025-08-27T17:51:20","guid":{"rendered":"https:\/\/roveyayinevi.com.tr\/index.php\/urun\/psikosoybilim\/"},"modified":"2026-04-16T02:37:02","modified_gmt":"2026-04-15T23:37:02","slug":"psikosoybilim","status":"publish","type":"product","link":"https:\/\/roveyayinevi.com.tr\/index.php\/urun\/psikosoybilim\/","title":{"rendered":"Psikosoybilim"},"content":{"rendered":"<p>\u201c\u00dcstesinden gelinmemi\u015f travmalar, tutulmam\u0131\u015f yaslar, \u2018s\u00f6ylenmesi g\u00fc\u00e7 olanlar\u2019, tamam\u0131na erdirilmemi\u015f olarak kalan, kimi zaman y\u00fczlerce y\u0131ld\u0131r devam eden ve ge\u00e7mi\u015f ku\u015faklar taraf\u0131ndan hal yoluna sokulmam\u0131\u015f ki\u015fisel veyahut ailevi s\u0131rlar, sonraki ku\u015faklara aktar\u0131labilir ve onlar\u0131 \u00e7e\u015fitli, farkl\u0131 d\u00fczeylerde, derinden ve bazen de trajik \u015fekilde bi\u00e7imlendirebilir.\u201dKlinik psikolojiden yola \u00e7\u0131k\u0131larak olu\u015fturulan psikosoybilim, ku\u015faklara\u015f\u0131r\u0131 ba\u011flant\u0131lar\u0131 da i\u00e7ine alacak \u015fekilde geni\u015fletilmi\u015f psikanalize ve sosyopsikolojik genososyogram tekni\u011fine, yani \u00f6nemli ya\u015famsal olaylar ve ba\u011flant\u0131larla zenginle\u015ftirilmi\u015f \u015fecere bilgisine dayan\u0131r. Psikolojik s\u0131k\u0131nt\u0131lar nedeniyle \u0131st\u0131rap \u00e7eken fakat \u0131st\u0131rab\u0131n\u0131n kayna\u011f\u0131 s\u0131rf kendi hayat\u0131n\u0131n olaylar\u0131nda bulunamayan ki\u015filerin soy ge\u00e7mi\u015flerinin ara\u015ft\u0131r\u0131lmas\u0131 ve orada ku\u015faklar boyunca tekrar tekrar aktar\u0131lan travmalar\u0131n g\u00fcn y\u00fcz\u00fcne \u00e7\u0131kart\u0131lmas\u0131yla ortaya \u00e7\u0131kan ve b\u00f6ylece psikoloji alan\u0131nda adeta yeni bir k\u0131ta ke\u015ffeden bir bilimdir.Bug\u00fcn \u00f6zellikle Avrupa\u2019da ve Amerika\u2019da neredeyse moda haline gelen psikosoybilimin isim annesi Anne Ancelin Sch\u00fctzenberger\u2019in en olgun d\u00f6neminde kaleme ald\u0131\u011f\u0131 yaz\u0131lardan olu\u015fan bu kitap, travmalar\u0131n ku\u015faklara\u015f\u0131r\u0131 ve ku\u015faklararas\u0131 bilin\u00e7alt\u0131 aktar\u0131m\u0131, bilin\u00e7alt\u0131 aile sadakati, y\u0131ld\u00f6n\u00fcm\u00fc sendromu ve benzeri temel kavramlar\u0131 bilimsel bir titizlikle ve \u00f6rneklerin e\u015flik etti\u011fi yal\u0131n bir dille anlat\u0131yor.<\/p>\n","protected":false},"excerpt":{"rendered":"<p>\u201c\u00dcstesinden gelinmemi\u015f travmalar, tutulmam\u0131\u015f yaslar, \u2018s\u00f6ylenmesi g\u00fc\u00e7 olanlar\u2019, tamam\u0131na erdirilmemi\u015f olarak kalan, kimi zaman y\u00fczlerce y\u0131ld\u0131r devam eden ve ge\u00e7mi\u015f ku\u015faklar taraf\u0131ndan hal yoluna sokulmam\u0131\u015f ki\u015fisel<span class=\"excerpt-hellip\"> [\u2026]<\/span><\/p>\n","protected":false},"featured_media":0,"template":"","meta":{"_monsterinsights_skip_tracking":false,"_monsterinsights_sitenote_active":false,"_monsterinsights_sitenote_note":"","_monsterinsights_sitenote_category":0},"product_brand":[],"product_cat":[20502,12357],"product_tag":[],"class_list":{"0":"post-729169","1":"product","2":"type-product","3":"status-publish","5":"product_cat-basvuru-kitaplari-psikoloji","6":"product_cat-psikoloji","7":"pa_cilt-ciltsiz","8":"pa_tur-kitap","9":"pa_yayinevi-is-bankasi-kultur-yayinlari","10":"pa_yazar-anne-ancelin-schutzenberger","12":"first","13":"instock","14":"sale","15":"shipping-taxable","16":"purchasable","17":"product-type-simple"},"_links":{"self":[{"href":"https:\/\/roveyayinevi.com.tr\/index.php\/wp-json\/wp\/v2\/product\/729169","targetHints":{"allow":["GET"]}}],"collection":[{"href":"https:\/\/roveyayinevi.com.tr\/index.php\/wp-json\/wp\/v2\/product"}],"about":[{"href":"https:\/\/roveyayinevi.com.tr\/index.php\/wp-json\/wp\/v2\/types\/product"}],"wp:attachment":[{"href":"https:\/\/roveyayinevi.com.tr\/index.php\/wp-json\/wp\/v2\/media?parent=729169"}],"wp:term":[{"taxonomy":"product_brand","embeddable":true,"href":"https:\/\/roveyayinevi.com.tr\/index.php\/wp-json\/wp\/v2\/product_brand?post=729169"},{"taxonomy":"product_cat","embeddable":true,"href":"https:\/\/roveyayinevi.com.tr\/index.php\/wp-json\/wp\/v2\/product_cat?post=729169"},{"taxonomy":"product_tag","embeddable":true,"href":"https:\/\/roveyayinevi.com.tr\/index.php\/wp-json\/wp\/v2\/product_tag?post=729169"}],"curies":[{"name":"wp","href":"https:\/\/api.w.org\/{rel}","templated":true}]}}