{"id":729165,"date":"2025-08-27T20:51:18","date_gmt":"2025-08-27T17:51:18","guid":{"rendered":"https:\/\/roveyayinevi.com.tr\/index.php\/urun\/sizi-serbest-birakmayi-muvafik-bularak-tatlik-ettim\/"},"modified":"2026-02-03T02:52:54","modified_gmt":"2026-02-02T23:52:54","slug":"sizi-serbest-birakmayi-muvafik-bularak-tatlik-ettim","status":"publish","type":"product","link":"https:\/\/roveyayinevi.com.tr\/index.php\/urun\/sizi-serbest-birakmayi-muvafik-bularak-tatlik-ettim\/","title":{"rendered":"Sizi Serbest B\u0131rakmay\u0131 Muvaf\u0131k Bularak Tatlik Ettim!"},"content":{"rendered":"<p>\u201cTatl\u00eek etmek\u201d, \u201cbo\u015famak\u201d; \u201ctatl\u00eek ettim\u201d de \u201cbo\u015fad\u0131m\u201d demektir&#8230;T\u00fcrkiye\u2019de Meden\u00ee Kanunun bulunmad\u0131\u011f\u0131 devirlerde y\u00fcr\u00fcrl\u00fckte olan f\u0131k\u0131h temelli uygulamaya g\u00f6re, koca, kar\u0131s\u0131n\u0131 bir tal\u00e2kname, yani bo\u015f k\u00e2\u011f\u0131d\u0131 yazarak bo\u015fayabilir ve evlilik birka\u00e7 kelimeden ibaret bu bo\u015f k\u00e2\u011f\u0131d\u0131 ile son bulurdu&#8230; Kitab\u0131n ismi, \u0130sl\u00e2m f\u0131kh\u0131n\u0131n kocaya tan\u0131d\u0131\u011f\u0131 bo\u015fama hakk\u0131n\u0131 kullanan Mustafa Kemal Pa\u015fa\u2019n\u0131n e\u015fi L\u00e2tife Han\u0131m\u2019a 5 A\u011fustos 1925\u2019te g\u00f6nderdi\u011fi tal\u00e2knamedeki kendi ifadeleridir ve 2 sene 6 ay 8 g\u00fcn, yani sadece 920 g\u00fcn devam edebilen evlilikleri, bu tal\u00e2kname ile son bulmu\u015ftur\u2026Evliliklerinin seyri ve bo\u015fanmalar\u0131n\u0131n sebebi hakk\u0131nda doksan k\u00fcsur seneden buyana \u00e7ok \u015fey yaz\u0131l\u0131p s\u00f6ylendi, \u00e7e\u015fit \u00e7e\u015fit tahminlerde bulunuldu, ortaya t\u00fcrl\u00fc t\u00fcrl\u00fc iddialar at\u0131ld\u0131 ama bunlar\u0131n hemen tamam\u0131 kulaktan kula\u011fa f\u0131s\u0131ldanan ve do\u011fru olup olmad\u0131klar\u0131n\u0131n belirlenmesine imk\u00e2n bulunmayan s\u00f6ylentilerden, hatt\u00e2 taraflar\u0131n hem \u00f6zel hayatlar\u0131na, hem de ki\u015filiklerine tecav\u00fcz mahiyetindeki dedikodulardan ibaret kald\u0131.Bu kitap, Mustafa Kemal Pa\u015fa ile L\u00e2tife Han\u0131m\u2019\u0131n bo\u015fanmalar\u0131 hakk\u0131nda ba\u015fta Cumhurba\u015fkanl\u0131\u011f\u0131 Ar\u015fivi olmak \u00fczere di\u011fer resm\u00ee ar\u015fivlerde bulunan yay\u0131nlanmam\u0131\u015f belgelere dayan\u0131larak yap\u0131lm\u0131\u015f ilk yay\u0131nd\u0131r ve Pa\u015fa\u2019n\u0131n hayat\u0131n\u0131n \u015fimdiye kadar me\u00e7hul kalm\u0131\u015f bir d\u00f6nemi bu yay\u0131nla ayd\u0131nl\u0131\u011fa kavu\u015fmaktad\u0131r<\/p>\n","protected":false},"excerpt":{"rendered":"<p>\u201cTatl\u00eek etmek\u201d, \u201cbo\u015famak\u201d; \u201ctatl\u00eek ettim\u201d de \u201cbo\u015fad\u0131m\u201d demektir&#8230;T\u00fcrkiye\u2019de Meden\u00ee Kanunun bulunmad\u0131\u011f\u0131 devirlerde y\u00fcr\u00fcrl\u00fckte olan f\u0131k\u0131h temelli uygulamaya g\u00f6re, koca, kar\u0131s\u0131n\u0131 bir tal\u00e2kname, yani bo\u015f k\u00e2\u011f\u0131d\u0131 yazarak<span class=\"excerpt-hellip\"> [\u2026]<\/span><\/p>\n","protected":false},"featured_media":0,"template":"","meta":{"_monsterinsights_skip_tracking":false,"_monsterinsights_sitenote_active":false,"_monsterinsights_sitenote_note":"","_monsterinsights_sitenote_category":0},"product_brand":[],"product_cat":[12530,12304],"product_tag":[],"class_list":{"0":"post-729165","1":"product","2":"type-product","3":"status-publish","5":"product_cat-mustafa-kemal-ataturk","6":"product_cat-tarih","7":"pa_cilt-ciltsiz","8":"pa_tur-kitap","9":"pa_yayinevi-is-bankasi-kultur-yayinlari","10":"pa_yazar-murat-bardakci","12":"first","13":"instock","14":"sale","15":"shipping-taxable","16":"purchasable","17":"product-type-simple"},"_links":{"self":[{"href":"https:\/\/roveyayinevi.com.tr\/index.php\/wp-json\/wp\/v2\/product\/729165","targetHints":{"allow":["GET"]}}],"collection":[{"href":"https:\/\/roveyayinevi.com.tr\/index.php\/wp-json\/wp\/v2\/product"}],"about":[{"href":"https:\/\/roveyayinevi.com.tr\/index.php\/wp-json\/wp\/v2\/types\/product"}],"wp:attachment":[{"href":"https:\/\/roveyayinevi.com.tr\/index.php\/wp-json\/wp\/v2\/media?parent=729165"}],"wp:term":[{"taxonomy":"product_brand","embeddable":true,"href":"https:\/\/roveyayinevi.com.tr\/index.php\/wp-json\/wp\/v2\/product_brand?post=729165"},{"taxonomy":"product_cat","embeddable":true,"href":"https:\/\/roveyayinevi.com.tr\/index.php\/wp-json\/wp\/v2\/product_cat?post=729165"},{"taxonomy":"product_tag","embeddable":true,"href":"https:\/\/roveyayinevi.com.tr\/index.php\/wp-json\/wp\/v2\/product_tag?post=729165"}],"curies":[{"name":"wp","href":"https:\/\/api.w.org\/{rel}","templated":true}]}}