{"id":729163,"date":"2025-08-27T20:51:16","date_gmt":"2025-08-27T17:51:16","guid":{"rendered":"https:\/\/roveyayinevi.com.tr\/index.php\/urun\/bodhicaryavatara-aydinlanma-yoluna-giris\/"},"modified":"2026-04-16T02:37:02","modified_gmt":"2026-04-15T23:37:02","slug":"bodhicaryavatara-aydinlanma-yoluna-giris","status":"publish","type":"product","link":"https:\/\/roveyayinevi.com.tr\/index.php\/urun\/bodhicaryavatara-aydinlanma-yoluna-giris\/","title":{"rendered":"Bodhi\u00e7aryavatara &#8211; Ayd\u0131nlanma Yoluna Giri\u015f"},"content":{"rendered":"<p>\u015e\u0101ntideva (685-763): Saur\u0101shtra\u2019da, bug\u00fcnk\u00fc ad\u0131yla Gucarat\u2019ta Kral Kaly\u0101navarman\u2019\u0131n o\u011flu olarak do\u011fdu\u011fu rivayet edilir. Bihar eyaletindeki N\u0101landa Manast\u0131r\u0131\u2019nda Cayadeva\u2019dan dersler alm\u0131\u015f ve Buddhizmin Mah\u0101y\u0101na kolunu izlemi\u015ftir. \u201cB\u00fct\u00fcn \u00d6\u011fretilerin Kavranmas\u0131\u201d anlam\u0131na gelen \u015eiksh\u0101samu\u00e7\u00e7haya, \u201cB\u00fct\u00fcn S\u016btralar\u0131n Kavranmas\u0131\u201d anlam\u0131na gelen S\u016btrasamu\u00e7\u00e7haya ve \u201cAyd\u0131nlanma Yoluna Giri\u015f\u201d anlam\u0131na gelen Bodhi\u00e7ary\u0101vat\u0101ra\u2019y\u0131 yazan \u015e\u0101ntideva\u2019n\u0131n amac\u0131 bir bodhisattva olarak ayd\u0131nlanmaya kavu\u015fmak, bunun i\u00e7in \u00e7abalarken merhamet duydu\u011fu b\u00fct\u00fcn canl\u0131lar\u0131n da ayd\u0131nlanmas\u0131n\u0131 sa\u011flamakt\u0131r. Yazar Bodhi\u00e7ary\u0101vat\u0101ra\u2019da bu ama\u00e7 i\u00e7in di\u011fer iki eserinde oldu\u011fundan daha fazla \u00e7abalam\u0131\u015ft\u0131r. Bu eser bir\u00e7ok Buddhist s\u016btradan daha sonra yaz\u0131lm\u0131\u015f olsa da Buddhizme ait metinler aras\u0131nda en \u00f6nemlilerinden biridir.<\/p>\n","protected":false},"excerpt":{"rendered":"<p>\u015e\u0101ntideva (685-763): Saur\u0101shtra\u2019da, bug\u00fcnk\u00fc ad\u0131yla Gucarat\u2019ta Kral Kaly\u0101navarman\u2019\u0131n o\u011flu olarak do\u011fdu\u011fu rivayet edilir. Bihar eyaletindeki N\u0101landa Manast\u0131r\u0131\u2019nda Cayadeva\u2019dan dersler alm\u0131\u015f ve Buddhizmin Mah\u0101y\u0101na kolunu izlemi\u015ftir. \u201cB\u00fct\u00fcn<span class=\"excerpt-hellip\"> [\u2026]<\/span><\/p>\n","protected":false},"featured_media":0,"template":"","meta":{"_monsterinsights_skip_tracking":false,"_monsterinsights_sitenote_active":false,"_monsterinsights_sitenote_note":"","_monsterinsights_sitenote_category":0},"product_brand":[],"product_cat":[12291,13872],"product_tag":[],"class_list":{"0":"post-729163","1":"product","2":"type-product","3":"status-publish","5":"product_cat-edebiyat","6":"product_cat-klasikler","7":"pa_cilt-ciltsiz","8":"pa_tur-kitap","9":"pa_yayinevi-is-bankasi-kultur-yayinlari","10":"pa_yazar-santideva","12":"first","13":"instock","14":"sale","15":"shipping-taxable","16":"purchasable","17":"product-type-simple"},"_links":{"self":[{"href":"https:\/\/roveyayinevi.com.tr\/index.php\/wp-json\/wp\/v2\/product\/729163","targetHints":{"allow":["GET"]}}],"collection":[{"href":"https:\/\/roveyayinevi.com.tr\/index.php\/wp-json\/wp\/v2\/product"}],"about":[{"href":"https:\/\/roveyayinevi.com.tr\/index.php\/wp-json\/wp\/v2\/types\/product"}],"wp:attachment":[{"href":"https:\/\/roveyayinevi.com.tr\/index.php\/wp-json\/wp\/v2\/media?parent=729163"}],"wp:term":[{"taxonomy":"product_brand","embeddable":true,"href":"https:\/\/roveyayinevi.com.tr\/index.php\/wp-json\/wp\/v2\/product_brand?post=729163"},{"taxonomy":"product_cat","embeddable":true,"href":"https:\/\/roveyayinevi.com.tr\/index.php\/wp-json\/wp\/v2\/product_cat?post=729163"},{"taxonomy":"product_tag","embeddable":true,"href":"https:\/\/roveyayinevi.com.tr\/index.php\/wp-json\/wp\/v2\/product_tag?post=729163"}],"curies":[{"name":"wp","href":"https:\/\/api.w.org\/{rel}","templated":true}]}}